{"id":11113,"date":"2026-02-27T00:09:24","date_gmt":"2026-02-27T00:09:24","guid":{"rendered":"https:\/\/nordicmart.andreevmaster.com\/product\/songmics-bekvam-tradgardsstol-svart\/"},"modified":"2026-02-27T08:04:38","modified_gmt":"2026-02-27T08:04:38","slug":"songmics-bekvam-tradgardsstol-svart","status":"publish","type":"product","link":"https:\/\/nordicmart.andreevmaster.com\/sv\/produkt\/songmics-bekvam-tradgardsstol-svart\/","title":{"rendered":"SONGMICS Bekv\u00e4m tr\u00e4dg\u00e5rdsstol Svart"},"content":{"rendered":"<p>Letar du efter stolar som passar till ditt balkongbord? Vill du sola i din tr\u00e4dg\u00e5rd? Denna tr\u00e4dg\u00e5rdsstol fr\u00e5n SONGMICS kommer till din hj\u00e4lp! Ah! Vilken njutning! S\u00e4tt dig p\u00e5 denna tr\u00e4dg\u00e5rdsstol, luta dig tillbaka och koppla av i den friska luften. Sittytan av h\u00f6gkvalitativt syntetfibertyg \u00e4r andningsbar och k\u00e4nns behaglig, och det h\u00f6gkvalitativa aluminiumstativet garanterar l\u00e5ng livsl\u00e4ngd. Praktiska armst\u00f6d och justerbart ryggst\u00f6d \u2013 denna tr\u00e4dg\u00e5rdsstol erbjuder dig en perfekt plats att koppla av p\u00e5, njuta av kalla drycker p\u00e5 sommaren eller titta p\u00e5 en vacker solnedg\u00e5ng. St\u00e4ll denna f\u00e4llbara stol i din tr\u00e4dg\u00e5rd nu och g\u00f6r det bekv\u00e4mt f\u00f6r dig! Produktdetaljer:F\u00e4rg: Svart Material: Aluminiumstomme, syntetfibertyg Storlek: 56 x 70 x 106 cm (L x B x H) F\u00f6rpackningsstorlek: 87 x 57 x 14 cm Vikt: 3,3 kg Max. statisk belastningskapacitet: 150 kg Leveransomfattning: 1 x campingstol SONGMICS Anm\u00e4rkningar:Campingstolens maximala belastningskapacitet \u00e4r 150 kg. \u00d6verskrid inte denna maximala vikt. F\u00e4ll ut campingstolen helt innan anv\u00e4ndning. Skydda produkten fr\u00e5n regn; uts\u00e4tt inte campingstolen f\u00f6r starkt solljus under en l\u00e4ngre tid.<\/p>\n","protected":false},"excerpt":{"rendered":"<p>SONGMICS tr\u00e4dg\u00e5rdsstol, f\u00e4llbar stol, utomhusstol med robust aluminiumstomme, ryggst\u00f6d 8-stegs justerbart, belastningskapacitet upp till 150 kg, svart GCB02BK<\/p>\n","protected":false},"featured_media":39528,"comment_status":"open","ping_status":"closed","template":"","meta":[],"product_brand":[],"product_cat":[33],"product_tag":[],"class_list":{"0":"post-11113","1":"product","2":"type-product","3":"status-publish","4":"has-post-thumbnail","6":"product_cat-okategoriserad","8":"first","9":"instock","10":"shipping-taxable","11":"purchasable","12":"product-type-simple"},"_links":{"self":[{"href":"https:\/\/nordicmart.andreevmaster.com\/sv\/wp-json\/wp\/v2\/product\/11113","targetHints":{"allow":["GET"]}}],"collection":[{"href":"https:\/\/nordicmart.andreevmaster.com\/sv\/wp-json\/wp\/v2\/product"}],"about":[{"href":"https:\/\/nordicmart.andreevmaster.com\/sv\/wp-json\/wp\/v2\/types\/product"}],"replies":[{"embeddable":true,"href":"https:\/\/nordicmart.andreevmaster.com\/sv\/wp-json\/wp\/v2\/comments?post=11113"}],"wp:featuredmedia":[{"embeddable":true,"href":"https:\/\/nordicmart.andreevmaster.com\/sv\/wp-json\/wp\/v2\/media\/39528"}],"wp:attachment":[{"href":"https:\/\/nordicmart.andreevmaster.com\/sv\/wp-json\/wp\/v2\/media?parent=11113"}],"wp:term":[{"taxonomy":"product_brand","embeddable":true,"href":"https:\/\/nordicmart.andreevmaster.com\/sv\/wp-json\/wp\/v2\/product_brand?post=11113"},{"taxonomy":"product_cat","embeddable":true,"href":"https:\/\/nordicmart.andreevmaster.com\/sv\/wp-json\/wp\/v2\/product_cat?post=11113"},{"taxonomy":"product_tag","embeddable":true,"href":"https:\/\/nordicmart.andreevmaster.com\/sv\/wp-json\/wp\/v2\/product_tag?post=11113"}],"curies":[{"name":"wp","href":"https:\/\/api.w.org\/{rel}","templated":true}]}}