{"id":11111,"date":"2026-02-27T00:09:24","date_gmt":"2026-02-27T00:09:24","guid":{"rendered":"https:\/\/nordicmart.andreevmaster.com\/product\/songmics-campingstol-2-pack-med-justerbara-armstod-skiffergra\/"},"modified":"2026-02-27T08:04:38","modified_gmt":"2026-02-27T08:04:38","slug":"songmics-campingstol-2-pack-med-justerbara-armstod-skiffergra","status":"publish","type":"product","link":"https:\/\/nordicmart.andreevmaster.com\/sv\/produkt\/songmics-campingstol-2-pack-med-justerbara-armstod-skiffergra\/","title":{"rendered":"SONGMICS Campingstol 2-pack med justerbara armst\u00f6d, skiffergr\u00e5"},"content":{"rendered":"<p>SONGMICS Campingstol 2-pack, f\u00e4llbar stol f\u00f6r utomhusbruk, fiskestol, h\u00f6g ryggst\u00f6d, justerbara armst\u00f6d, dryckesh\u00e5llare, hopf\u00e4llbar, belastningskapacitet upp till 150 kg, camping, tr\u00e4dg\u00e5rd<br \/>\nF\u00e4rg: skiffergr\u00e5<br \/>\nMaterial: metall, oxfordtyg, nylon<br \/>\nStorlek per stol: 51,5 x 86,5 x 97 cm (D x B x H)<br \/>\nStorlek p\u00e5 sittytan: 52 x 52 cm (D x B)<br \/>\nRyggst\u00f6dets h\u00f6jd: 54 cm<br \/>\nVikt per stol: 2,5 kg<br \/>\nMax. statisk belastningskapacitet per stol: 150 kg<\/p>\n","protected":false},"excerpt":{"rendered":"<p>SONGMICS Campingstol 2-pack, f\u00e4llbar stol f\u00f6r utomhusbruk, fiskestol, h\u00f6g ryggst\u00f6d, justerbara armst\u00f6d, dryckesh\u00e5llare, hopf\u00e4llbar, belastningskapacitet upp till 150 kg, camping, tr\u00e4dg\u00e5rd<\/p>\n","protected":false},"featured_media":39526,"comment_status":"open","ping_status":"closed","template":"","meta":[],"product_brand":[],"product_cat":[33],"product_tag":[],"class_list":{"0":"post-11111","1":"product","2":"type-product","3":"status-publish","4":"has-post-thumbnail","6":"product_cat-okategoriserad","8":"first","9":"instock","10":"shipping-taxable","11":"purchasable","12":"product-type-simple"},"_links":{"self":[{"href":"https:\/\/nordicmart.andreevmaster.com\/sv\/wp-json\/wp\/v2\/product\/11111","targetHints":{"allow":["GET"]}}],"collection":[{"href":"https:\/\/nordicmart.andreevmaster.com\/sv\/wp-json\/wp\/v2\/product"}],"about":[{"href":"https:\/\/nordicmart.andreevmaster.com\/sv\/wp-json\/wp\/v2\/types\/product"}],"replies":[{"embeddable":true,"href":"https:\/\/nordicmart.andreevmaster.com\/sv\/wp-json\/wp\/v2\/comments?post=11111"}],"wp:featuredmedia":[{"embeddable":true,"href":"https:\/\/nordicmart.andreevmaster.com\/sv\/wp-json\/wp\/v2\/media\/39526"}],"wp:attachment":[{"href":"https:\/\/nordicmart.andreevmaster.com\/sv\/wp-json\/wp\/v2\/media?parent=11111"}],"wp:term":[{"taxonomy":"product_brand","embeddable":true,"href":"https:\/\/nordicmart.andreevmaster.com\/sv\/wp-json\/wp\/v2\/product_brand?post=11111"},{"taxonomy":"product_cat","embeddable":true,"href":"https:\/\/nordicmart.andreevmaster.com\/sv\/wp-json\/wp\/v2\/product_cat?post=11111"},{"taxonomy":"product_tag","embeddable":true,"href":"https:\/\/nordicmart.andreevmaster.com\/sv\/wp-json\/wp\/v2\/product_tag?post=11111"}],"curies":[{"name":"wp","href":"https:\/\/api.w.org\/{rel}","templated":true}]}}