{"id":11109,"date":"2026-02-27T00:09:23","date_gmt":"2026-02-27T00:09:23","guid":{"rendered":"https:\/\/nordicmart.andreevmaster.com\/product\/songmics-solstol-71-x-200-x-38-cm-bla\/"},"modified":"2026-02-27T08:04:38","modified_gmt":"2026-02-27T08:04:38","slug":"songmics-solstol-71-x-200-x-38-cm-bla","status":"publish","type":"product","link":"https:\/\/nordicmart.andreevmaster.com\/sv\/produkt\/songmics-solstol-71-x-200-x-38-cm-bla\/","title":{"rendered":"SONGMICS solstol 71 x 200 x 38 cm bl\u00e5"},"content":{"rendered":"<p>SONGMICS solstol, vilstol, tr\u00e4dg\u00e5rdsstol, extra stor, 71 x 200 x 38 cm, belastningskapacitet upp till 150 kg, med nackst\u00f6d och solskydd, justerbart ryggst\u00f6d, hopf\u00e4llbar, tr\u00e4dg\u00e5rd, taupe GCB022K01<br \/>\nF\u00e4rg: Bl\u00e5<br \/>\nMaterial: St\u00e5l, syntetfiberv\u00e4v<br \/>\nStorlek: 71 x 200 x 38 cm (D x B x H)<br \/>\nStorlek hopf\u00e4lld: 71 x 22 x 77 cm (D x B x H)<br \/>\nVikt: 9 kg<br \/>\nMax. statisk belastningskapacitet: 150 kg<\/p>\n","protected":false},"excerpt":{"rendered":"<p>SONGMICS solstol, vilstol, tr\u00e4dg\u00e5rdsstol, extra stor, 71 x 200 x 38 cm, belastningskapacitet upp till 150 kg, med nackst\u00f6d och solskydd, justerbart ryggst\u00f6d, hopf\u00e4llbar, tr\u00e4dg\u00e5rd, taupe GCB022K01<\/p>\n","protected":false},"featured_media":39524,"comment_status":"open","ping_status":"closed","template":"","meta":[],"product_brand":[],"product_cat":[33],"product_tag":[],"class_list":{"0":"post-11109","1":"product","2":"type-product","3":"status-publish","4":"has-post-thumbnail","6":"product_cat-okategoriserad","8":"first","9":"instock","10":"shipping-taxable","11":"purchasable","12":"product-type-simple"},"_links":{"self":[{"href":"https:\/\/nordicmart.andreevmaster.com\/sv\/wp-json\/wp\/v2\/product\/11109","targetHints":{"allow":["GET"]}}],"collection":[{"href":"https:\/\/nordicmart.andreevmaster.com\/sv\/wp-json\/wp\/v2\/product"}],"about":[{"href":"https:\/\/nordicmart.andreevmaster.com\/sv\/wp-json\/wp\/v2\/types\/product"}],"replies":[{"embeddable":true,"href":"https:\/\/nordicmart.andreevmaster.com\/sv\/wp-json\/wp\/v2\/comments?post=11109"}],"wp:featuredmedia":[{"embeddable":true,"href":"https:\/\/nordicmart.andreevmaster.com\/sv\/wp-json\/wp\/v2\/media\/39524"}],"wp:attachment":[{"href":"https:\/\/nordicmart.andreevmaster.com\/sv\/wp-json\/wp\/v2\/media?parent=11109"}],"wp:term":[{"taxonomy":"product_brand","embeddable":true,"href":"https:\/\/nordicmart.andreevmaster.com\/sv\/wp-json\/wp\/v2\/product_brand?post=11109"},{"taxonomy":"product_cat","embeddable":true,"href":"https:\/\/nordicmart.andreevmaster.com\/sv\/wp-json\/wp\/v2\/product_cat?post=11109"},{"taxonomy":"product_tag","embeddable":true,"href":"https:\/\/nordicmart.andreevmaster.com\/sv\/wp-json\/wp\/v2\/product_tag?post=11109"}],"curies":[{"name":"wp","href":"https:\/\/api.w.org\/{rel}","templated":true}]}}