{"id":11106,"date":"2026-02-27T00:09:23","date_gmt":"2026-02-27T00:09:23","guid":{"rendered":"https:\/\/nordicmart.andreevmaster.com\/product\/songmics-campingstol-2-pack-hopfallbar\/"},"modified":"2026-02-27T08:04:37","modified_gmt":"2026-02-27T08:04:37","slug":"songmics-campingstol-2-pack-hopfallbar","status":"publish","type":"product","link":"https:\/\/nordicmart.andreevmaster.com\/sv\/produkt\/songmics-campingstol-2-pack-hopfallbar\/","title":{"rendered":"SONGMICS Campingstol 2-pack hopf\u00e4llbar"},"content":{"rendered":"<p>Produktdetaljer: F\u00e4rg: R\u00f6d Material: J\u00e4rnstativ, 600D Oxford-tyg Total storlek: 84 x 52 x 81 cm (L x B x H) F\u00f6rpackningsstorlek: 86 x 25 x 14 cm Vikt per stol: 2,5 kg Max. statisk belastningskapacitet per stol: 120 kgLeveransomfattning:2 x campingstol2 x transportv\u00e4skaSONGMICS Anvisningar:Den maximala belastningskapaciteten per campingstol \u00e4r 120 kg. \u00d6verskrid inte denna maximala vikt.F\u00e4ll ut campingstolen helt innan anv\u00e4ndning.Skydda produkten fr\u00e5n regn; uts\u00e4tt inte campingstolen f\u00f6r starkt solljus under en l\u00e4ngre tid.<\/p>\n","protected":false},"excerpt":{"rendered":"<p>SONGMICS campingstolar, 2-pack, hopf\u00e4llbara stolar, utomhusstolar med armst\u00f6d och dryckesh\u00e5llare, stabilt stativ, belastningskapacitet upp till 120 kg, svart GCB01BK<\/p>\n","protected":false},"featured_media":39521,"comment_status":"open","ping_status":"closed","template":"","meta":[],"product_brand":[],"product_cat":[33],"product_tag":[],"class_list":{"0":"post-11106","1":"product","2":"type-product","3":"status-publish","4":"has-post-thumbnail","6":"product_cat-okategoriserad","8":"first","9":"instock","10":"shipping-taxable","11":"purchasable","12":"product-type-simple"},"_links":{"self":[{"href":"https:\/\/nordicmart.andreevmaster.com\/sv\/wp-json\/wp\/v2\/product\/11106","targetHints":{"allow":["GET"]}}],"collection":[{"href":"https:\/\/nordicmart.andreevmaster.com\/sv\/wp-json\/wp\/v2\/product"}],"about":[{"href":"https:\/\/nordicmart.andreevmaster.com\/sv\/wp-json\/wp\/v2\/types\/product"}],"replies":[{"embeddable":true,"href":"https:\/\/nordicmart.andreevmaster.com\/sv\/wp-json\/wp\/v2\/comments?post=11106"}],"wp:featuredmedia":[{"embeddable":true,"href":"https:\/\/nordicmart.andreevmaster.com\/sv\/wp-json\/wp\/v2\/media\/39521"}],"wp:attachment":[{"href":"https:\/\/nordicmart.andreevmaster.com\/sv\/wp-json\/wp\/v2\/media?parent=11106"}],"wp:term":[{"taxonomy":"product_brand","embeddable":true,"href":"https:\/\/nordicmart.andreevmaster.com\/sv\/wp-json\/wp\/v2\/product_brand?post=11106"},{"taxonomy":"product_cat","embeddable":true,"href":"https:\/\/nordicmart.andreevmaster.com\/sv\/wp-json\/wp\/v2\/product_cat?post=11106"},{"taxonomy":"product_tag","embeddable":true,"href":"https:\/\/nordicmart.andreevmaster.com\/sv\/wp-json\/wp\/v2\/product_tag?post=11106"}],"curies":[{"name":"wp","href":"https:\/\/api.w.org\/{rel}","templated":true}]}}