{"id":11102,"date":"2026-02-27T00:09:22","date_gmt":"2026-02-27T00:09:22","guid":{"rendered":"https:\/\/nordicmart.andreevmaster.com\/product\/songmics-fallbar-stol-2-pack-med-bekvam-talig-konstruktion-skymningsbla\/"},"modified":"2026-02-27T08:04:36","modified_gmt":"2026-02-27T08:04:36","slug":"songmics-fallbar-stol-2-pack-med-bekvam-talig-konstruktion-skymningsbla","status":"publish","type":"product","link":"https:\/\/nordicmart.andreevmaster.com\/sv\/produkt\/songmics-fallbar-stol-2-pack-med-bekvam-talig-konstruktion-skymningsbla\/","title":{"rendered":"SONGMICS F\u00e4llbar stol, 2-pack med bekv\u00e4m, t\u00e5lig konstruktion, skymningsbl\u00e5"},"content":{"rendered":"<p>SONGMICS 2-pack f\u00e4llbara campingstolar F\u00e4llbara stolar Bekv\u00e4m konstruktion f\u00f6r tung belastning Max. b\u00e4rkraft 150 kg med dryckesh\u00e5llare Utomhusstol<br \/>\nF\u00e4rg: skymningsbl\u00e5<br \/>\nMaterial: st\u00e5l, Oxford-tyg<br \/>\nStorlek per stol: 54 x 86 x 97 cm (D x B x H)<br \/>\nStorlek per stol i hopf\u00e4llt l\u00e4ge: 13 x 90 x 13 cm (D x B x H)<br \/>\nSitsens storlek: 42 x 42 cm (D x B)<br \/>\nRyggst\u00f6dets h\u00f6jd: 54 cm<br \/>\nAvst\u00e5nd mellan sits och golv: 43 cm<br \/>\nVikt per stol: 2,6 kg<br \/>\nMax. statisk belastningskapacitet per stol: 150 kg<\/p>\n","protected":false},"excerpt":{"rendered":"<p>SONGMICS 2-pack f\u00e4llbara campingstolar F\u00e4llbara stolar Bekv\u00e4m konstruktion f\u00f6r tung belastning Max. b\u00e4rkraft 150 kg med dryckesh\u00e5llare Utomhusstol<\/p>\n","protected":false},"featured_media":39517,"comment_status":"open","ping_status":"closed","template":"","meta":[],"product_brand":[],"product_cat":[33],"product_tag":[],"class_list":{"0":"post-11102","1":"product","2":"type-product","3":"status-publish","4":"has-post-thumbnail","6":"product_cat-okategoriserad","8":"first","9":"instock","10":"shipping-taxable","11":"purchasable","12":"product-type-simple"},"_links":{"self":[{"href":"https:\/\/nordicmart.andreevmaster.com\/sv\/wp-json\/wp\/v2\/product\/11102","targetHints":{"allow":["GET"]}}],"collection":[{"href":"https:\/\/nordicmart.andreevmaster.com\/sv\/wp-json\/wp\/v2\/product"}],"about":[{"href":"https:\/\/nordicmart.andreevmaster.com\/sv\/wp-json\/wp\/v2\/types\/product"}],"replies":[{"embeddable":true,"href":"https:\/\/nordicmart.andreevmaster.com\/sv\/wp-json\/wp\/v2\/comments?post=11102"}],"wp:featuredmedia":[{"embeddable":true,"href":"https:\/\/nordicmart.andreevmaster.com\/sv\/wp-json\/wp\/v2\/media\/39517"}],"wp:attachment":[{"href":"https:\/\/nordicmart.andreevmaster.com\/sv\/wp-json\/wp\/v2\/media?parent=11102"}],"wp:term":[{"taxonomy":"product_brand","embeddable":true,"href":"https:\/\/nordicmart.andreevmaster.com\/sv\/wp-json\/wp\/v2\/product_brand?post=11102"},{"taxonomy":"product_cat","embeddable":true,"href":"https:\/\/nordicmart.andreevmaster.com\/sv\/wp-json\/wp\/v2\/product_cat?post=11102"},{"taxonomy":"product_tag","embeddable":true,"href":"https:\/\/nordicmart.andreevmaster.com\/sv\/wp-json\/wp\/v2\/product_tag?post=11102"}],"curies":[{"name":"wp","href":"https:\/\/api.w.org\/{rel}","templated":true}]}}