{"id":11099,"date":"2026-02-27T00:09:21","date_gmt":"2026-02-27T00:09:21","guid":{"rendered":"https:\/\/nordicmart.andreevmaster.com\/product\/songmics-campingstol-med-vadderad-sits-gron-svart\/"},"modified":"2026-02-27T08:04:36","modified_gmt":"2026-02-27T08:04:36","slug":"songmics-campingstol-med-vadderad-sits-gron-svart","status":"publish","type":"product","link":"https:\/\/nordicmart.andreevmaster.com\/sv\/produkt\/songmics-campingstol-med-vadderad-sits-gron-svart\/","title":{"rendered":"SONGMICS Campingstol med vadderad sits, gr\u00f6n-svart"},"content":{"rendered":"<p>SONGMICS campingstol, hopf\u00e4llbar, f\u00e4llbar stol, bekv\u00e4m sits med skumplastkl\u00e4dsel, med flaskh\u00e5llare, h\u00f6g belastningskapacitet, max. belastningskapacitet 250 kg, utomhusstol<br \/>\nF\u00e4rg: Gr\u00f6n-svart<br \/>\nMaterial: 600D Oxford-tyg, skumplast, pulverlackerat st\u00e5l, b\u00e4rv\u00e4ska i nylon<br \/>\nStorlek: 55 x 90 x 102 cm (D x B x H)<br \/>\nVikt: 4,5 kg<br \/>\nMax. statisk belastningskapacitet: 250 kg<\/p>\n","protected":false},"excerpt":{"rendered":"<p>SONGMICS campingstol, hopf\u00e4llbar, f\u00e4llbar stol, bekv\u00e4m sits med skumplastkl\u00e4dsel, med flaskh\u00e5llare, h\u00f6g belastningskapacitet, max. belastningskapacitet 250 kg, utomhusstol<\/p>\n","protected":false},"featured_media":39514,"comment_status":"open","ping_status":"closed","template":"","meta":[],"product_brand":[],"product_cat":[33],"product_tag":[],"class_list":{"0":"post-11099","1":"product","2":"type-product","3":"status-publish","4":"has-post-thumbnail","6":"product_cat-okategoriserad","8":"first","9":"instock","10":"shipping-taxable","11":"purchasable","12":"product-type-simple"},"_links":{"self":[{"href":"https:\/\/nordicmart.andreevmaster.com\/sv\/wp-json\/wp\/v2\/product\/11099","targetHints":{"allow":["GET"]}}],"collection":[{"href":"https:\/\/nordicmart.andreevmaster.com\/sv\/wp-json\/wp\/v2\/product"}],"about":[{"href":"https:\/\/nordicmart.andreevmaster.com\/sv\/wp-json\/wp\/v2\/types\/product"}],"replies":[{"embeddable":true,"href":"https:\/\/nordicmart.andreevmaster.com\/sv\/wp-json\/wp\/v2\/comments?post=11099"}],"wp:featuredmedia":[{"embeddable":true,"href":"https:\/\/nordicmart.andreevmaster.com\/sv\/wp-json\/wp\/v2\/media\/39514"}],"wp:attachment":[{"href":"https:\/\/nordicmart.andreevmaster.com\/sv\/wp-json\/wp\/v2\/media?parent=11099"}],"wp:term":[{"taxonomy":"product_brand","embeddable":true,"href":"https:\/\/nordicmart.andreevmaster.com\/sv\/wp-json\/wp\/v2\/product_brand?post=11099"},{"taxonomy":"product_cat","embeddable":true,"href":"https:\/\/nordicmart.andreevmaster.com\/sv\/wp-json\/wp\/v2\/product_cat?post=11099"},{"taxonomy":"product_tag","embeddable":true,"href":"https:\/\/nordicmart.andreevmaster.com\/sv\/wp-json\/wp\/v2\/product_tag?post=11099"}],"curies":[{"name":"wp","href":"https:\/\/api.w.org\/{rel}","templated":true}]}}