{"id":11098,"date":"2026-02-27T00:09:21","date_gmt":"2026-02-27T00:09:21","guid":{"rendered":"https:\/\/nordicmart.andreevmaster.com\/product\/songmics-campingstol-2-pack-med-armstod-barbar\/"},"modified":"2026-02-27T08:04:36","modified_gmt":"2026-02-27T08:04:36","slug":"songmics-campingstol-2-pack-med-armstod-barbar","status":"publish","type":"product","link":"https:\/\/nordicmart.andreevmaster.com\/sv\/produkt\/songmics-campingstol-2-pack-med-armstod-barbar\/","title":{"rendered":"SONGMICS Campingstol 2-pack med armst\u00f6d, b\u00e4rbar"},"content":{"rendered":"<p>SONGMICS campingstolar, 2-pack, f\u00e4llbara stolar, utomhusstolar med armst\u00f6d och dryckesh\u00e5llare, stabil ram, belastningskapacitet upp till 120 kg, gr\u00f6na GCB001C01<br \/>\nF\u00e4rg: Gr\u00e5<br \/>\nMaterial: st\u00e5l, Oxford-tyg<br \/>\nStorlek per stol: 52 x 84 x 81 cm (D x B x H)<br \/>\nStorlek per stol i hopf\u00e4llt l\u00e4ge: 14 x 86 x 14 cm (D x B x H)<br \/>\nSitsens storlek: 42 x 40 cm (D x B)<br \/>\nRyggst\u00f6dets h\u00f6jd: 48 cm<br \/>\nAvst\u00e5nd mellan sits och golv: 43 cm<br \/>\nVikt per stol: 2,3 kg<br \/>\nMax. statisk belastningskapacitet per stol: 120 kg<\/p>\n","protected":false},"excerpt":{"rendered":"<p>SONGMICS campingstolar, 2-pack, f\u00e4llbara stolar, utomhusstolar med armst\u00f6d och dryckesh\u00e5llare, stabil ram, belastningskapacitet upp till 120 kg, gr\u00f6na GCB001C01<\/p>\n","protected":false},"featured_media":39513,"comment_status":"open","ping_status":"closed","template":"","meta":[],"product_brand":[],"product_cat":[33],"product_tag":[],"class_list":{"0":"post-11098","1":"product","2":"type-product","3":"status-publish","4":"has-post-thumbnail","6":"product_cat-okategoriserad","8":"first","9":"instock","10":"shipping-taxable","11":"purchasable","12":"product-type-simple"},"_links":{"self":[{"href":"https:\/\/nordicmart.andreevmaster.com\/sv\/wp-json\/wp\/v2\/product\/11098","targetHints":{"allow":["GET"]}}],"collection":[{"href":"https:\/\/nordicmart.andreevmaster.com\/sv\/wp-json\/wp\/v2\/product"}],"about":[{"href":"https:\/\/nordicmart.andreevmaster.com\/sv\/wp-json\/wp\/v2\/types\/product"}],"replies":[{"embeddable":true,"href":"https:\/\/nordicmart.andreevmaster.com\/sv\/wp-json\/wp\/v2\/comments?post=11098"}],"wp:featuredmedia":[{"embeddable":true,"href":"https:\/\/nordicmart.andreevmaster.com\/sv\/wp-json\/wp\/v2\/media\/39513"}],"wp:attachment":[{"href":"https:\/\/nordicmart.andreevmaster.com\/sv\/wp-json\/wp\/v2\/media?parent=11098"}],"wp:term":[{"taxonomy":"product_brand","embeddable":true,"href":"https:\/\/nordicmart.andreevmaster.com\/sv\/wp-json\/wp\/v2\/product_brand?post=11098"},{"taxonomy":"product_cat","embeddable":true,"href":"https:\/\/nordicmart.andreevmaster.com\/sv\/wp-json\/wp\/v2\/product_cat?post=11098"},{"taxonomy":"product_tag","embeddable":true,"href":"https:\/\/nordicmart.andreevmaster.com\/sv\/wp-json\/wp\/v2\/product_tag?post=11098"}],"curies":[{"name":"wp","href":"https:\/\/api.w.org\/{rel}","templated":true}]}}