{"id":11097,"date":"2026-02-27T00:09:21","date_gmt":"2026-02-27T00:09:21","guid":{"rendered":"https:\/\/nordicmart.andreevmaster.com\/product\/songmics-campingstolar-2-pack-belastningskapacitet-upp-till-120-kg\/"},"modified":"2026-02-27T08:04:36","modified_gmt":"2026-02-27T08:04:36","slug":"songmics-campingstolar-2-pack-belastningskapacitet-upp-till-120-kg","status":"publish","type":"product","link":"https:\/\/nordicmart.andreevmaster.com\/sv\/produkt\/songmics-campingstolar-2-pack-belastningskapacitet-upp-till-120-kg\/","title":{"rendered":"SONGMICS campingstolar, 2-pack, belastningskapacitet upp till 120 kg"},"content":{"rendered":"<p>Fly fr\u00e5n det stressiga arbetslivet och dyka in i naturen. F\u00f6r att erbjuda dig komfort \u00e4ven utomhus har SONGMICS utvecklat en serie campingstolar. S\u00e4tt dig p\u00e5 en campingstol och koppla av kropp och sj\u00e4l. Komfort i handbagaget Efter en l\u00e5ng dag full av aktiviteter vill du och din \u00e4lskade s\u00e4kert bara s\u00e4tta er p\u00e5 dessa utomhusstolar, som har en dryckesh\u00e5llare och praktiska armst\u00f6d, och koppla av. Planerar du en resa och destinationen ligger l\u00e5ngt fr\u00e5n campingen? Dessa stolar v\u00e4ger bara 2,5 kg vardera. F\u00e4ll bara ihop dem och ta med dem! Vart du vill Denna f\u00e4llbara stolsats \u00e4r sv\u00e5r att \u00f6vertr\u00e4ffa n\u00e4r det g\u00e4ller m\u00e5ngsidighet. Den \u00e4r perfekt f\u00f6r campingutflykter. Men om du \u00e4r en passionerad fiskare kan du ocks\u00e5 ta med den till floden eller havet. Dessutom \u00e4r dessa f\u00e4llbara stolar perfekta om du vill ha en picknick i parken med familjen.Produktdetaljer: F\u00e4rg: Gr\u00f6n Material: Metallstomme, 600D Oxford-tyg Total storlek: 84 x 52 x 81 cm (L x B x H) F\u00f6rpackningsstorlek: 86 x 25 x 14 cm Vikt per stol: 2,5 kg Max. statisk belastningskapacitet per stol: 120 kgLeveransomfattning:2 x campingstol2 x transportv\u00e4skaSONGMICS Anm\u00e4rkningar:Den maximala belastningskapaciteten per campingstol \u00e4r 120 kg. \u00d6verskrid inte denna maximala vikt.F\u00e4ll ut campingstolen helt innan anv\u00e4ndning.Skydda produkten fr\u00e5n regn; uts\u00e4tt inte campingstolen f\u00f6r starkt solljus under en l\u00e4ngre tid.<\/p>\n","protected":false},"excerpt":{"rendered":"<p>SONGMICS campingstolar, 2-pack, f\u00e4llbara stolar, utomhusstolar med armst\u00f6d och dryckesh\u00e5llare, stabil ram, belastningskapacitet upp till 120 kg, gr\u00f6na GCB001C01<\/p>\n","protected":false},"featured_media":39512,"comment_status":"open","ping_status":"closed","template":"","meta":[],"product_brand":[],"product_cat":[33],"product_tag":[],"class_list":{"0":"post-11097","1":"product","2":"type-product","3":"status-publish","4":"has-post-thumbnail","6":"product_cat-okategoriserad","8":"first","9":"instock","10":"shipping-taxable","11":"purchasable","12":"product-type-simple"},"_links":{"self":[{"href":"https:\/\/nordicmart.andreevmaster.com\/sv\/wp-json\/wp\/v2\/product\/11097","targetHints":{"allow":["GET"]}}],"collection":[{"href":"https:\/\/nordicmart.andreevmaster.com\/sv\/wp-json\/wp\/v2\/product"}],"about":[{"href":"https:\/\/nordicmart.andreevmaster.com\/sv\/wp-json\/wp\/v2\/types\/product"}],"replies":[{"embeddable":true,"href":"https:\/\/nordicmart.andreevmaster.com\/sv\/wp-json\/wp\/v2\/comments?post=11097"}],"wp:featuredmedia":[{"embeddable":true,"href":"https:\/\/nordicmart.andreevmaster.com\/sv\/wp-json\/wp\/v2\/media\/39512"}],"wp:attachment":[{"href":"https:\/\/nordicmart.andreevmaster.com\/sv\/wp-json\/wp\/v2\/media?parent=11097"}],"wp:term":[{"taxonomy":"product_brand","embeddable":true,"href":"https:\/\/nordicmart.andreevmaster.com\/sv\/wp-json\/wp\/v2\/product_brand?post=11097"},{"taxonomy":"product_cat","embeddable":true,"href":"https:\/\/nordicmart.andreevmaster.com\/sv\/wp-json\/wp\/v2\/product_cat?post=11097"},{"taxonomy":"product_tag","embeddable":true,"href":"https:\/\/nordicmart.andreevmaster.com\/sv\/wp-json\/wp\/v2\/product_tag?post=11097"}],"curies":[{"name":"wp","href":"https:\/\/api.w.org\/{rel}","templated":true}]}}