{"id":11096,"date":"2026-02-27T00:09:21","date_gmt":"2026-02-27T00:09:21","guid":{"rendered":"https:\/\/nordicmart.andreevmaster.com\/product\/songmics-grillvagn-svart\/"},"modified":"2026-02-27T08:04:35","modified_gmt":"2026-02-27T08:04:35","slug":"songmics-grillvagn-svart","status":"publish","type":"product","link":"https:\/\/nordicmart.andreevmaster.com\/sv\/produkt\/songmics-grillvagn-svart\/","title":{"rendered":"SONGMICS grillvagn svart"},"content":{"rendered":"<p>Solen skiner, alla dina v\u00e4nner \u00e4r samlade i din tr\u00e4dg\u00e5rd, n\u00e5gon spelar gitarr, alla skrattar glatt. Nu saknas bara denna grillvagn fr\u00e5n SONGMICS, som hj\u00e4lper dig att trolla fram l\u00e4ckra grillr\u00e4tter och g\u00f6ra lyckan fullkomlig. F\u00f6rdelar med denna genialt utformade grill:   &#8211; Kvalitetsgrillgaller av f\u00f6rkromat metall &#8211; Kolbeh\u00e5llare med lucka f\u00f6r s\u00e4ker p\u00e5fyllning av kol &#8211; Justerbar gl\u00f6dsk\u00e5l f\u00f6r optimal grilltemperatur (anv\u00e4nd handskar) &#8211; Extra f\u00f6rvaringsgaller inuti grillen f\u00f6r att h\u00e5lla maten varm &#8211; Luft\u00f6ppningar p\u00e5 sidorna f\u00f6r en j\u00e4mn luftcirkulation &#8211; Termometer och skorstensr\u00f6r p\u00e5 locket &#8211; L\u00e5da f\u00f6r aska och matrester som droppar ner &#8211; 2 hyllor; en p\u00e5 sidan, en undertill &#8211; Med flask\u00f6ppnare &#8211; Handtag och hjul f\u00f6r att flytta grillen utan att beh\u00f6va lyfta den Produktdetaljer:- F\u00e4rg: Svart- Material: Sprutlackerat j\u00e4rn, grillgaller av f\u00f6rkromat metall- Totalstorlek: 118 x 35 x 80 cm (L x B x H)- Storlek grillgaller: 42 x 31 cm \u2013 Vikt: 15 kg \u2013 Max. statisk belastningskapacitet: 10 kg Leveransomfattning: \u2013 1 x grill \u2013 1 x tillbeh\u00f6rspaket \u2013 1 x bruksanvisning (DE, EN, IT, FR, ES) SONGMICS Anvisningar: \u2013 Anv\u00e4nd inte produkten inomhus.- L\u00e5t inte barn och husdjur komma i n\u00e4rheten av produkten under grillning. &#8211; R\u00f6r inte produkten direkt med h\u00e4nderna under anv\u00e4ndning, utan anv\u00e4nd grillhandskar. &#8211; Se till att gl\u00f6den har svalnat helt efter anv\u00e4ndning av grillen. &#8211; H\u00e4ll aldrig alkohol p\u00e5 elden. &#8211; Anv\u00e4nd inte grillen i n\u00e4rheten av brandfarliga eller explosiva \u00e4mnen.<\/p>\n","protected":false},"excerpt":{"rendered":"<p>SONGMICS Grillvagn, kolgrill, tr\u00e4dg\u00e5rdsgrill, grill, h\u00f6jdjusterbar kolbeh\u00e5llare med lucka, med handtag och hjul, svart GBQ42BK<\/p>\n","protected":false},"featured_media":39511,"comment_status":"open","ping_status":"closed","template":"","meta":[],"product_brand":[],"product_cat":[33],"product_tag":[],"class_list":{"0":"post-11096","1":"product","2":"type-product","3":"status-publish","4":"has-post-thumbnail","6":"product_cat-okategoriserad","8":"first","9":"instock","10":"shipping-taxable","11":"purchasable","12":"product-type-simple"},"_links":{"self":[{"href":"https:\/\/nordicmart.andreevmaster.com\/sv\/wp-json\/wp\/v2\/product\/11096","targetHints":{"allow":["GET"]}}],"collection":[{"href":"https:\/\/nordicmart.andreevmaster.com\/sv\/wp-json\/wp\/v2\/product"}],"about":[{"href":"https:\/\/nordicmart.andreevmaster.com\/sv\/wp-json\/wp\/v2\/types\/product"}],"replies":[{"embeddable":true,"href":"https:\/\/nordicmart.andreevmaster.com\/sv\/wp-json\/wp\/v2\/comments?post=11096"}],"wp:featuredmedia":[{"embeddable":true,"href":"https:\/\/nordicmart.andreevmaster.com\/sv\/wp-json\/wp\/v2\/media\/39511"}],"wp:attachment":[{"href":"https:\/\/nordicmart.andreevmaster.com\/sv\/wp-json\/wp\/v2\/media?parent=11096"}],"wp:term":[{"taxonomy":"product_brand","embeddable":true,"href":"https:\/\/nordicmart.andreevmaster.com\/sv\/wp-json\/wp\/v2\/product_brand?post=11096"},{"taxonomy":"product_cat","embeddable":true,"href":"https:\/\/nordicmart.andreevmaster.com\/sv\/wp-json\/wp\/v2\/product_cat?post=11096"},{"taxonomy":"product_tag","embeddable":true,"href":"https:\/\/nordicmart.andreevmaster.com\/sv\/wp-json\/wp\/v2\/product_tag?post=11096"}],"curies":[{"name":"wp","href":"https:\/\/api.w.org\/{rel}","templated":true}]}}