{"id":11095,"date":"2026-02-27T00:09:20","date_gmt":"2026-02-27T00:09:20","guid":{"rendered":"https:\/\/nordicmart.andreevmaster.com\/product\/songmics-kulgrill-med-lock-och-termometer\/"},"modified":"2026-02-27T08:04:35","modified_gmt":"2026-02-27T08:04:35","slug":"songmics-kulgrill-med-lock-och-termometer","status":"publish","type":"product","link":"https:\/\/nordicmart.andreevmaster.com\/sv\/produkt\/songmics-kulgrill-med-lock-och-termometer\/","title":{"rendered":"SONGMICS kulgrill med lock och termometer"},"content":{"rendered":"<p>Perfekt grill f\u00f6r familjefester och tr\u00e4dg\u00e5rdsfester F\u00e4llbar grillrist och askbeh\u00e5llare f\u00f6r \u00f6kad komfort Grillristen kan f\u00e4llas in p\u00e5 sidorna, s\u00e5 att kolet enkelt kan fyllas p\u00e5 utan att risten beh\u00f6ver tas bort. P\u00e5 grillbeh\u00e5llaren finns en utdragbar askbeh\u00e5llare, s\u00e5 att askan enkelt kan tas bort och grillen reng\u00f6ras. Med lock, termometer, f\u00f6rvaringsgaller och f\u00f6rvaringskorg Allt som en perfekt grill beh\u00f6ver! Med locket kan grillen snabbt v\u00e4rmas upp och med ventilationsskivan kan temperaturen enkelt regleras. Temperaturen kan avl\u00e4sas p\u00e5 den inbyggda termometern p\u00e5 locket, som visar b\u00e5de Celsius och Fahrenheit. P\u00e5 f\u00f6tterna finns ett f\u00f6rvaringsgaller och en f\u00f6rvaringskorg som kan anv\u00e4ndas f\u00f6r grillmat eller grillverktyg.H\u00f6gkvalitativa material f\u00f6r mer grillgl\u00e4dje Med ett grillgaller av galvaniserat st\u00e5l, ett handtag p\u00e5 locket av v\u00e4rmebest\u00e4ndigt nylon, emaljerad kolsk\u00e5l, lock och emaljerat kolgaller samt metallben har grillen utm\u00e4rkta material som ger dig l\u00e5ng gl\u00e4dje av grillningen. Produktdetaljer:- Material: h\u00f6gkvalitativt, emaljerat kolst\u00e5l &#8211; M\u00e5tt: 68 x 58 x 90 cm &#8211; Arbetsh\u00f6jd: 70 cm &#8211; Vikt: 11 kg &#8211; Br\u00e4nslebeh\u00e5llarens kapacitet: 1 kg (Uppgiften avser inte kolsk\u00e5lens volym, utan anger den mest effektiva m\u00e4ngden f\u00f6r kol.)Leveransomfattning: &#8211; 1 x grill &#8211; 1 x bruksanvisning (DE, EN, FR, IT, ES)<\/p>\n","protected":false},"excerpt":{"rendered":"<p>SONGMICS 90 x 58 x 56,5 cm kulgrill med lock och termometer, kolgrill, \u00d8 54,4 cm emaljerad stativgrill med f\u00f6rvaringsgaller, f\u00f6rvaringskorg GBQ22BKV1<\/p>\n","protected":false},"featured_media":39510,"comment_status":"open","ping_status":"closed","template":"","meta":[],"product_brand":[],"product_cat":[33],"product_tag":[],"class_list":{"0":"post-11095","1":"product","2":"type-product","3":"status-publish","4":"has-post-thumbnail","6":"product_cat-okategoriserad","8":"first","9":"instock","10":"shipping-taxable","11":"purchasable","12":"product-type-simple"},"_links":{"self":[{"href":"https:\/\/nordicmart.andreevmaster.com\/sv\/wp-json\/wp\/v2\/product\/11095","targetHints":{"allow":["GET"]}}],"collection":[{"href":"https:\/\/nordicmart.andreevmaster.com\/sv\/wp-json\/wp\/v2\/product"}],"about":[{"href":"https:\/\/nordicmart.andreevmaster.com\/sv\/wp-json\/wp\/v2\/types\/product"}],"replies":[{"embeddable":true,"href":"https:\/\/nordicmart.andreevmaster.com\/sv\/wp-json\/wp\/v2\/comments?post=11095"}],"wp:featuredmedia":[{"embeddable":true,"href":"https:\/\/nordicmart.andreevmaster.com\/sv\/wp-json\/wp\/v2\/media\/39510"}],"wp:attachment":[{"href":"https:\/\/nordicmart.andreevmaster.com\/sv\/wp-json\/wp\/v2\/media?parent=11095"}],"wp:term":[{"taxonomy":"product_brand","embeddable":true,"href":"https:\/\/nordicmart.andreevmaster.com\/sv\/wp-json\/wp\/v2\/product_brand?post=11095"},{"taxonomy":"product_cat","embeddable":true,"href":"https:\/\/nordicmart.andreevmaster.com\/sv\/wp-json\/wp\/v2\/product_cat?post=11095"},{"taxonomy":"product_tag","embeddable":true,"href":"https:\/\/nordicmart.andreevmaster.com\/sv\/wp-json\/wp\/v2\/product_tag?post=11095"}],"curies":[{"name":"wp","href":"https:\/\/api.w.org\/{rel}","templated":true}]}}