{"id":11094,"date":"2026-02-27T00:09:20","date_gmt":"2026-02-27T00:09:20","guid":{"rendered":"https:\/\/nordicmart.andreevmaster.com\/product\/kedelgrill-med-lock-och-termometer\/"},"modified":"2026-02-27T08:04:35","modified_gmt":"2026-02-27T08:04:35","slug":"kedelgrill-med-lock-och-termometer","status":"publish","type":"product","link":"https:\/\/nordicmart.andreevmaster.com\/sv\/produkt\/kedelgrill-med-lock-och-termometer\/","title":{"rendered":"Kedelgrill med lock och termometer"},"content":{"rendered":"<p>Perfekt grill f\u00f6r familjefester och tr\u00e4dg\u00e5rdsfester F\u00e4llbar grillrist och askbeh\u00e5llare f\u00f6r \u00f6kad bekv\u00e4mlighet Grillristen kan f\u00e4llas in i sidorna s\u00e5 att du enkelt kan l\u00e4gga p\u00e5 kol utan att beh\u00f6va ta bort risten. Det finns en utdragbar askl\u00e5da p\u00e5 sj\u00e4lva grillbeh\u00e5llaren, vilket g\u00f6r det enkelt att ta bort askan och reng\u00f6ra grillen. Med lock, termometer, f\u00f6rvaringsst\u00e4ll och f\u00f6rvaringskorg Allt som en perfekt grill beh\u00f6ver! Locket g\u00f6r det m\u00f6jligt att snabbt f\u00e5 upp temperaturen i grillen, och ventilationsskivan g\u00f6r det enkelt att reglera temperaturen. Temperaturen kan avl\u00e4sas p\u00e5 det inbyggda termometern p\u00e5 locket, som visar b\u00e5de Celsius och Fahrenheit. P\u00e5 f\u00f6tterna finns ett f\u00f6rvaringsgaller och en f\u00f6rvaringskorg som kan anv\u00e4ndas till grillmat eller grillredskap.H\u00f6gkvalitativa material f\u00f6r mer grillgl\u00e4dje Med ett grillgaller i galvaniserat st\u00e5l, ett handtag p\u00e5 locket i v\u00e4rmebest\u00e4ndigt nylon, emaljerad kolsk\u00e5l, lock och emaljerat kolgaller samt metallben har grillen utm\u00e4rkta material som ger dig l\u00e5ngvarig grillgl\u00e4dje. Produktdetaljer: &#8211; Material: emaljerat kolst\u00e5l av h\u00f6g kvalitet &#8211; M\u00e5tt: 68 x 58 x 90 cm- Arbetsh\u00f6jd: 70 cm- Vikt: 11 kg- Br\u00e4nslebeh\u00e5llarens kapacitet: 1 kg (Specifikationen avser inte kolsk\u00e5lens volym, utan speglar den m\u00e4ngd som b\u00e4st anv\u00e4nds f\u00f6r kol.)Leveransomfattning:- 1 x grill- 1 x bruksanvisning (DE, EN, FR, IT, ES)<\/p>\n","protected":false},"excerpt":{"rendered":"<p>Perfekt grill f\u00f6r familjefester och tr\u00e4dg\u00e5rdsfester F\u00e4llbar grillrist och askbeh\u00e5llare f\u00f6r \u00f6kad bekv\u00e4mlighet Grillristen kan f\u00e4llas in i sidorna s\u00e5 att du enkelt kan l\u00e4gga p\u00e5 kol utan att beh\u00f6va ta bort risten. Det finns en utdragbar askl\u00e5da p\u00e5 sj\u00e4lva grillbeh\u00e5llaren, vilket g\u00f6r det enkelt att ta bort askan och reng\u00f6ra grillen. Med lock, termometer, [&hellip;]<\/p>\n","protected":false},"featured_media":0,"comment_status":"open","ping_status":"closed","template":"","meta":[],"product_brand":[],"product_cat":[33],"product_tag":[],"class_list":{"0":"post-11094","1":"product","2":"type-product","3":"status-publish","5":"product_cat-okategoriserad","7":"first","8":"instock","9":"shipping-taxable","10":"product-type-simple"},"_links":{"self":[{"href":"https:\/\/nordicmart.andreevmaster.com\/sv\/wp-json\/wp\/v2\/product\/11094","targetHints":{"allow":["GET"]}}],"collection":[{"href":"https:\/\/nordicmart.andreevmaster.com\/sv\/wp-json\/wp\/v2\/product"}],"about":[{"href":"https:\/\/nordicmart.andreevmaster.com\/sv\/wp-json\/wp\/v2\/types\/product"}],"replies":[{"embeddable":true,"href":"https:\/\/nordicmart.andreevmaster.com\/sv\/wp-json\/wp\/v2\/comments?post=11094"}],"wp:attachment":[{"href":"https:\/\/nordicmart.andreevmaster.com\/sv\/wp-json\/wp\/v2\/media?parent=11094"}],"wp:term":[{"taxonomy":"product_brand","embeddable":true,"href":"https:\/\/nordicmart.andreevmaster.com\/sv\/wp-json\/wp\/v2\/product_brand?post=11094"},{"taxonomy":"product_cat","embeddable":true,"href":"https:\/\/nordicmart.andreevmaster.com\/sv\/wp-json\/wp\/v2\/product_cat?post=11094"},{"taxonomy":"product_tag","embeddable":true,"href":"https:\/\/nordicmart.andreevmaster.com\/sv\/wp-json\/wp\/v2\/product_tag?post=11094"}],"curies":[{"name":"wp","href":"https:\/\/api.w.org\/{rel}","templated":true}]}}