{"id":11093,"date":"2026-02-27T00:09:20","date_gmt":"2026-02-27T00:09:20","guid":{"rendered":"https:\/\/nordicmart.andreevmaster.com\/product\/songmics-liten-kulgrill\/"},"modified":"2026-02-27T08:04:35","modified_gmt":"2026-02-27T08:04:35","slug":"songmics-liten-kulgrill","status":"publish","type":"product","link":"https:\/\/nordicmart.andreevmaster.com\/sv\/produkt\/songmics-liten-kulgrill\/","title":{"rendered":"SONGMICS liten kulgrill"},"content":{"rendered":"<p>Denna kula-grill fr\u00e5n SONGMICS \u00e4r tillverkad av h\u00f6gkvalitativa material och har testats av T\u00dcV S\u00dcD enligt EN 1860-1-2013+A1-2017. Testresultatet var positivt. Locket har ett v\u00e4rmebest\u00e4ndigt handtag av nylon och kan f\u00e4stas p\u00e5 grillen. Tack vare uppsamlingssk\u00e5len i den nedre delen kan askan enkelt samlas upp och kastas. Grillgallret med en diameter p\u00e5 34,5 cm ger dig tillr\u00e4ckligt med yta f\u00f6r att grilla korv, majskolvar och liknande. Tack vare den kompakta storleken p\u00e5 38 x 36,5 x 35,7 cm \u00e4r grillen dessutom idealisk f\u00f6r camping, fester och utflykter.Med hj\u00e4lp av locket kan grillen dessutom snabbt v\u00e4rmas upp s\u00e5 att du kan njuta av l\u00e4ckra delikatesser p\u00e5 rekordtid. Idealisk grill f\u00f6r utflykter: Med en storlek p\u00e5 38 x 36,5 x 35,7 cm och en tomvikt p\u00e5 bara 3 kg \u00e4r den lilla grillen idealisk f\u00f6r campingutflykter eller andra korta resor. De tre benen ger h\u00f6g stabilitet och askfacket \u00f6kar s\u00e4kerheten vid grillning. Snabb uppv\u00e4rmning: Tack vare locket kan grillen snabbt v\u00e4rmas upp. Ventilationsskivorna p\u00e5 locket och grillsk\u00e5len reglerar ocks\u00e5 temperaturen. Locket kan f\u00e4stas ordentligt p\u00e5 grillen s\u00e5 att du snabbt och enkelt kan transportera den. H\u00f6gkvalitativa material f\u00f6r l\u00e4ngre livsl\u00e4ngd: Grillgallret \u00e4r tillverkat av galvaniserat st\u00e5l och slits d\u00e4rf\u00f6r inte \u00e4ven vid frekvent grillning. Locket har ett handtag av v\u00e4rmebest\u00e4ndigt nylon s\u00e5 att du inte br\u00e4nner dig n\u00e4r du grillar. Grillsk\u00e5len och locket \u00e4r emaljerade och v\u00e4rmet\u00e5liga. Tack vare emaljeringen har kolgallret en l\u00e4ngre livsl\u00e4ngd \u00e4n konventionella produkter och deformeras inte ens vid stark v\u00e4rmep\u00e5verkan.Produktdetaljer: F\u00e4rg: svart Material: h\u00f6gkvalitativt, emaljerat kolst\u00e5l M\u00e5tt: 38 x 36,5 x 35,7 cm Vikt: 3 kg Leveransomfattning: 1 x grill 1 x bruksanvisning (DE, EN, FR, IT, ES)<\/p>\n","protected":false},"excerpt":{"rendered":"<p>SONGMICS kolgrill med lock, emaljerad kulgrill liten \u00d8 34,5 cm f\u00f6r tr\u00e4dg\u00e5rd, fest, camping, stativgrill med askfack GBQ14BK, svart<\/p>\n","protected":false},"featured_media":39509,"comment_status":"open","ping_status":"closed","template":"","meta":[],"product_brand":[],"product_cat":[33],"product_tag":[],"class_list":{"0":"post-11093","1":"product","2":"type-product","3":"status-publish","4":"has-post-thumbnail","6":"product_cat-okategoriserad","8":"first","9":"instock","10":"shipping-taxable","11":"purchasable","12":"product-type-simple"},"_links":{"self":[{"href":"https:\/\/nordicmart.andreevmaster.com\/sv\/wp-json\/wp\/v2\/product\/11093","targetHints":{"allow":["GET"]}}],"collection":[{"href":"https:\/\/nordicmart.andreevmaster.com\/sv\/wp-json\/wp\/v2\/product"}],"about":[{"href":"https:\/\/nordicmart.andreevmaster.com\/sv\/wp-json\/wp\/v2\/types\/product"}],"replies":[{"embeddable":true,"href":"https:\/\/nordicmart.andreevmaster.com\/sv\/wp-json\/wp\/v2\/comments?post=11093"}],"wp:featuredmedia":[{"embeddable":true,"href":"https:\/\/nordicmart.andreevmaster.com\/sv\/wp-json\/wp\/v2\/media\/39509"}],"wp:attachment":[{"href":"https:\/\/nordicmart.andreevmaster.com\/sv\/wp-json\/wp\/v2\/media?parent=11093"}],"wp:term":[{"taxonomy":"product_brand","embeddable":true,"href":"https:\/\/nordicmart.andreevmaster.com\/sv\/wp-json\/wp\/v2\/product_brand?post=11093"},{"taxonomy":"product_cat","embeddable":true,"href":"https:\/\/nordicmart.andreevmaster.com\/sv\/wp-json\/wp\/v2\/product_cat?post=11093"},{"taxonomy":"product_tag","embeddable":true,"href":"https:\/\/nordicmart.andreevmaster.com\/sv\/wp-json\/wp\/v2\/product_tag?post=11093"}],"curies":[{"name":"wp","href":"https:\/\/api.w.org\/{rel}","templated":true}]}}