{"id":11092,"date":"2026-02-27T00:09:20","date_gmt":"2026-02-27T00:09:20","guid":{"rendered":"https:\/\/nordicmart.andreevmaster.com\/product\/altanbeklaedning-2\/"},"modified":"2026-02-27T08:04:35","modified_gmt":"2026-02-27T08:04:35","slug":"altanbeklaedning-2","status":"publish","type":"product","link":"https:\/\/nordicmart.andreevmaster.com\/sv\/produkt\/altanbeklaedning-2\/","title":{"rendered":"Altanbekl\u00e6dning"},"content":{"rendered":"<p>F\u00f6r mer privatliv utomhus: Denna insynsskyddande sk\u00e4rm fr\u00e5n SONGMICS passar perfekt p\u00e5 din altan, terrass, i din tr\u00e4dg\u00e5rd eller runt din pool. Sk\u00e4rmen skyddar ditt privatliv till 100 %, s\u00e5 att du slipper nyfikna grannar. Produktdetaljer: F\u00e4rg: R\u00f6kgr\u00e5 Material: PVC Storlek: 6 x 0,9 m (L x B)Vikt: 450 g\/\u33a1Leveransomfattning:1 x privatlivssk\u00e4rm1 x f\u00e4stband 15 m<\/p>\n","protected":false},"excerpt":{"rendered":"<p>F\u00f6r mer privatliv utomhus: Denna insynsskyddande sk\u00e4rm fr\u00e5n SONGMICS passar perfekt p\u00e5 din altan, terrass, i din tr\u00e4dg\u00e5rd eller runt din pool. Sk\u00e4rmen skyddar ditt privatliv till 100 %, s\u00e5 att du slipper nyfikna grannar. Produktdetaljer: F\u00e4rg: R\u00f6kgr\u00e5 Material: PVC Storlek: 6 x 0,9 m (L x B)Vikt: 450 g\/\u33a1Leveransomfattning:1 x privatlivssk\u00e4rm1 x f\u00e4stband 15 [&hellip;]<\/p>\n","protected":false},"featured_media":0,"comment_status":"open","ping_status":"closed","template":"","meta":[],"product_brand":[],"product_cat":[33],"product_tag":[],"class_list":{"0":"post-11092","1":"product","2":"type-product","3":"status-publish","5":"product_cat-okategoriserad","7":"first","8":"instock","9":"shipping-taxable","10":"purchasable","11":"product-type-simple"},"_links":{"self":[{"href":"https:\/\/nordicmart.andreevmaster.com\/sv\/wp-json\/wp\/v2\/product\/11092","targetHints":{"allow":["GET"]}}],"collection":[{"href":"https:\/\/nordicmart.andreevmaster.com\/sv\/wp-json\/wp\/v2\/product"}],"about":[{"href":"https:\/\/nordicmart.andreevmaster.com\/sv\/wp-json\/wp\/v2\/types\/product"}],"replies":[{"embeddable":true,"href":"https:\/\/nordicmart.andreevmaster.com\/sv\/wp-json\/wp\/v2\/comments?post=11092"}],"wp:attachment":[{"href":"https:\/\/nordicmart.andreevmaster.com\/sv\/wp-json\/wp\/v2\/media?parent=11092"}],"wp:term":[{"taxonomy":"product_brand","embeddable":true,"href":"https:\/\/nordicmart.andreevmaster.com\/sv\/wp-json\/wp\/v2\/product_brand?post=11092"},{"taxonomy":"product_cat","embeddable":true,"href":"https:\/\/nordicmart.andreevmaster.com\/sv\/wp-json\/wp\/v2\/product_cat?post=11092"},{"taxonomy":"product_tag","embeddable":true,"href":"https:\/\/nordicmart.andreevmaster.com\/sv\/wp-json\/wp\/v2\/product_tag?post=11092"}],"curies":[{"name":"wp","href":"https:\/\/api.w.org\/{rel}","templated":true}]}}