{"id":11091,"date":"2026-02-27T00:09:20","date_gmt":"2026-02-27T00:09:20","guid":{"rendered":"https:\/\/nordicmart.andreevmaster.com\/product\/songmics-balkongskydd\/"},"modified":"2026-02-27T08:04:35","modified_gmt":"2026-02-27T08:04:35","slug":"songmics-balkongskydd","status":"publish","type":"product","link":"https:\/\/nordicmart.andreevmaster.com\/sv\/produkt\/songmics-balkongskydd\/","title":{"rendered":"SONGMICS balkongskydd"},"content":{"rendered":"<p>Produktbeskrivning: F\u00f6r mer privatliv utomhus Denna HDPE-siktduk fr\u00e5n SONGMICS passar perfekt p\u00e5 en balkong, en terrass, i din tr\u00e4dg\u00e5rd eller runt din pool. Sk\u00e4rmen \u00e4r 85 % ogenomskinlig, s\u00e5 du slipper nyfikna grannar. Helt utan borr Denna 5 x 0,9 m stora insynsskydd passar s\u00e4rskilt bra f\u00f6r en balkong i standardstorlek. Den smarta bekl\u00e4dnaden har m\u00e5nga \u00f6glor placerade med 50 cm mellanrum i \u00f6vre och nedre delen. Kortsidorna \u00e4r f\u00f6rsedda med 3 \u00f6glor vardera. Vid montering drar du helt enkelt den robusta f\u00e4stlinan av PP som medf\u00f6ljer i leveransen genom \u00f6glorna och f\u00e4ster den vid din balkong eller staket. De medf\u00f6ljande buntbanden ger dessutom extra stabilitet. Montering helt utan borr, s\u00e5 enkelt \u00e4r det! Robust material och h\u00f6gkvalitativ bearbetning Tillverkad av 100 % HDPE-plast (180 g\/m\u00b2), \u00e4r denna skyddspresenning vattent\u00e4t, m\u00f6gelbest\u00e4ndig och h\u00e5llbar. \u00d6glorna p\u00e5 sidorna \u00e4r dessutom f\u00f6rst\u00e4rkta med aluminium, vilket ocks\u00e5 lovar en l\u00e5ng livsl\u00e4ngd. S\u00f6mmarna runt \u00f6glorna \u00e4r dessutom extra tjocka, vilket ger dem ett stabilt f\u00e4ste. Produktdetaljer: &#8211; F\u00e4rg: r\u00f6kgr\u00e5 &#8211; Material: HDPE-plast &#8211; Storlek: 5 x 0,9 m (L x B) Leveransomfattning: &#8211; 1 x insynsskyddspresenning &#8211; 1 x f\u00e4stlina 15 m &#8211; 1 x p\u00e5se med kabelband<\/p>\n","protected":false},"excerpt":{"rendered":"<p>SONGMICS balkongskydd, 5 x 0,9 m, balkongbekl\u00e4dnad, insynsskydd, privatliv, robust sk\u00e4rm utan skruvar, med buntband, HDPE-plast, antracit GBC95GY<\/p>\n","protected":false},"featured_media":0,"comment_status":"open","ping_status":"closed","template":"","meta":[],"product_brand":[],"product_cat":[33],"product_tag":[],"class_list":{"0":"post-11091","1":"product","2":"type-product","3":"status-publish","5":"product_cat-okategoriserad","7":"first","8":"instock","9":"shipping-taxable","10":"purchasable","11":"product-type-simple"},"_links":{"self":[{"href":"https:\/\/nordicmart.andreevmaster.com\/sv\/wp-json\/wp\/v2\/product\/11091","targetHints":{"allow":["GET"]}}],"collection":[{"href":"https:\/\/nordicmart.andreevmaster.com\/sv\/wp-json\/wp\/v2\/product"}],"about":[{"href":"https:\/\/nordicmart.andreevmaster.com\/sv\/wp-json\/wp\/v2\/types\/product"}],"replies":[{"embeddable":true,"href":"https:\/\/nordicmart.andreevmaster.com\/sv\/wp-json\/wp\/v2\/comments?post=11091"}],"wp:attachment":[{"href":"https:\/\/nordicmart.andreevmaster.com\/sv\/wp-json\/wp\/v2\/media?parent=11091"}],"wp:term":[{"taxonomy":"product_brand","embeddable":true,"href":"https:\/\/nordicmart.andreevmaster.com\/sv\/wp-json\/wp\/v2\/product_brand?post=11091"},{"taxonomy":"product_cat","embeddable":true,"href":"https:\/\/nordicmart.andreevmaster.com\/sv\/wp-json\/wp\/v2\/product_cat?post=11091"},{"taxonomy":"product_tag","embeddable":true,"href":"https:\/\/nordicmart.andreevmaster.com\/sv\/wp-json\/wp\/v2\/product_tag?post=11091"}],"curies":[{"name":"wp","href":"https:\/\/api.w.org\/{rel}","templated":true}]}}