{"id":11090,"date":"2026-02-27T00:09:20","date_gmt":"2026-02-27T00:09:20","guid":{"rendered":"https:\/\/nordicmart.andreevmaster.com\/product\/songmics-insynsskydd-i-stenoptik\/"},"modified":"2026-02-27T08:04:35","modified_gmt":"2026-02-27T08:04:35","slug":"songmics-insynsskydd-i-stenoptik","status":"publish","type":"product","link":"https:\/\/nordicmart.andreevmaster.com\/sv\/produkt\/songmics-insynsskydd-i-stenoptik\/","title":{"rendered":"SONGMICS insynsskydd i stenoptik"},"content":{"rendered":"<p>F\u00f6r mer privatliv utomhus: Denna insynsskyddande presenning fr\u00e5n SONGMICS passar perfekt p\u00e5 din balkong, terrass, i din tr\u00e4dg\u00e5rd eller runt din pool. Sk\u00e4rmen skyddar din integritet till 100 %, s\u00e5 att du slipper nyfikna grannar. Produktdetaljer: F\u00e4rg: Kr\u00e4m Material: PVC Storlek: 6 x 0,9 m (L x B) Vikt: 450 g\/\u33a1 Leveransomfattning: 1 x insynsskydd 1 x f\u00e4stlina 15 m<\/p>\n","protected":false},"excerpt":{"rendered":"<p>SONGMICS insynsskydd, 6 x 0,9 m (L x B), balkongbekl\u00e4dnad, insynsskyddspresenning, balkongkant, privatliv, robust sk\u00e4rm utan skruvar, tr\u00e4dg\u00e5rd, balkong, swimmingpool, PVC, kr\u00e4mf\u00e4rgad GBC90JIV<\/p>\n","protected":false},"featured_media":39508,"comment_status":"open","ping_status":"closed","template":"","meta":[],"product_brand":[],"product_cat":[33],"product_tag":[],"class_list":{"0":"post-11090","1":"product","2":"type-product","3":"status-publish","4":"has-post-thumbnail","6":"product_cat-okategoriserad","8":"first","9":"instock","10":"shipping-taxable","11":"purchasable","12":"product-type-simple"},"_links":{"self":[{"href":"https:\/\/nordicmart.andreevmaster.com\/sv\/wp-json\/wp\/v2\/product\/11090","targetHints":{"allow":["GET"]}}],"collection":[{"href":"https:\/\/nordicmart.andreevmaster.com\/sv\/wp-json\/wp\/v2\/product"}],"about":[{"href":"https:\/\/nordicmart.andreevmaster.com\/sv\/wp-json\/wp\/v2\/types\/product"}],"replies":[{"embeddable":true,"href":"https:\/\/nordicmart.andreevmaster.com\/sv\/wp-json\/wp\/v2\/comments?post=11090"}],"wp:featuredmedia":[{"embeddable":true,"href":"https:\/\/nordicmart.andreevmaster.com\/sv\/wp-json\/wp\/v2\/media\/39508"}],"wp:attachment":[{"href":"https:\/\/nordicmart.andreevmaster.com\/sv\/wp-json\/wp\/v2\/media?parent=11090"}],"wp:term":[{"taxonomy":"product_brand","embeddable":true,"href":"https:\/\/nordicmart.andreevmaster.com\/sv\/wp-json\/wp\/v2\/product_brand?post=11090"},{"taxonomy":"product_cat","embeddable":true,"href":"https:\/\/nordicmart.andreevmaster.com\/sv\/wp-json\/wp\/v2\/product_cat?post=11090"},{"taxonomy":"product_tag","embeddable":true,"href":"https:\/\/nordicmart.andreevmaster.com\/sv\/wp-json\/wp\/v2\/product_tag?post=11090"}],"curies":[{"name":"wp","href":"https:\/\/api.w.org\/{rel}","templated":true}]}}