{"id":11088,"date":"2026-02-27T00:09:19","date_gmt":"2026-02-27T00:09:19","guid":{"rendered":"https:\/\/nordicmart.andreevmaster.com\/product\/songmics-balkongskydd-beige\/"},"modified":"2026-02-27T08:04:34","modified_gmt":"2026-02-27T08:04:34","slug":"songmics-balkongskydd-beige","status":"publish","type":"product","link":"https:\/\/nordicmart.andreevmaster.com\/sv\/produkt\/songmics-balkongskydd-beige\/","title":{"rendered":"SONGMICS balkongskydd beige"},"content":{"rendered":"<p>Helt utan borrmaskin Denna 6 x 0,9 m stora insynsskydd passar s\u00e4rskilt bra f\u00f6r en balkong i standardstorlek. Den smarta bekl\u00e4dnaden har m\u00e5nga \u00f6glor placerade med 50 cm mellanrum i \u00f6vre och nedre delen. Kortsidorna \u00e4r f\u00f6rsedda med 3 \u00f6glor vardera. Vid montering drar du helt enkelt det medf\u00f6ljande robusta f\u00e4stlinan av PP (15 m) genom \u00f6glorna och f\u00e4ster den vid din balkong eller staket. De medf\u00f6ljande kabelbanden ger dessutom extra stabilitet. Montering helt utan borr, s\u00e5 enkelt \u00e4r det! Robust material och h\u00f6gkvalitativ bearbetning Tillverkad av 100 % HDPE-plast (180 g\/m\u00b2), \u00e4r denna skyddspresenning vattent\u00e4t och h\u00e5llbar. \u00d6glorna p\u00e5 sidorna \u00e4r dessutom f\u00f6rst\u00e4rkta med aluminium, vilket ocks\u00e5 lovar en l\u00e5ng livsl\u00e4ngd. S\u00f6mmarna runt \u00f6glorna \u00e4r dessutom extra tjocka, vilket ger dem ett stabilt f\u00e4ste. Produktdetaljer: F\u00e4rg: Beige Material: HDPE-plast Storlek: 6 x 0,9 m (L x B) Vikt: 1,0 kg Leveransomfattning: 1 x insynsskyddspresenning 1 x f\u00e4stlina (15 m) 1 x p\u00e5se med buntband<\/p>\n","protected":false},"excerpt":{"rendered":"<p>SONGMICS insynsskydd, 6 x 0,9 m (L x B), balkongbekl\u00e4dnad, insynsskyddspresenning, balkongkant, privatliv, robust sk\u00e4rm utan skruvar, tr\u00e4dg\u00e5rd, balkong, swimmingpool, PVC, kr\u00e4mf\u00e4rgad GBC90JIV<\/p>\n","protected":false},"featured_media":39506,"comment_status":"open","ping_status":"closed","template":"","meta":[],"product_brand":[],"product_cat":[33],"product_tag":[],"class_list":{"0":"post-11088","1":"product","2":"type-product","3":"status-publish","4":"has-post-thumbnail","6":"product_cat-okategoriserad","8":"first","9":"instock","10":"shipping-taxable","11":"purchasable","12":"product-type-simple"},"_links":{"self":[{"href":"https:\/\/nordicmart.andreevmaster.com\/sv\/wp-json\/wp\/v2\/product\/11088","targetHints":{"allow":["GET"]}}],"collection":[{"href":"https:\/\/nordicmart.andreevmaster.com\/sv\/wp-json\/wp\/v2\/product"}],"about":[{"href":"https:\/\/nordicmart.andreevmaster.com\/sv\/wp-json\/wp\/v2\/types\/product"}],"replies":[{"embeddable":true,"href":"https:\/\/nordicmart.andreevmaster.com\/sv\/wp-json\/wp\/v2\/comments?post=11088"}],"wp:featuredmedia":[{"embeddable":true,"href":"https:\/\/nordicmart.andreevmaster.com\/sv\/wp-json\/wp\/v2\/media\/39506"}],"wp:attachment":[{"href":"https:\/\/nordicmart.andreevmaster.com\/sv\/wp-json\/wp\/v2\/media?parent=11088"}],"wp:term":[{"taxonomy":"product_brand","embeddable":true,"href":"https:\/\/nordicmart.andreevmaster.com\/sv\/wp-json\/wp\/v2\/product_brand?post=11088"},{"taxonomy":"product_cat","embeddable":true,"href":"https:\/\/nordicmart.andreevmaster.com\/sv\/wp-json\/wp\/v2\/product_cat?post=11088"},{"taxonomy":"product_tag","embeddable":true,"href":"https:\/\/nordicmart.andreevmaster.com\/sv\/wp-json\/wp\/v2\/product_tag?post=11088"}],"curies":[{"name":"wp","href":"https:\/\/api.w.org\/{rel}","templated":true}]}}