{"id":11086,"date":"2026-02-27T00:09:19","date_gmt":"2026-02-27T00:09:19","guid":{"rendered":"https:\/\/nordicmart.andreevmaster.com\/product\/privatlivspresenning-6-x-09-m-2\/"},"modified":"2026-02-27T08:04:34","modified_gmt":"2026-02-27T08:04:34","slug":"privatlivspresenning-6-x-09-m-2","status":"publish","type":"product","link":"https:\/\/nordicmart.andreevmaster.com\/sv\/produkt\/privatlivspresenning-6-x-09-m-2\/","title":{"rendered":"Privatlivspresenning 6 x 0,9 m"},"content":{"rendered":"<p>Ingen grund til at boreDenne 6 x 0,9 m store afsk\u00e6rmning er s\u00e6rligt velegnet til en altan i standardst\u00f8rrelse. Det smarte panel har mange \u00f8jer med 50 cm mellemrum i top og bund. De korta sidorna \u00e4r var och en utrustade med 3 \u00f6glor. N\u00e4r du monterar den drar du bara det robusta PP-f\u00e4stbandet (15 m), som ing\u00e5r i leveransen, genom \u00f6glorna och f\u00e4ster det p\u00e5 din balkong eller ditt staket. De medf\u00f6ljande kabelbindarna ger ocks\u00e5 extra stabilitet. Montering utan borrmaskin, s\u00e5 enkelt \u00e4r det! Robust material och h\u00f6gkvalitativ tillverkning Tillverkad av 100 % HDPE-plast (180 g\/m\u00b2) \u00e4r denna skyddande presenning vattent\u00e4t och h\u00e5llbar. \u00d6glorna p\u00e5 sidorna \u00e4r ocks\u00e5 f\u00f6rst\u00e4rkta med aluminium, vilket ocks\u00e5 garanterar en l\u00e5ng livsl\u00e4ngd. S\u00f6mmarna runt \u00f6glorna \u00e4r ocks\u00e5 extra tjocka, vilket ger dem ett fast grepp. Produktdetaljer: F\u00e4rg: Beige Material: HDPE-plast Storlek: 6 x 0,9 m (L x B)Vikt: 1,0 kgLeveransomfattning:1 x presenning f\u00f6r privat bruk1 x f\u00e4strep (15 m)1 x p\u00e5se med kabelbindare<\/p>\n","protected":false},"excerpt":{"rendered":"<p>Ingen grund til at boreDenne 6 x 0,9 m store afsk\u00e6rmning er s\u00e6rligt velegnet til en altan i standardst\u00f8rrelse. Det smarte panel har mange \u00f8jer med 50 cm mellemrum i top og bund. De korta sidorna \u00e4r var och en utrustade med 3 \u00f6glor. N\u00e4r du monterar den drar du bara det robusta PP-f\u00e4stbandet (15 [&hellip;]<\/p>\n","protected":false},"featured_media":0,"comment_status":"open","ping_status":"closed","template":"","meta":[],"product_brand":[],"product_cat":[33],"product_tag":[],"class_list":{"0":"post-11086","1":"product","2":"type-product","3":"status-publish","5":"product_cat-okategoriserad","7":"first","8":"instock","9":"shipping-taxable","10":"product-type-simple"},"_links":{"self":[{"href":"https:\/\/nordicmart.andreevmaster.com\/sv\/wp-json\/wp\/v2\/product\/11086","targetHints":{"allow":["GET"]}}],"collection":[{"href":"https:\/\/nordicmart.andreevmaster.com\/sv\/wp-json\/wp\/v2\/product"}],"about":[{"href":"https:\/\/nordicmart.andreevmaster.com\/sv\/wp-json\/wp\/v2\/types\/product"}],"replies":[{"embeddable":true,"href":"https:\/\/nordicmart.andreevmaster.com\/sv\/wp-json\/wp\/v2\/comments?post=11086"}],"wp:attachment":[{"href":"https:\/\/nordicmart.andreevmaster.com\/sv\/wp-json\/wp\/v2\/media?parent=11086"}],"wp:term":[{"taxonomy":"product_brand","embeddable":true,"href":"https:\/\/nordicmart.andreevmaster.com\/sv\/wp-json\/wp\/v2\/product_brand?post=11086"},{"taxonomy":"product_cat","embeddable":true,"href":"https:\/\/nordicmart.andreevmaster.com\/sv\/wp-json\/wp\/v2\/product_cat?post=11086"},{"taxonomy":"product_tag","embeddable":true,"href":"https:\/\/nordicmart.andreevmaster.com\/sv\/wp-json\/wp\/v2\/product_tag?post=11086"}],"curies":[{"name":"wp","href":"https:\/\/api.w.org\/{rel}","templated":true}]}}