{"id":11085,"date":"2026-02-27T00:09:19","date_gmt":"2026-02-27T00:09:19","guid":{"rendered":"https:\/\/nordicmart.andreevmaster.com\/product\/songmics-balkongskydd-sandgult\/"},"modified":"2026-02-27T08:04:34","modified_gmt":"2026-02-27T08:04:34","slug":"songmics-balkongskydd-sandgult","status":"publish","type":"product","link":"https:\/\/nordicmart.andreevmaster.com\/sv\/produkt\/songmics-balkongskydd-sandgult\/","title":{"rendered":"SONGMICS balkongskydd sandgult"},"content":{"rendered":"<p>Produktdetaljer: F\u00e4rg: Sandgul Material: HDPE-plast Storlek: 6 x 0,9 m (L x B) Vikt: 1,0 kg Leveransomfattning: 1 x insynsskydd 1 x f\u00e4stlina (15 m) 1 x p\u00e5se med buntband<\/p>\n","protected":false},"excerpt":{"rendered":"<p>SONGMICS insynsskydd, 6 x 0,9 m (L x B), balkongbekl\u00e4dnad, insynsskyddspresenning, balkongkant, privatliv, robust sk\u00e4rm utan skruvar, tr\u00e4dg\u00e5rd, balkong, swimmingpool, PVC, kr\u00e4mf\u00e4rgad GBC90JIV<\/p>\n","protected":false},"featured_media":39504,"comment_status":"open","ping_status":"closed","template":"","meta":[],"product_brand":[],"product_cat":[33],"product_tag":[],"class_list":{"0":"post-11085","1":"product","2":"type-product","3":"status-publish","4":"has-post-thumbnail","6":"product_cat-okategoriserad","8":"first","9":"instock","10":"shipping-taxable","11":"purchasable","12":"product-type-simple"},"_links":{"self":[{"href":"https:\/\/nordicmart.andreevmaster.com\/sv\/wp-json\/wp\/v2\/product\/11085","targetHints":{"allow":["GET"]}}],"collection":[{"href":"https:\/\/nordicmart.andreevmaster.com\/sv\/wp-json\/wp\/v2\/product"}],"about":[{"href":"https:\/\/nordicmart.andreevmaster.com\/sv\/wp-json\/wp\/v2\/types\/product"}],"replies":[{"embeddable":true,"href":"https:\/\/nordicmart.andreevmaster.com\/sv\/wp-json\/wp\/v2\/comments?post=11085"}],"wp:featuredmedia":[{"embeddable":true,"href":"https:\/\/nordicmart.andreevmaster.com\/sv\/wp-json\/wp\/v2\/media\/39504"}],"wp:attachment":[{"href":"https:\/\/nordicmart.andreevmaster.com\/sv\/wp-json\/wp\/v2\/media?parent=11085"}],"wp:term":[{"taxonomy":"product_brand","embeddable":true,"href":"https:\/\/nordicmart.andreevmaster.com\/sv\/wp-json\/wp\/v2\/product_brand?post=11085"},{"taxonomy":"product_cat","embeddable":true,"href":"https:\/\/nordicmart.andreevmaster.com\/sv\/wp-json\/wp\/v2\/product_cat?post=11085"},{"taxonomy":"product_tag","embeddable":true,"href":"https:\/\/nordicmart.andreevmaster.com\/sv\/wp-json\/wp\/v2\/product_tag?post=11085"}],"curies":[{"name":"wp","href":"https:\/\/api.w.org\/{rel}","templated":true}]}}