{"id":11083,"date":"2026-02-27T00:09:18","date_gmt":"2026-02-27T00:09:18","guid":{"rendered":"https:\/\/nordicmart.andreevmaster.com\/product\/songmics-campingbord\/"},"modified":"2026-02-27T08:04:33","modified_gmt":"2026-02-27T08:04:33","slug":"songmics-campingbord","status":"publish","type":"product","link":"https:\/\/nordicmart.andreevmaster.com\/sv\/produkt\/songmics-campingbord\/","title":{"rendered":"SONGMICS campingbord"},"content":{"rendered":"<p>\u00c4ntligen semester! Dags att campa! Det har du s\u00e4kert v\u00e4ntat p\u00e5 l\u00e4nge. Ta med dig detta campingbord i aluminium och njut av l\u00e4ckra grillr\u00e4tter och kalla drycker med dina n\u00e4ra och k\u00e4ra i naturen. Stabilt, l\u00e4tt och hopf\u00e4llbart \u2013 detta bord erbjuder dig maximal komfort. Planerar du en picknick i parken, en grillfest i tr\u00e4dg\u00e5rden eller en semester p\u00e5 stranden? Ta med detta hopf\u00e4llbara bord vart du \u00e4n beh\u00f6ver det. Of\u00f6rgl\u00f6mliga upplevelser: Majest\u00e4tiska berg, glittrande sj\u00f6ar, \u00e4ventyr i naturen \u2013 vill du dyka in i naturen och njuta av avkopplande timmar l\u00e5ngt bort fr\u00e5n stadens j\u00e4kt? Bjud in dina v\u00e4nner, ta med detta hopf\u00e4llbara campingbord och s\u00e4tt ig\u00e5ng! Detta bord fr\u00e5n SONGMICS f\u00f6ljer dig troget och erbjuder dig maximal komfort p\u00e5 resan. Genomt\u00e4nkt design: Bordsskivan och benen i h\u00f6gkvalitativ aluminium g\u00f6r detta picknickbord inte bara stabilt och robust, utan ocks\u00e5 l\u00e4tt. Dessutom kan bordet f\u00e4llas ihop, f\u00f6rvaras i v\u00e5r transportv\u00e4ska och enkelt tas med p\u00e5 resan. Produktdetaljer: F\u00e4rg: Silver Material: Aluminium Storlek: 100 x 69 x 70 cm (L x B x H) Storlek hopf\u00e4lld: 100 x 19 x 18 cm (L x B x H) Vikt: 5,2 kg Max. statisk belastningskapacitet: 30 kg Leveransomfattning: 1 x campingbord 1 x transportv\u00e4ska 1 x bruksanvisning (DE, EN, FR, ES, IT)<\/p>\n","protected":false},"excerpt":{"rendered":"<p>SONGMICS f\u00e4llbord, campingbord, b\u00e4rbart picknickbord i aluminium, med upprullbar bordsskiva, BBQ, tr\u00e4dg\u00e5rd, strand, husbil, l\u00e4tt, med transportv\u00e4ska, 100 x 69 x 70 cm<\/p>\n","protected":false},"featured_media":39502,"comment_status":"open","ping_status":"closed","template":"","meta":[],"product_brand":[],"product_cat":[33],"product_tag":[],"class_list":{"0":"post-11083","1":"product","2":"type-product","3":"status-publish","4":"has-post-thumbnail","6":"product_cat-okategoriserad","8":"first","9":"instock","10":"shipping-taxable","11":"purchasable","12":"product-type-simple"},"_links":{"self":[{"href":"https:\/\/nordicmart.andreevmaster.com\/sv\/wp-json\/wp\/v2\/product\/11083","targetHints":{"allow":["GET"]}}],"collection":[{"href":"https:\/\/nordicmart.andreevmaster.com\/sv\/wp-json\/wp\/v2\/product"}],"about":[{"href":"https:\/\/nordicmart.andreevmaster.com\/sv\/wp-json\/wp\/v2\/types\/product"}],"replies":[{"embeddable":true,"href":"https:\/\/nordicmart.andreevmaster.com\/sv\/wp-json\/wp\/v2\/comments?post=11083"}],"wp:featuredmedia":[{"embeddable":true,"href":"https:\/\/nordicmart.andreevmaster.com\/sv\/wp-json\/wp\/v2\/media\/39502"}],"wp:attachment":[{"href":"https:\/\/nordicmart.andreevmaster.com\/sv\/wp-json\/wp\/v2\/media?parent=11083"}],"wp:term":[{"taxonomy":"product_brand","embeddable":true,"href":"https:\/\/nordicmart.andreevmaster.com\/sv\/wp-json\/wp\/v2\/product_brand?post=11083"},{"taxonomy":"product_cat","embeddable":true,"href":"https:\/\/nordicmart.andreevmaster.com\/sv\/wp-json\/wp\/v2\/product_cat?post=11083"},{"taxonomy":"product_tag","embeddable":true,"href":"https:\/\/nordicmart.andreevmaster.com\/sv\/wp-json\/wp\/v2\/product_tag?post=11083"}],"curies":[{"name":"wp","href":"https:\/\/api.w.org\/{rel}","templated":true}]}}