{"id":11081,"date":"2026-02-27T00:09:18","date_gmt":"2026-02-27T00:09:18","guid":{"rendered":"https:\/\/nordicmart.andreevmaster.com\/product\/songmics-dimbara-nattlampa-totoro\/"},"modified":"2026-02-27T08:04:33","modified_gmt":"2026-02-27T08:04:33","slug":"songmics-dimbara-nattlampa-totoro","status":"publish","type":"product","link":"https:\/\/nordicmart.andreevmaster.com\/sv\/produkt\/songmics-dimbara-nattlampa-totoro\/","title":{"rendered":"SONGMICS Dimbara nattlampa &#8221;Totoro&#8221;"},"content":{"rendered":"<p>Med denna nattlampa fr\u00e5n Songmics kan du dimma ljuset genom att l\u00e4tt r\u00f6ra vid den med h\u00e4nderna, s\u00e5 att den inte blir f\u00f6r stark och fungerar utm\u00e4rkt som nattlampa. Det \u00e4r en fantastisk och s\u00f6t produkt f\u00f6r alla rum. Du kan placera lampan var som helst, i hallen, sovrummet, barnrummet, vardagsrummet eller till och med i k\u00f6ket. \u00d6verallt d\u00e4r man tycker att den \u00e4r vacker, avkopplande och elegant. Och i skymningen p\u00e5 campingen g\u00f6r den ocks\u00e5 en fin figur. Den kan drivas med en adapter (5 V), en extern batteriladdare (5 V) eller den medf\u00f6ljande USB-kabeln via din b\u00e4rbara dator (adapter och extern batteriladdare ing\u00e5r inte i leveransen). Anvisningar: &#8211; Undvik att f\u00f6rvara produkten i rum med h\u00f6g luftfuktighet och h\u00f6g temperatur. H\u00e5ll produkten borta fr\u00e5n starka magnetf\u00e4lt. Annars kan funktionen p\u00e5verkas negativt. &#8211; Produkten inneh\u00e5ller sm\u00e5 delar. Barn under tre \u00e5r b\u00f6r endast anv\u00e4nda produkten under uppsikt av vuxna. &#8211; Produktens m\u00e4rksp\u00e4nning \u00e4r 5 V. Anslut inte produkten till en str\u00f6mk\u00e4lla som \u00e4r h\u00f6gre \u00e4n 5 V f\u00f6r att undvika kortslutning. &#8211; Undvik att st\u00f6ta produkten med h\u00e5rda f\u00f6rem\u00e5l. Produktdetaljer: &#8211; M\u00e5tt: 140 x 170 mm (\u00d8 x H) &#8211; Nominell sp\u00e4nning: 5 V 700 mAh &#8211; Nominell effekt: 0,3 W &#8211; Material: ABS + PC Leveransomfattning: &#8211; 1 x burlampa &#8211; 1 x USB-kabel &#8211; 1 x bruksanvisning (DE, EN, FR, IT, ES)<\/p>\n","protected":false},"excerpt":{"rendered":"<p>SONGMICS nattlampa f\u00f6r barn, nattlampa, med LED-lampa, slumrarlampa, dimbar, USB-uppladdningsbar, med touchsensor, vibration, l\u00e4mplig som present FSL02<\/p>\n","protected":false},"featured_media":39500,"comment_status":"open","ping_status":"closed","template":"","meta":[],"product_brand":[],"product_cat":[33],"product_tag":[],"class_list":{"0":"post-11081","1":"product","2":"type-product","3":"status-publish","4":"has-post-thumbnail","6":"product_cat-okategoriserad","8":"first","9":"instock","10":"shipping-taxable","11":"purchasable","12":"product-type-simple"},"_links":{"self":[{"href":"https:\/\/nordicmart.andreevmaster.com\/sv\/wp-json\/wp\/v2\/product\/11081","targetHints":{"allow":["GET"]}}],"collection":[{"href":"https:\/\/nordicmart.andreevmaster.com\/sv\/wp-json\/wp\/v2\/product"}],"about":[{"href":"https:\/\/nordicmart.andreevmaster.com\/sv\/wp-json\/wp\/v2\/types\/product"}],"replies":[{"embeddable":true,"href":"https:\/\/nordicmart.andreevmaster.com\/sv\/wp-json\/wp\/v2\/comments?post=11081"}],"wp:featuredmedia":[{"embeddable":true,"href":"https:\/\/nordicmart.andreevmaster.com\/sv\/wp-json\/wp\/v2\/media\/39500"}],"wp:attachment":[{"href":"https:\/\/nordicmart.andreevmaster.com\/sv\/wp-json\/wp\/v2\/media?parent=11081"}],"wp:term":[{"taxonomy":"product_brand","embeddable":true,"href":"https:\/\/nordicmart.andreevmaster.com\/sv\/wp-json\/wp\/v2\/product_brand?post=11081"},{"taxonomy":"product_cat","embeddable":true,"href":"https:\/\/nordicmart.andreevmaster.com\/sv\/wp-json\/wp\/v2\/product_cat?post=11081"},{"taxonomy":"product_tag","embeddable":true,"href":"https:\/\/nordicmart.andreevmaster.com\/sv\/wp-json\/wp\/v2\/product_tag?post=11081"}],"curies":[{"name":"wp","href":"https:\/\/api.w.org\/{rel}","templated":true}]}}