{"id":11080,"date":"2026-02-27T00:09:18","date_gmt":"2026-02-27T00:09:18","guid":{"rendered":"https:\/\/nordicmart.andreevmaster.com\/product\/fly-sangklader-med-fyllning-storlek-s\/"},"modified":"2026-02-27T08:04:33","modified_gmt":"2026-02-27T08:04:33","slug":"fly-sangklader-med-fyllning-storlek-s","status":"publish","type":"product","link":"https:\/\/nordicmart.andreevmaster.com\/sv\/produkt\/fly-sangklader-med-fyllning-storlek-s\/","title":{"rendered":"Fly  s\u00e4ngkl\u00e4der med fyllning storlek S"},"content":{"rendered":"<p>S\u00e4ngkl\u00e4desset best\u00e5ende av t\u00e4cke och kudde med fyllning. Tillverkat av h\u00f6gkvalitativ bomull med **OEKO-TEX Standard 100**-certifikat. Fyllningen i s\u00e4ngkl\u00e4derna \u00e4r gjord av en fj\u00e4drande och fluffig allergiv\u00e4nlig silikonfiber med avancerade v\u00e4rmereglerande egenskaper som ger h\u00f6g sovkomfort.  S\u00e4ngkl\u00e4derna, inklusive fyllningen, kan tv\u00e4ttas i maskin, vilket g\u00f6r dem till ett utm\u00e4rkt val f\u00f6r allergiker. S\u00e4ngkl\u00e4derna har designats och tillverkats i Polen med omsorg om varje detalj. Produkten \u00e4r f\u00f6rpackad i en transparent, biologiskt nedbrytbar p\u00e5se. En utm\u00e4rkt presentid\u00e9 till babyshower, f\u00f6delsedag eller andra speciella tillf\u00e4llen.   **Detaljer:** &#8211; p\u00e5slakan och \u00f6rngott tillverkade av h\u00f6gkvalitativ bomull med ** OEKO-TEX-certifikat** &#8211; s\u00e4ngkl\u00e4der fyllda med certifierad allergiv\u00e4nlig silikonfiber &#8211; kudde med volang<br \/>\n &#8211; det tryckta m\u00f6nstret bleknar inte, \u00e4ven efter upprepade tv\u00e4ttar &#8211; l\u00e4mplig f\u00f6r barnvagn, vagga eller spj\u00e4ls\u00e4ng<\/p>\n<p> Avsedd f\u00f6r barn upp till 3 \u00e5r.  Anv\u00e4nds under f\u00f6r\u00e4ldrarnas uppsikt.   **Material:** &#8211; 100 % bomull med en tr\u00e5dtjocklek p\u00e5 150 g\/m2 med **Oeko-TEX Standard 100-certifikat ** &#8211; allergiv\u00e4nlig silikonfiber med en tr\u00e5dtjocklek p\u00e5 200 g\/m2<br \/>\n **M\u00e5tt:** &#8211; kudde: 30&#215;40 cm (+4 cm volang)<br \/>\n &#8211; t\u00e4cke: 80&#215;100 cm (utan volang)<br \/>\n  **Tv\u00e4ttanvisningar:**<br \/>\n &#8211; maskintv\u00e4tt 40\u00b0<br \/>\n &#8211; strykning vid h\u00f6gst 110\u00b0<br \/>\n &#8211; blekning ej till\u00e5ten<br \/>\n &#8211; torktumling ej till\u00e5ten<\/p>\n","protected":false},"excerpt":{"rendered":"<p>S\u00e4ngkl\u00e4desset best\u00e5ende av t\u00e4cke och kudde med fyllning. Tillverkat av h\u00f6gkvalitativ bomull med **OEKO-TEX Standard 100**-certifikat. Fyllningen i s\u00e4ngkl\u00e4derna \u00e4r gjord av en fj\u00e4drande och fluffig allergiv\u00e4nlig silikonfiber med avancerade v\u00e4rmereglerande egenskaper som ger h\u00f6g sovkomfort. S\u00e4ngkl\u00e4derna, inklusive fyllningen, kan tv\u00e4ttas i maskin, vilket g\u00f6r dem till ett utm\u00e4rkt val f\u00f6r allergiker. S\u00e4ngkl\u00e4derna har designats [&hellip;]<\/p>\n","protected":false},"featured_media":0,"comment_status":"open","ping_status":"closed","template":"","meta":[],"product_brand":[],"product_cat":[33],"product_tag":[],"class_list":{"0":"post-11080","1":"product","2":"type-product","3":"status-publish","5":"product_cat-okategoriserad","7":"first","8":"instock","9":"shipping-taxable","10":"purchasable","11":"product-type-simple"},"_links":{"self":[{"href":"https:\/\/nordicmart.andreevmaster.com\/sv\/wp-json\/wp\/v2\/product\/11080","targetHints":{"allow":["GET"]}}],"collection":[{"href":"https:\/\/nordicmart.andreevmaster.com\/sv\/wp-json\/wp\/v2\/product"}],"about":[{"href":"https:\/\/nordicmart.andreevmaster.com\/sv\/wp-json\/wp\/v2\/types\/product"}],"replies":[{"embeddable":true,"href":"https:\/\/nordicmart.andreevmaster.com\/sv\/wp-json\/wp\/v2\/comments?post=11080"}],"wp:attachment":[{"href":"https:\/\/nordicmart.andreevmaster.com\/sv\/wp-json\/wp\/v2\/media?parent=11080"}],"wp:term":[{"taxonomy":"product_brand","embeddable":true,"href":"https:\/\/nordicmart.andreevmaster.com\/sv\/wp-json\/wp\/v2\/product_brand?post=11080"},{"taxonomy":"product_cat","embeddable":true,"href":"https:\/\/nordicmart.andreevmaster.com\/sv\/wp-json\/wp\/v2\/product_cat?post=11080"},{"taxonomy":"product_tag","embeddable":true,"href":"https:\/\/nordicmart.andreevmaster.com\/sv\/wp-json\/wp\/v2\/product_tag?post=11080"}],"curies":[{"name":"wp","href":"https:\/\/api.w.org\/{rel}","templated":true}]}}