{"id":11071,"date":"2026-02-27T00:09:16","date_gmt":"2026-02-27T00:09:16","guid":{"rendered":"https:\/\/nordicmart.andreevmaster.com\/product\/fly-bomullsfilt-gra\/"},"modified":"2026-02-27T08:04:31","modified_gmt":"2026-02-27T08:04:31","slug":"fly-bomullsfilt-gra","status":"publish","type":"product","link":"https:\/\/nordicmart.andreevmaster.com\/sv\/produkt\/fly-bomullsfilt-gra\/","title":{"rendered":"Fly Bomullsfilt gr\u00e5"},"content":{"rendered":"<p>En dubbelsidig v\u00e4vd bomullsfilt fr\u00e5n FLY-kollektionen \u00e4r ett m\u00e5ste i varje babyutstyrsel. Tack vare det mjuka och l\u00e4tta tyget \u00e4r den perfekt att svepa in barnet i under promenader eller som ers\u00e4ttning f\u00f6r t\u00e4cket i spj\u00e4ls\u00e4ngen.<br \/>\nFilten \u00e4r tillverkad av bomull av h\u00f6gsta kvalitet som inte t\u00f6jer sig eller deformeras \u00e4ven efter upprepade tv\u00e4ttar och som inte \u00e4r ben\u00e4gen att noppa sig.<\/p>\n<p>Finns i tv\u00e5 f\u00e4rgkombinationer: klassiskt gr\u00e5tt  med fina vita detaljer.<\/p>\n<p>**Sk\u00f6tselr\u00e5d:**<br \/>\n&#8211; maskintv\u00e4tt 40 \u00b0C<br \/>\n&#8211; strykning vid h\u00f6gst 110 \u00b0C<br \/>\n&#8211; blekning ej till\u00e5ten<br \/>\n&#8211; torktumling ej till\u00e5ten<\/p>\n<p>**Material:**<br \/>\n&#8211; 100 % bomull med **Oeko-TEX Standard 100-certifikat**<\/p>\n<p>**M\u00e5tt:**<\/p>\n<p>80&#215;100 cm<\/p>\n","protected":false},"excerpt":{"rendered":"<p>En dubbelsidig v\u00e4vd bomullsfilt fr\u00e5n FLY-kollektionen \u00e4r ett m\u00e5ste i varje babyutstyrsel. Tack vare det mjuka och l\u00e4tta tyget \u00e4r den perfekt att svepa in barnet i under promenader eller som ers\u00e4ttning f\u00f6r t\u00e4cket i spj\u00e4ls\u00e4ngen. Filten \u00e4r tillverkad av bomull av h\u00f6gsta kvalitet som inte t\u00f6jer sig eller deformeras \u00e4ven efter upprepade tv\u00e4ttar och [&hellip;]<\/p>\n","protected":false},"featured_media":0,"comment_status":"open","ping_status":"closed","template":"","meta":[],"product_brand":[],"product_cat":[33],"product_tag":[],"class_list":{"0":"post-11071","1":"product","2":"type-product","3":"status-publish","5":"product_cat-okategoriserad","7":"first","8":"instock","9":"shipping-taxable","10":"purchasable","11":"product-type-simple"},"_links":{"self":[{"href":"https:\/\/nordicmart.andreevmaster.com\/sv\/wp-json\/wp\/v2\/product\/11071","targetHints":{"allow":["GET"]}}],"collection":[{"href":"https:\/\/nordicmart.andreevmaster.com\/sv\/wp-json\/wp\/v2\/product"}],"about":[{"href":"https:\/\/nordicmart.andreevmaster.com\/sv\/wp-json\/wp\/v2\/types\/product"}],"replies":[{"embeddable":true,"href":"https:\/\/nordicmart.andreevmaster.com\/sv\/wp-json\/wp\/v2\/comments?post=11071"}],"wp:attachment":[{"href":"https:\/\/nordicmart.andreevmaster.com\/sv\/wp-json\/wp\/v2\/media?parent=11071"}],"wp:term":[{"taxonomy":"product_brand","embeddable":true,"href":"https:\/\/nordicmart.andreevmaster.com\/sv\/wp-json\/wp\/v2\/product_brand?post=11071"},{"taxonomy":"product_cat","embeddable":true,"href":"https:\/\/nordicmart.andreevmaster.com\/sv\/wp-json\/wp\/v2\/product_cat?post=11071"},{"taxonomy":"product_tag","embeddable":true,"href":"https:\/\/nordicmart.andreevmaster.com\/sv\/wp-json\/wp\/v2\/product_tag?post=11071"}],"curies":[{"name":"wp","href":"https:\/\/api.w.org\/{rel}","templated":true}]}}