{"id":11068,"date":"2026-02-27T00:09:15","date_gmt":"2026-02-27T00:09:15","guid":{"rendered":"https:\/\/nordicmart.andreevmaster.com\/product\/flakes-bolster-2\/"},"modified":"2026-02-27T08:04:31","modified_gmt":"2026-02-27T08:04:31","slug":"flakes-bolster-2","status":"publish","type":"product","link":"https:\/\/nordicmart.andreevmaster.com\/sv\/produkt\/flakes-bolster-2\/","title":{"rendered":"Flakes bolster"},"content":{"rendered":"<p>Detaljer: <\/p>\n<p>&#8211; avtagbart \u00f6verdrag <\/p>\n<p>&#8211; alternativ till skydd<br \/>\n &#8211; kan anv\u00e4ndas n\u00e4r du tr\u00e4nar och leker med barnet <\/p>\n<p>&#8211; fin dekoration till barns\u00e4ngen <\/p>\n<p>&#8211; kan anv\u00e4ndas som st\u00f6d f\u00f6r barnet vid matning <\/p>\n<p>&#8211; st\u00f6d f\u00f6r huvud eller ben <\/p>\n<p>Tv\u00e4ttanvisningar: &#8211; maskintv\u00e4tt vid 40 \u00b0C &#8211; strykning vid h\u00f6gst 110 \u00b0C &#8211; blekning ej till\u00e5ten &#8211; torktumling ej till\u00e5ten  <\/p>\n<p>Material:- 100 % bomull med en tr\u00e5dvikt p\u00e5 150 g\/m2 med Oeko-TEX Standard 100 IW 00034-certifikat <\/p>\n<p>&#8211; allergiv\u00e4nlig silikonfiber med en tr\u00e5dvikt p\u00e5 200 g\/m2 <\/p>\n<p> M\u00e5tt: <\/p>\n<p>15&#215;70 cm<\/p>\n","protected":false},"excerpt":{"rendered":"<p>Detaljer: &#8211; avtagbart \u00f6verdrag &#8211; alternativ till skydd &#8211; kan anv\u00e4ndas n\u00e4r du tr\u00e4nar och leker med barnet &#8211; fin dekoration till barns\u00e4ngen &#8211; kan anv\u00e4ndas som st\u00f6d f\u00f6r barnet vid matning &#8211; st\u00f6d f\u00f6r huvud eller ben Tv\u00e4ttanvisningar: &#8211; maskintv\u00e4tt vid 40 \u00b0C &#8211; strykning vid h\u00f6gst 110 \u00b0C &#8211; blekning ej till\u00e5ten &#8211; [&hellip;]<\/p>\n","protected":false},"featured_media":0,"comment_status":"open","ping_status":"closed","template":"","meta":[],"product_brand":[],"product_cat":[33],"product_tag":[],"class_list":{"0":"post-11068","1":"product","2":"type-product","3":"status-publish","5":"product_cat-okategoriserad","7":"first","8":"instock","9":"shipping-taxable","10":"purchasable","11":"product-type-simple"},"_links":{"self":[{"href":"https:\/\/nordicmart.andreevmaster.com\/sv\/wp-json\/wp\/v2\/product\/11068","targetHints":{"allow":["GET"]}}],"collection":[{"href":"https:\/\/nordicmart.andreevmaster.com\/sv\/wp-json\/wp\/v2\/product"}],"about":[{"href":"https:\/\/nordicmart.andreevmaster.com\/sv\/wp-json\/wp\/v2\/types\/product"}],"replies":[{"embeddable":true,"href":"https:\/\/nordicmart.andreevmaster.com\/sv\/wp-json\/wp\/v2\/comments?post=11068"}],"wp:attachment":[{"href":"https:\/\/nordicmart.andreevmaster.com\/sv\/wp-json\/wp\/v2\/media?parent=11068"}],"wp:term":[{"taxonomy":"product_brand","embeddable":true,"href":"https:\/\/nordicmart.andreevmaster.com\/sv\/wp-json\/wp\/v2\/product_brand?post=11068"},{"taxonomy":"product_cat","embeddable":true,"href":"https:\/\/nordicmart.andreevmaster.com\/sv\/wp-json\/wp\/v2\/product_cat?post=11068"},{"taxonomy":"product_tag","embeddable":true,"href":"https:\/\/nordicmart.andreevmaster.com\/sv\/wp-json\/wp\/v2\/product_tag?post=11068"}],"curies":[{"name":"wp","href":"https:\/\/api.w.org\/{rel}","templated":true}]}}