{"id":11066,"date":"2026-02-27T00:09:15","date_gmt":"2026-02-27T00:09:15","guid":{"rendered":"https:\/\/nordicmart.andreevmaster.com\/product\/flakes-lakan-storlek-70x140\/"},"modified":"2026-02-27T08:04:31","modified_gmt":"2026-02-27T08:04:31","slug":"flakes-lakan-storlek-70x140","status":"publish","type":"product","link":"https:\/\/nordicmart.andreevmaster.com\/sv\/produkt\/flakes-lakan-storlek-70x140\/","title":{"rendered":"Flakes lakan storlek  70&#215;140"},"content":{"rendered":"<p>**Detaljer:** &#8211; lakan tillverkat av naturlig bomull med **Oeko-TEX Standard 100 IW 00034**-certifikat &#8211; mjukt och sk\u00f6nt att ta p\u00e5 &#8211; med elastisk kant som f\u00f6rhindrar att lakanet glider p\u00e5 madrassen &#8211; perfekt f\u00f6r spj\u00e4ls\u00e4ngar i storlek 70&#215;140<\/p>\n<p> **M\u00e5tt:** M: 70&#215;140 cm, h\u00f6jd 13 cm   **Material:** &#8211; 100 % bomull med en tr\u00e5dtjocklek p\u00e5 150 g\/m2 med **Oeko-TEX Standard 100-certifikat **   **Tv\u00e4ttanvisningar:**<br \/>\n &#8211; maskintv\u00e4tt 40\u00b0<br \/>\n &#8211; strykning vid h\u00f6gst 110\u00b0<br \/>\n &#8211; blekning ej till\u00e5ten<br \/>\n &#8211; torktumling ej till\u00e5ten<\/p>\n","protected":false},"excerpt":{"rendered":"<p>**Detaljer:** &#8211; lakan tillverkat av naturlig bomull med **Oeko-TEX Standard 100 IW 00034**-certifikat &#8211; mjukt och sk\u00f6nt att ta p\u00e5 &#8211; med elastisk kant som f\u00f6rhindrar att lakanet glider p\u00e5 madrassen &#8211; perfekt f\u00f6r spj\u00e4ls\u00e4ngar i storlek 70&#215;140 **M\u00e5tt:** M: 70&#215;140 cm, h\u00f6jd 13 cm **Material:** &#8211; 100 % bomull med en tr\u00e5dtjocklek p\u00e5 150 [&hellip;]<\/p>\n","protected":false},"featured_media":0,"comment_status":"open","ping_status":"closed","template":"","meta":[],"product_brand":[],"product_cat":[33],"product_tag":[],"class_list":{"0":"post-11066","1":"product","2":"type-product","3":"status-publish","5":"product_cat-okategoriserad","7":"first","8":"instock","9":"shipping-taxable","10":"purchasable","11":"product-type-simple"},"_links":{"self":[{"href":"https:\/\/nordicmart.andreevmaster.com\/sv\/wp-json\/wp\/v2\/product\/11066","targetHints":{"allow":["GET"]}}],"collection":[{"href":"https:\/\/nordicmart.andreevmaster.com\/sv\/wp-json\/wp\/v2\/product"}],"about":[{"href":"https:\/\/nordicmart.andreevmaster.com\/sv\/wp-json\/wp\/v2\/types\/product"}],"replies":[{"embeddable":true,"href":"https:\/\/nordicmart.andreevmaster.com\/sv\/wp-json\/wp\/v2\/comments?post=11066"}],"wp:attachment":[{"href":"https:\/\/nordicmart.andreevmaster.com\/sv\/wp-json\/wp\/v2\/media?parent=11066"}],"wp:term":[{"taxonomy":"product_brand","embeddable":true,"href":"https:\/\/nordicmart.andreevmaster.com\/sv\/wp-json\/wp\/v2\/product_brand?post=11066"},{"taxonomy":"product_cat","embeddable":true,"href":"https:\/\/nordicmart.andreevmaster.com\/sv\/wp-json\/wp\/v2\/product_cat?post=11066"},{"taxonomy":"product_tag","embeddable":true,"href":"https:\/\/nordicmart.andreevmaster.com\/sv\/wp-json\/wp\/v2\/product_tag?post=11066"}],"curies":[{"name":"wp","href":"https:\/\/api.w.org\/{rel}","templated":true}]}}