{"id":11062,"date":"2026-02-27T00:09:14","date_gmt":"2026-02-27T00:09:14","guid":{"rendered":"https:\/\/nordicmart.andreevmaster.com\/product\/flakes-dekorativ-kudde-stjarna\/"},"modified":"2026-02-27T08:04:30","modified_gmt":"2026-02-27T08:04:30","slug":"flakes-dekorativ-kudde-stjarna","status":"publish","type":"product","link":"https:\/\/nordicmart.andreevmaster.com\/sv\/produkt\/flakes-dekorativ-kudde-stjarna\/","title":{"rendered":"Flakes dekorativ  kudde stj\u00e4rna"},"content":{"rendered":"<p>**Detaljer:** &#8211; \u00f6rngott tillverkat av naturlig bomull med Oeko-TEX Standard 100**certifikat** &#8211; fyllning av allergiv\u00e4nlig fiber &#8211; ger ett dekorativt inslag i alla barnrum<br \/>\n &#8211; passar \u00e4ven utm\u00e4rkt i vardagsrummet eller f\u00f6r\u00e4ldrarnas sovrum   **Tv\u00e4ttanvisningar:** &#8211; maskintv\u00e4tt vid 40 \u00b0C &#8211; strykning vid h\u00f6gst 110 \u00b0C<br \/>\n &#8211; blekning ej till\u00e5ten<br \/>\n &#8211; torktumling ej till\u00e5ten   **Material:** &#8211; 100 % bomull med en tr\u00e5dvikt p\u00e5 150 g\/m2 med **Oeko-TEX Standard 100 IW 00034**-certifikat &#8211; allergiv\u00e4nlig silikonfiber med en tr\u00e5dvikt p\u00e5 200 g\/m2<br \/>\n **M\u00e5tt:** \u00d8 50 cm<\/p>\n","protected":false},"excerpt":{"rendered":"<p>**Detaljer:** &#8211; \u00f6rngott tillverkat av naturlig bomull med Oeko-TEX Standard 100**certifikat** &#8211; fyllning av allergiv\u00e4nlig fiber &#8211; ger ett dekorativt inslag i alla barnrum &#8211; passar \u00e4ven utm\u00e4rkt i vardagsrummet eller f\u00f6r\u00e4ldrarnas sovrum **Tv\u00e4ttanvisningar:** &#8211; maskintv\u00e4tt vid 40 \u00b0C &#8211; strykning vid h\u00f6gst 110 \u00b0C &#8211; blekning ej till\u00e5ten &#8211; torktumling ej till\u00e5ten **Material:** &#8211; [&hellip;]<\/p>\n","protected":false},"featured_media":0,"comment_status":"open","ping_status":"closed","template":"","meta":[],"product_brand":[],"product_cat":[33],"product_tag":[],"class_list":{"0":"post-11062","1":"product","2":"type-product","3":"status-publish","5":"product_cat-okategoriserad","7":"first","8":"instock","9":"shipping-taxable","10":"purchasable","11":"product-type-simple"},"_links":{"self":[{"href":"https:\/\/nordicmart.andreevmaster.com\/sv\/wp-json\/wp\/v2\/product\/11062","targetHints":{"allow":["GET"]}}],"collection":[{"href":"https:\/\/nordicmart.andreevmaster.com\/sv\/wp-json\/wp\/v2\/product"}],"about":[{"href":"https:\/\/nordicmart.andreevmaster.com\/sv\/wp-json\/wp\/v2\/types\/product"}],"replies":[{"embeddable":true,"href":"https:\/\/nordicmart.andreevmaster.com\/sv\/wp-json\/wp\/v2\/comments?post=11062"}],"wp:attachment":[{"href":"https:\/\/nordicmart.andreevmaster.com\/sv\/wp-json\/wp\/v2\/media?parent=11062"}],"wp:term":[{"taxonomy":"product_brand","embeddable":true,"href":"https:\/\/nordicmart.andreevmaster.com\/sv\/wp-json\/wp\/v2\/product_brand?post=11062"},{"taxonomy":"product_cat","embeddable":true,"href":"https:\/\/nordicmart.andreevmaster.com\/sv\/wp-json\/wp\/v2\/product_cat?post=11062"},{"taxonomy":"product_tag","embeddable":true,"href":"https:\/\/nordicmart.andreevmaster.com\/sv\/wp-json\/wp\/v2\/product_tag?post=11062"}],"curies":[{"name":"wp","href":"https:\/\/api.w.org\/{rel}","templated":true}]}}