{"id":11059,"date":"2026-02-27T00:09:14","date_gmt":"2026-02-27T00:09:14","guid":{"rendered":"https:\/\/nordicmart.andreevmaster.com\/product\/feber-casual-4-i-1-vattenbord-med-lock-sandlada-skrivbord-picknickbord-och-tillbehor\/"},"modified":"2026-02-27T08:04:30","modified_gmt":"2026-02-27T08:04:30","slug":"feber-casual-4-i-1-vattenbord-med-lock-sandlada-skrivbord-picknickbord-och-tillbehor","status":"publish","type":"product","link":"https:\/\/nordicmart.andreevmaster.com\/sv\/produkt\/feber-casual-4-i-1-vattenbord-med-lock-sandlada-skrivbord-picknickbord-och-tillbehor\/","title":{"rendered":"FEBER CASUAL 4-i-1 vattenbord med lock, sandl\u00e5da, skrivbord, picknickbord och tillbeh\u00f6r"},"content":{"rendered":"<p>CASUAL vattenbord med lock, 4-i-1 sandl\u00e5da, skrivbord, picknickbord och tillbeh\u00f6r fr\u00e5n det v\u00e4lk\u00e4nda f\u00f6retaget Feber \u00e4r ett oumb\u00e4rligt inslag p\u00e5 alla lekplatser, b\u00e5de hemma och p\u00e5 offentliga platser. Bordet har tv\u00e5 fack som kan fyllas med sand eller vatten. Dessutom finns det en kvarn i mitten av bordet, vilket g\u00f6r leken \u00e4nnu roligare. Hela bordet \u00e4r utformat med de yngsta barnen i \u00e5tanke, d\u00e4rf\u00f6r har det rundade kanter. N\u00e4r locket \u00e4r p\u00e5 kan setet anv\u00e4ndas som ritbord, med f\u00f6rvaringsfack f\u00f6r till exempel kritor. Feber sandl\u00e5dor \u00e4r tillverkade av h\u00f6gkvalitativa material med uppm\u00e4rksamhet p\u00e5 de minsta detaljerna. Plasten \u00e4r belagd med en UV-bel\u00e4ggning f\u00f6r att bevara f\u00e4rgernas kvalitet under l\u00e5ng tid. Sandl\u00e5dorna kan kombineras med andra lekplatser eller tr\u00e4dg\u00e5rdshus f\u00f6r att skapa en unik plats f\u00f6r barn att leka p\u00e5.<br \/>\nEgenskaper:<br \/>\n* &#8211; bordet har tv\u00e5 fack d\u00e4r sand eller vatten kan h\u00e4llas,<br \/>\n* &#8211; det finns en kvarn i bordets mitt,<br \/>\n* &#8211; bordet har rundade kanter,<br \/>\n* &#8211; plasten \u00e4r belagd med en UV-bel\u00e4ggning som bevarar f\u00e4rgernas kvalitet under l\u00e5ng tid,* &#8211; tack vare de tjockare benen \u00e4r bordet mycket stabilt,<br \/>\n* &#8211; setet inneh\u00e5ller ett skydd f\u00f6r bordet och 5 tillbeh\u00f6r,<br \/>\n* &#8211; setet kan anv\u00e4ndas som ritbord,<br \/>\n* &#8211; produkten \u00e4r idealisk som picknickbord f\u00f6r barn,<br \/>\n* &#8211; produkten \u00e4r tillverkad av h\u00f6gkvalitativt material,<br \/>\n* &#8211; tillverkad med omsorg om detaljerna.<\/p>\n","protected":false},"excerpt":{"rendered":"<p>CASUAL vattenbord med lock, 4-i-1 sandl\u00e5da, skrivbord, picknickbord och tillbeh\u00f6r fr\u00e5n det v\u00e4lk\u00e4nda f\u00f6retaget Feber \u00e4r ett oumb\u00e4rligt inslag p\u00e5 alla lekplatser, b\u00e5de hemma och p\u00e5 offentliga platser. Bordet har tv\u00e5 fack som kan fyllas med sand eller vatten. Dessutom finns det en kvarn i mitten av bordet, vilket g\u00f6r leken \u00e4nnu roligare. Hela bordet [&hellip;]<\/p>\n","protected":false},"featured_media":0,"comment_status":"open","ping_status":"closed","template":"","meta":[],"product_brand":[],"product_cat":[33],"product_tag":[],"class_list":{"0":"post-11059","1":"product","2":"type-product","3":"status-publish","5":"product_cat-okategoriserad","7":"first","8":"instock","9":"shipping-taxable","10":"purchasable","11":"product-type-simple"},"_links":{"self":[{"href":"https:\/\/nordicmart.andreevmaster.com\/sv\/wp-json\/wp\/v2\/product\/11059","targetHints":{"allow":["GET"]}}],"collection":[{"href":"https:\/\/nordicmart.andreevmaster.com\/sv\/wp-json\/wp\/v2\/product"}],"about":[{"href":"https:\/\/nordicmart.andreevmaster.com\/sv\/wp-json\/wp\/v2\/types\/product"}],"replies":[{"embeddable":true,"href":"https:\/\/nordicmart.andreevmaster.com\/sv\/wp-json\/wp\/v2\/comments?post=11059"}],"wp:attachment":[{"href":"https:\/\/nordicmart.andreevmaster.com\/sv\/wp-json\/wp\/v2\/media?parent=11059"}],"wp:term":[{"taxonomy":"product_brand","embeddable":true,"href":"https:\/\/nordicmart.andreevmaster.com\/sv\/wp-json\/wp\/v2\/product_brand?post=11059"},{"taxonomy":"product_cat","embeddable":true,"href":"https:\/\/nordicmart.andreevmaster.com\/sv\/wp-json\/wp\/v2\/product_cat?post=11059"},{"taxonomy":"product_tag","embeddable":true,"href":"https:\/\/nordicmart.andreevmaster.com\/sv\/wp-json\/wp\/v2\/product_tag?post=11059"}],"curies":[{"name":"wp","href":"https:\/\/api.w.org\/{rel}","templated":true}]}}