{"id":11058,"date":"2026-02-27T00:09:14","date_gmt":"2026-02-27T00:09:14","guid":{"rendered":"https:\/\/nordicmart.andreevmaster.com\/product\/feber-bluey-barnens-tradgardshus-brevlada\/"},"modified":"2026-02-27T08:04:30","modified_gmt":"2026-02-27T08:04:30","slug":"feber-bluey-barnens-tradgardshus-brevlada","status":"publish","type":"product","link":"https:\/\/nordicmart.andreevmaster.com\/sv\/produkt\/feber-bluey-barnens-tradgardshus-brevlada\/","title":{"rendered":"FEBER BLUEY Barnens tr\u00e4dg\u00e5rdshus Brevl\u00e5da"},"content":{"rendered":"<p>V\u00e4lkommen till en v\u00e4rld av kreativa lekar med Bluey House tr\u00e4dg\u00e5rdshus! Detta charmiga lekhus fr\u00e5n FEBER, inspirerat av den popul\u00e4ra tecknade serien Bluey, f\u00f6rflyttar ditt barn till en v\u00e4rld med sina favoritkarakt\u00e4rer. Lekhuset har en entr\u00e9d\u00f6rr med en \u00f6ppning som kan anv\u00e4ndas som brevl\u00e5da, vilket ger leken en realistisk k\u00e4nsla. Huset \u00e4r tillverkat av h\u00f6gkvalitativ UV-best\u00e4ndig plast, \u00e4r enkelt att montera och garanterar s\u00e4kerhet under anv\u00e4ndning. Det \u00e4r inte bara en leksak, det \u00e4r en plats d\u00e4r barn kan skapa sina egna ber\u00e4ttelser och spela upp sina favoritscener fr\u00e5n tecknade serien. Gl\u00e4dje och leenden p\u00e5 ditt barns ansikte \u00e4r garanterade!<\/p>\n<p>Egenskaper:<\/p>\n<p>* &#8211; Entr\u00e9d\u00f6rr med en \u00f6ppning som fungerar som brevl\u00e5da<br \/>\n* &#8211; Tillverkad av h\u00f6gkvalitativ UV-best\u00e4ndig plast<br \/>\n* &#8211; Enkel montering f\u00f6r snabb f\u00f6rberedelse f\u00f6r lek<br \/>\n* &#8211; Stabil konstruktion som garanterar s\u00e4kerhet under anv\u00e4ndning<br \/>\n* &#8211; Licensierad produkt inspirerad av tecknade serien Bluey, vilket g\u00f6r lekstugan attraktiv f\u00f6r unga fans av serien<\/p>\n<p>Leksaken utvecklar:<\/p>\n<p>* &#8211; Kreativitet och fantasi<br \/>\n* &#8211; Sociala f\u00e4rdigheter och interaktivitet genom gruppspel<br \/>\n* &#8211; Motoriska f\u00e4rdigheter genom olika former av fysisk aktivitet som kan utf\u00f6ras i lekstugan<\/p>\n","protected":false},"excerpt":{"rendered":"<p>V\u00e4lkommen till en v\u00e4rld av kreativa lekar med Bluey House tr\u00e4dg\u00e5rdshus! Detta charmiga lekhus fr\u00e5n FEBER, inspirerat av den popul\u00e4ra tecknade serien Bluey, f\u00f6rflyttar ditt barn till en v\u00e4rld med sina favoritkarakt\u00e4rer. Lekhuset har en entr\u00e9d\u00f6rr med en \u00f6ppning som kan anv\u00e4ndas som brevl\u00e5da, vilket ger leken en realistisk k\u00e4nsla. Huset \u00e4r tillverkat av h\u00f6gkvalitativ [&hellip;]<\/p>\n","protected":false},"featured_media":0,"comment_status":"open","ping_status":"closed","template":"","meta":[],"product_brand":[],"product_cat":[33],"product_tag":[],"class_list":{"0":"post-11058","1":"product","2":"type-product","3":"status-publish","5":"product_cat-okategoriserad","7":"first","8":"instock","9":"shipping-taxable","10":"purchasable","11":"product-type-simple"},"_links":{"self":[{"href":"https:\/\/nordicmart.andreevmaster.com\/sv\/wp-json\/wp\/v2\/product\/11058","targetHints":{"allow":["GET"]}}],"collection":[{"href":"https:\/\/nordicmart.andreevmaster.com\/sv\/wp-json\/wp\/v2\/product"}],"about":[{"href":"https:\/\/nordicmart.andreevmaster.com\/sv\/wp-json\/wp\/v2\/types\/product"}],"replies":[{"embeddable":true,"href":"https:\/\/nordicmart.andreevmaster.com\/sv\/wp-json\/wp\/v2\/comments?post=11058"}],"wp:attachment":[{"href":"https:\/\/nordicmart.andreevmaster.com\/sv\/wp-json\/wp\/v2\/media?parent=11058"}],"wp:term":[{"taxonomy":"product_brand","embeddable":true,"href":"https:\/\/nordicmart.andreevmaster.com\/sv\/wp-json\/wp\/v2\/product_brand?post=11058"},{"taxonomy":"product_cat","embeddable":true,"href":"https:\/\/nordicmart.andreevmaster.com\/sv\/wp-json\/wp\/v2\/product_cat?post=11058"},{"taxonomy":"product_tag","embeddable":true,"href":"https:\/\/nordicmart.andreevmaster.com\/sv\/wp-json\/wp\/v2\/product_tag?post=11058"}],"curies":[{"name":"wp","href":"https:\/\/api.w.org\/{rel}","templated":true}]}}