{"id":11057,"date":"2026-02-27T00:09:13","date_gmt":"2026-02-27T00:09:13","guid":{"rendered":"https:\/\/nordicmart.andreevmaster.com\/product\/feber-6v-batteridriven-fyrhjuling-racy-bluey\/"},"modified":"2026-02-27T08:04:30","modified_gmt":"2026-02-27T08:04:30","slug":"feber-6v-batteridriven-fyrhjuling-racy-bluey","status":"publish","type":"product","link":"https:\/\/nordicmart.andreevmaster.com\/sv\/produkt\/feber-6v-batteridriven-fyrhjuling-racy-bluey\/","title":{"rendered":"FEBER 6V batteridriven fyrhjuling Racy BLUEY"},"content":{"rendered":"<p>V\u00e4lkommen till Blueys sagov\u00e4rld med FEBER BLUEY QUAD! Denna bl\u00e5 batteridrivna fyrhjuling \u00e4r en riktig h\u00f6jdare f\u00f6r sm\u00e5 uppt\u00e4cktsresande. Den \u00e4r tillverkad enligt den senaste tekniken och de h\u00f6gsta s\u00e4kerhetsstandarderna, vilket garanterar exceptionell stabilitet och s\u00e4kerhet under k\u00f6rning. Gas och broms i en pedal g\u00f6r den enkel att man\u00f6vrera, och fyrhjulingen \u00e4r idealisk f\u00f6r barn fr\u00e5n 18 m\u00e5nader. Den kan anv\u00e4ndas b\u00e5de inomhus och utomhus. <\/p>\n<p>Egenskaper: <\/p>\n<p>* &#8211; F\u00f6r barn fr\u00e5n 18 m\u00e5nader.* &#8211; Bl\u00e5 batteridriven fyrhjuling med licens fr\u00e5n Bluey. * &#8211; Levereras med laddare. * &#8211; Gas och broms i en pedal. * &#8211; Hastighet upp till 2 km\/h. * &#8211; Tillverkad av v\u00e4der- och UV-best\u00e4ndig plast. * &#8211; Maximal belastning: 20 kg.<\/p>\n","protected":false},"excerpt":{"rendered":"<p>V\u00e4lkommen till Blueys sagov\u00e4rld med FEBER BLUEY QUAD! Denna bl\u00e5 batteridrivna fyrhjuling \u00e4r en riktig h\u00f6jdare f\u00f6r sm\u00e5 uppt\u00e4cktsresande. Den \u00e4r tillverkad enligt den senaste tekniken och de h\u00f6gsta s\u00e4kerhetsstandarderna, vilket garanterar exceptionell stabilitet och s\u00e4kerhet under k\u00f6rning. Gas och broms i en pedal g\u00f6r den enkel att man\u00f6vrera, och fyrhjulingen \u00e4r idealisk f\u00f6r barn [&hellip;]<\/p>\n","protected":false},"featured_media":0,"comment_status":"open","ping_status":"closed","template":"","meta":[],"product_brand":[],"product_cat":[33],"product_tag":[],"class_list":{"0":"post-11057","1":"product","2":"type-product","3":"status-publish","5":"product_cat-okategoriserad","7":"first","8":"instock","9":"shipping-taxable","10":"purchasable","11":"product-type-simple"},"_links":{"self":[{"href":"https:\/\/nordicmart.andreevmaster.com\/sv\/wp-json\/wp\/v2\/product\/11057","targetHints":{"allow":["GET"]}}],"collection":[{"href":"https:\/\/nordicmart.andreevmaster.com\/sv\/wp-json\/wp\/v2\/product"}],"about":[{"href":"https:\/\/nordicmart.andreevmaster.com\/sv\/wp-json\/wp\/v2\/types\/product"}],"replies":[{"embeddable":true,"href":"https:\/\/nordicmart.andreevmaster.com\/sv\/wp-json\/wp\/v2\/comments?post=11057"}],"wp:attachment":[{"href":"https:\/\/nordicmart.andreevmaster.com\/sv\/wp-json\/wp\/v2\/media?parent=11057"}],"wp:term":[{"taxonomy":"product_brand","embeddable":true,"href":"https:\/\/nordicmart.andreevmaster.com\/sv\/wp-json\/wp\/v2\/product_brand?post=11057"},{"taxonomy":"product_cat","embeddable":true,"href":"https:\/\/nordicmart.andreevmaster.com\/sv\/wp-json\/wp\/v2\/product_cat?post=11057"},{"taxonomy":"product_tag","embeddable":true,"href":"https:\/\/nordicmart.andreevmaster.com\/sv\/wp-json\/wp\/v2\/product_tag?post=11057"}],"curies":[{"name":"wp","href":"https:\/\/api.w.org\/{rel}","templated":true}]}}