{"id":11055,"date":"2026-02-27T00:09:13","date_gmt":"2026-02-27T00:09:13","guid":{"rendered":"https:\/\/nordicmart.andreevmaster.com\/product\/feber-vattenrutschkana-152-cm\/"},"modified":"2026-02-27T08:04:29","modified_gmt":"2026-02-27T08:04:29","slug":"feber-vattenrutschkana-152-cm","status":"publish","type":"product","link":"https:\/\/nordicmart.andreevmaster.com\/sv\/produkt\/feber-vattenrutschkana-152-cm\/","title":{"rendered":"FEBER Vattenrutschkana 152 cm"},"content":{"rendered":"<p>FEBER F\u00c4RGGRANN RUTSJAKT 152 CM MED VATTENRUTSJAKT \u00e4r en viktig del av varje lekplats, b\u00e5de hemma och p\u00e5 offentliga platser. Feber-rutschkanor \u00e4r tillverkade av h\u00f6gkvalitativa material med omsorg om minsta detalj. Rutschkanorna kan kombineras med andra lekplatser eller tr\u00e4dg\u00e5rdshus f\u00f6r att skapa en unik lekplats f\u00f6r barn.<\/p>\n<p>Egenskaper:<\/p>\n<p>* &#8211; Rutschkanan \u00e4r utrustad med en 152 cm l\u00e5ng rutschkana,<br \/>\n* &#8211; M\u00f6jlighet att ansluta en tr\u00e4dg\u00e5rdsslang till rutschkanan,<br \/>\n* &#8211; Den har h\u00f6ga sidov\u00e4ggar och rundade kanter f\u00f6r bekv\u00e4m och s\u00e4ker lek.* &#8211; Inbyggda handtag,<br \/>\n* &#8211; Den har halkfria steg,<br \/>\n* &#8211; Speciellt konturerat ryggst\u00f6d,<br \/>\n* &#8211; Stabil bred bas,<br \/>\n* &#8211; Plasten \u00e4r belagd med UV-skydd f\u00f6r att bevara f\u00e4rgkvaliteten under l\u00e5ng tid.<\/p>\n","protected":false},"excerpt":{"rendered":"<p>FEBER F\u00c4RGGRANN RUTSJAKT 152 CM MED VATTENRUTSJAKT \u00e4r en viktig del av varje lekplats, b\u00e5de hemma och p\u00e5 offentliga platser. Feber-rutschkanor \u00e4r tillverkade av h\u00f6gkvalitativa material med omsorg om minsta detalj. Rutschkanorna kan kombineras med andra lekplatser eller tr\u00e4dg\u00e5rdshus f\u00f6r att skapa en unik lekplats f\u00f6r barn. Egenskaper: * &#8211; Rutschkanan \u00e4r utrustad med en [&hellip;]<\/p>\n","protected":false},"featured_media":0,"comment_status":"open","ping_status":"closed","template":"","meta":[],"product_brand":[],"product_cat":[33],"product_tag":[],"class_list":{"0":"post-11055","1":"product","2":"type-product","3":"status-publish","5":"product_cat-okategoriserad","7":"first","8":"instock","9":"shipping-taxable","10":"purchasable","11":"product-type-simple"},"_links":{"self":[{"href":"https:\/\/nordicmart.andreevmaster.com\/sv\/wp-json\/wp\/v2\/product\/11055","targetHints":{"allow":["GET"]}}],"collection":[{"href":"https:\/\/nordicmart.andreevmaster.com\/sv\/wp-json\/wp\/v2\/product"}],"about":[{"href":"https:\/\/nordicmart.andreevmaster.com\/sv\/wp-json\/wp\/v2\/types\/product"}],"replies":[{"embeddable":true,"href":"https:\/\/nordicmart.andreevmaster.com\/sv\/wp-json\/wp\/v2\/comments?post=11055"}],"wp:attachment":[{"href":"https:\/\/nordicmart.andreevmaster.com\/sv\/wp-json\/wp\/v2\/media?parent=11055"}],"wp:term":[{"taxonomy":"product_brand","embeddable":true,"href":"https:\/\/nordicmart.andreevmaster.com\/sv\/wp-json\/wp\/v2\/product_brand?post=11055"},{"taxonomy":"product_cat","embeddable":true,"href":"https:\/\/nordicmart.andreevmaster.com\/sv\/wp-json\/wp\/v2\/product_cat?post=11055"},{"taxonomy":"product_tag","embeddable":true,"href":"https:\/\/nordicmart.andreevmaster.com\/sv\/wp-json\/wp\/v2\/product_tag?post=11055"}],"curies":[{"name":"wp","href":"https:\/\/api.w.org\/{rel}","templated":true}]}}