{"id":11054,"date":"2026-02-27T00:09:13","date_gmt":"2026-02-27T00:09:13","guid":{"rendered":"https:\/\/nordicmart.andreevmaster.com\/product\/feber-recycle-eco-garden-house-waste-sorting-green-energy-2\/"},"modified":"2026-02-27T08:04:29","modified_gmt":"2026-02-27T08:04:29","slug":"feber-recycle-eco-garden-house-waste-sorting-green-energy-2","status":"publish","type":"product","link":"https:\/\/nordicmart.andreevmaster.com\/sv\/produkt\/feber-recycle-eco-garden-house-waste-sorting-green-energy-2\/","title":{"rendered":"FEBER Recycle Eco Garden House Waste Sorting Green Energy"},"content":{"rendered":"<p>FEBER Recycle ECO lekstuga \u00e4r tillverkad av 90 % milj\u00f6v\u00e4nlig \u00e5tervunnen plast. Vinnare av ToyAward 2024 p\u00e5 den st\u00f6rsta leksaksm\u00e4ssan i N\u00fcrnberg f\u00f6r sin omfattande milj\u00f6utbildning. Det \u00e4r en perfekt tillverkad lekstuga som erbjuder alla aktiviteter som sm\u00e5 barn beh\u00f6ver f\u00f6r att v\u00e4cka sin nyfikenhet f\u00f6r naturen. Ett fantastiskt st\u00e4lle och ett utm\u00e4rkt s\u00e4tt f\u00f6r barn att l\u00e4ra sig om avfallssortering, \u00e5tervinning, milj\u00f6v\u00e4nlig tr\u00e4dg\u00e5rdssk\u00f6tsel och gr\u00f6n energiproduktion tack vare en vindkraftverk och solpaneler p\u00e5 taket. Setet inneh\u00e5ller 2 \u00e5tervinningsk\u00e4rl (gult och bl\u00e5tt), en liten tr\u00e4dg\u00e5rd (i krukor) och verktyg. Det \u00e4r en fantastisk utomhusaktivitet f\u00f6r barn. De kan leka med att plantera fr\u00f6n och se v\u00e4xterna v\u00e4xa. Det medf\u00f6ljer \u00e4ven en f\u00e5gelmatare. Och regnvatten \u00e4r perfekt f\u00f6r att vattna v\u00e4xter eller blommor. Vindkraftverket och den imiterade solpanelen erbjuder fantastiska funktioner f\u00f6r att l\u00e4ra sig om h\u00e5llbar energi! H\u00e5llbar, enkel att montera och utrustad med ett Anti-UV-system som f\u00f6rhindrar f\u00e4rgf\u00f6rlust och \u00f6kar plastens h\u00e5llbarhet.<br \/>\nFunktioner:<br \/>\n* &#8211; Lekhus f\u00f6r barn fr\u00e5n 2 \u00e5r<br \/>\n* &#8211; Vinnare av ToyAward 2024 p\u00e5 den st\u00f6rsta leksaksm\u00e4ssan i N\u00fcrnberg<br \/>\n* &#8211; Tillverkad av 90 % milj\u00f6v\u00e4nlig \u00e5tervunnen plast<br \/>\n* &#8211; L\u00e4r barn att ta hand om milj\u00f6n genom aktiviteter som avfallssortering och milj\u00f6v\u00e4nlig odling av v\u00e4xter<br \/>\n* &#8211; L\u00e4tt att montera<br \/>\n* &#8211; Utrustad med UV-skyddande bel\u00e4ggning<\/p>\n<p>Huset inneh\u00e5ller:<\/p>\n<p>* &#8211; \u00c5tervinningsk\u00e4rl (gula och bl\u00e5)<br \/>\n* &#8211; Tr\u00e4dg\u00e5rdsredskap<br \/>\n* &#8211; Vindkraftverk<br \/>\n* &#8211; Solpaneler p\u00e5 taket<br \/>\n* &#8211; F\u00e5gelholk och f\u00e5gelmatare<\/p>\n","protected":false},"excerpt":{"rendered":"<p>FEBER Recycle ECO lekstuga \u00e4r tillverkad av 90 % milj\u00f6v\u00e4nlig \u00e5tervunnen plast. Vinnare av ToyAward 2024 p\u00e5 den st\u00f6rsta leksaksm\u00e4ssan i N\u00fcrnberg f\u00f6r sin omfattande milj\u00f6utbildning. Det \u00e4r en perfekt tillverkad lekstuga som erbjuder alla aktiviteter som sm\u00e5 barn beh\u00f6ver f\u00f6r att v\u00e4cka sin nyfikenhet f\u00f6r naturen. Ett fantastiskt st\u00e4lle och ett utm\u00e4rkt s\u00e4tt f\u00f6r [&hellip;]<\/p>\n","protected":false},"featured_media":0,"comment_status":"open","ping_status":"closed","template":"","meta":[],"product_brand":[],"product_cat":[33],"product_tag":[],"class_list":{"0":"post-11054","1":"product","2":"type-product","3":"status-publish","5":"product_cat-okategoriserad","7":"first","8":"instock","9":"shipping-taxable","10":"purchasable","11":"product-type-simple"},"_links":{"self":[{"href":"https:\/\/nordicmart.andreevmaster.com\/sv\/wp-json\/wp\/v2\/product\/11054","targetHints":{"allow":["GET"]}}],"collection":[{"href":"https:\/\/nordicmart.andreevmaster.com\/sv\/wp-json\/wp\/v2\/product"}],"about":[{"href":"https:\/\/nordicmart.andreevmaster.com\/sv\/wp-json\/wp\/v2\/types\/product"}],"replies":[{"embeddable":true,"href":"https:\/\/nordicmart.andreevmaster.com\/sv\/wp-json\/wp\/v2\/comments?post=11054"}],"wp:attachment":[{"href":"https:\/\/nordicmart.andreevmaster.com\/sv\/wp-json\/wp\/v2\/media?parent=11054"}],"wp:term":[{"taxonomy":"product_brand","embeddable":true,"href":"https:\/\/nordicmart.andreevmaster.com\/sv\/wp-json\/wp\/v2\/product_brand?post=11054"},{"taxonomy":"product_cat","embeddable":true,"href":"https:\/\/nordicmart.andreevmaster.com\/sv\/wp-json\/wp\/v2\/product_cat?post=11054"},{"taxonomy":"product_tag","embeddable":true,"href":"https:\/\/nordicmart.andreevmaster.com\/sv\/wp-json\/wp\/v2\/product_tag?post=11054"}],"curies":[{"name":"wp","href":"https:\/\/api.w.org\/{rel}","templated":true}]}}