{"id":11053,"date":"2026-02-27T00:09:13","date_gmt":"2026-02-27T00:09:13","guid":{"rendered":"https:\/\/nordicmart.andreevmaster.com\/product\/feber-stort-lekhus-med-utdragbar-bank\/"},"modified":"2026-02-27T08:04:29","modified_gmt":"2026-02-27T08:04:29","slug":"feber-stort-lekhus-med-utdragbar-bank","status":"publish","type":"product","link":"https:\/\/nordicmart.andreevmaster.com\/sv\/produkt\/feber-stort-lekhus-med-utdragbar-bank\/","title":{"rendered":"FEBER Stort lekhus med utdragbar b\u00e4nk"},"content":{"rendered":"<p>Casual Cottage fr\u00e5n Feber \u00e4r en innovativ fj\u00e4llstuga som inte bara \u00e4r en vanlig stuga, utan en inbjudan till en v\u00e4rld av fantasi och uppt\u00e4ckter. Barnen kan f\u00f6rdjupa sig i charmen hos en tr\u00e4stuga, utrustad med ett utdragbart bord med b\u00e4nkar som snabbt och enkelt kan st\u00e4llas upp inne i eller utanf\u00f6r stugan. Denna stuga utvecklar barnens kreativitet och fantasi. Den \u00e4r s\u00e4ker och l\u00e5ter barnen skapa sin egen v\u00e4rld d\u00e4r de kan leka i o\u00e4ndlighet genom att spela olika roller. Casual Cottage k\u00e4nnetecknas av pastellf\u00e4rger som f\u00f6rmedlar spontanitet, flexibilitet och avkoppling. Stugan tillverkas i Spanien och garanterar exceptionell kvalitet och v\u00e4derbest\u00e4ndighet. Den \u00e4r ocks\u00e5 l\u00e4tt att montera, s\u00e5 att leken kan b\u00f6rja utan problem.<br \/>\nEgenskaper:<br \/>\n* F\u00f6r barn fr\u00e5n 2 \u00e5r<br \/>\n* Flyttbart bord med tv\u00e5 stolar, l\u00e4tt att flytta inuti eller utanf\u00f6r stugan.<br \/>\n* \u00d6ppningsbar d\u00f6rr med f\u00f6nster.<br \/>\n* F\u00f6nster med \u00f6ppningsbara f\u00f6nsterluckor.<br \/>\n* Lekstugan har en UV-skyddande bel\u00e4ggning.<br \/>\n* Elektrisk d\u00f6rrklocka.<br \/>\n* Produktens vikt med f\u00f6rpackning: 54 kg<\/p>\n","protected":false},"excerpt":{"rendered":"<p>Casual Cottage fr\u00e5n Feber \u00e4r en innovativ fj\u00e4llstuga som inte bara \u00e4r en vanlig stuga, utan en inbjudan till en v\u00e4rld av fantasi och uppt\u00e4ckter. Barnen kan f\u00f6rdjupa sig i charmen hos en tr\u00e4stuga, utrustad med ett utdragbart bord med b\u00e4nkar som snabbt och enkelt kan st\u00e4llas upp inne i eller utanf\u00f6r stugan. Denna stuga [&hellip;]<\/p>\n","protected":false},"featured_media":0,"comment_status":"open","ping_status":"closed","template":"","meta":[],"product_brand":[],"product_cat":[33],"product_tag":[],"class_list":{"0":"post-11053","1":"product","2":"type-product","3":"status-publish","5":"product_cat-okategoriserad","7":"first","8":"instock","9":"shipping-taxable","10":"purchasable","11":"product-type-simple"},"_links":{"self":[{"href":"https:\/\/nordicmart.andreevmaster.com\/sv\/wp-json\/wp\/v2\/product\/11053","targetHints":{"allow":["GET"]}}],"collection":[{"href":"https:\/\/nordicmart.andreevmaster.com\/sv\/wp-json\/wp\/v2\/product"}],"about":[{"href":"https:\/\/nordicmart.andreevmaster.com\/sv\/wp-json\/wp\/v2\/types\/product"}],"replies":[{"embeddable":true,"href":"https:\/\/nordicmart.andreevmaster.com\/sv\/wp-json\/wp\/v2\/comments?post=11053"}],"wp:attachment":[{"href":"https:\/\/nordicmart.andreevmaster.com\/sv\/wp-json\/wp\/v2\/media?parent=11053"}],"wp:term":[{"taxonomy":"product_brand","embeddable":true,"href":"https:\/\/nordicmart.andreevmaster.com\/sv\/wp-json\/wp\/v2\/product_brand?post=11053"},{"taxonomy":"product_cat","embeddable":true,"href":"https:\/\/nordicmart.andreevmaster.com\/sv\/wp-json\/wp\/v2\/product_cat?post=11053"},{"taxonomy":"product_tag","embeddable":true,"href":"https:\/\/nordicmart.andreevmaster.com\/sv\/wp-json\/wp\/v2\/product_tag?post=11053"}],"curies":[{"name":"wp","href":"https:\/\/api.w.org\/{rel}","templated":true}]}}