{"id":11052,"date":"2026-02-27T00:09:12","date_gmt":"2026-02-27T00:09:12","guid":{"rendered":"https:\/\/nordicmart.andreevmaster.com\/product\/feber-casual-multifunktionellt-6-i-1-aktivitetshus-med-medfoljande-spel\/"},"modified":"2026-02-27T08:04:29","modified_gmt":"2026-02-27T08:04:29","slug":"feber-casual-multifunktionellt-6-i-1-aktivitetshus-med-medfoljande-spel","status":"publish","type":"product","link":"https:\/\/nordicmart.andreevmaster.com\/sv\/produkt\/feber-casual-multifunktionellt-6-i-1-aktivitetshus-med-medfoljande-spel\/","title":{"rendered":"FEBER Casual multifunktionellt 6-i-1 aktivitetshus med medf\u00f6ljande spel"},"content":{"rendered":"<p>Aktivitetshuset 6-i-1 fr\u00e5n Casual-serien \u00e4r en version av FEBERs aktivitetshus i d\u00e4mpade f\u00e4rger. Det \u00e4r ett multifunktionellt lekhus som inneh\u00e5ller 6 olika spel som ger ditt barn timmar av lek och underh\u00e5llning. Produkten \u00e4r avsedd f\u00f6r barn \u00f6ver 3 \u00e5r. Det \u00e4r utrustat med ett UV-skyddssystem, tack vare vilket f\u00e4rgen inte bleknar, trots de d\u00e4mpade f\u00e4rgerna. Huset FEH23000 \u00e4r tillverkat av solidt, h\u00f6gkvalitativt material och \u00e4r l\u00e4tt att montera och demontera. Efter lektiden kan det vikas ihop f\u00f6r enkel f\u00f6rvaring.<\/p>\n<p>Funktioner:<\/p>\n<p>* &#8211; Avsett f\u00f6r barn \u00f6ver 3 \u00e5r<br \/>\n* &#8211; Setet inneh\u00e5ller spel: basket, fotboll, kardborrebandm\u00e5l, racketspel<br \/>\n* &#8211; Utrustad med ett UV-skyddssystem f\u00f6r att f\u00f6rhindra att f\u00e4rgen bleknar, trots de d\u00e4mpade f\u00e4rgerna<br \/>\n* &#8211; Tillverkad av solidt, h\u00f6gkvalitativt material<br \/>\n* &#8211; L\u00e4tt att montera och demontera<br \/>\n* &#8211; Kan vikas ihop f\u00f6r enkel f\u00f6rvaring<\/p>\n<p>Setet inneh\u00e5ller:<\/p>\n<p>* &#8211; Lekhus<br \/>\n* &#8211; Spel: basket, fotboll, racketspel, bowling<br \/>\n* &#8211; M\u00e5l med kardborreband<\/p>\n<p>Leksak:<\/p>\n<p>* &#8211; Utvecklar barns kreativitet och fantasi<br \/>\n* &#8211; L\u00e4r ut lagarbete och delningsf\u00f6rm\u00e5ga<br \/>\n* &#8211; Uppmuntrar barn att vara fysiskt aktiva<\/p>\n","protected":false},"excerpt":{"rendered":"<p>Aktivitetshuset 6-i-1 fr\u00e5n Casual-serien \u00e4r en version av FEBERs aktivitetshus i d\u00e4mpade f\u00e4rger. Det \u00e4r ett multifunktionellt lekhus som inneh\u00e5ller 6 olika spel som ger ditt barn timmar av lek och underh\u00e5llning. Produkten \u00e4r avsedd f\u00f6r barn \u00f6ver 3 \u00e5r. Det \u00e4r utrustat med ett UV-skyddssystem, tack vare vilket f\u00e4rgen inte bleknar, trots de d\u00e4mpade [&hellip;]<\/p>\n","protected":false},"featured_media":0,"comment_status":"open","ping_status":"closed","template":"","meta":[],"product_brand":[],"product_cat":[33],"product_tag":[],"class_list":{"0":"post-11052","1":"product","2":"type-product","3":"status-publish","5":"product_cat-okategoriserad","7":"first","8":"instock","9":"shipping-taxable","10":"purchasable","11":"product-type-simple"},"_links":{"self":[{"href":"https:\/\/nordicmart.andreevmaster.com\/sv\/wp-json\/wp\/v2\/product\/11052","targetHints":{"allow":["GET"]}}],"collection":[{"href":"https:\/\/nordicmart.andreevmaster.com\/sv\/wp-json\/wp\/v2\/product"}],"about":[{"href":"https:\/\/nordicmart.andreevmaster.com\/sv\/wp-json\/wp\/v2\/types\/product"}],"replies":[{"embeddable":true,"href":"https:\/\/nordicmart.andreevmaster.com\/sv\/wp-json\/wp\/v2\/comments?post=11052"}],"wp:attachment":[{"href":"https:\/\/nordicmart.andreevmaster.com\/sv\/wp-json\/wp\/v2\/media?parent=11052"}],"wp:term":[{"taxonomy":"product_brand","embeddable":true,"href":"https:\/\/nordicmart.andreevmaster.com\/sv\/wp-json\/wp\/v2\/product_brand?post=11052"},{"taxonomy":"product_cat","embeddable":true,"href":"https:\/\/nordicmart.andreevmaster.com\/sv\/wp-json\/wp\/v2\/product_cat?post=11052"},{"taxonomy":"product_tag","embeddable":true,"href":"https:\/\/nordicmart.andreevmaster.com\/sv\/wp-json\/wp\/v2\/product_tag?post=11052"}],"curies":[{"name":"wp","href":"https:\/\/api.w.org\/{rel}","templated":true}]}}