{"id":11051,"date":"2026-02-27T00:09:12","date_gmt":"2026-02-27T00:09:12","guid":{"rendered":"https:\/\/nordicmart.andreevmaster.com\/product\/feber-casual-barnens-tradgardshus-brevlada\/"},"modified":"2026-02-27T08:04:29","modified_gmt":"2026-02-27T08:04:29","slug":"feber-casual-barnens-tradgardshus-brevlada","status":"publish","type":"product","link":"https:\/\/nordicmart.andreevmaster.com\/sv\/produkt\/feber-casual-barnens-tradgardshus-brevlada\/","title":{"rendered":"FEBER Casual barnens tr\u00e4dg\u00e5rdshus brevl\u00e5da"},"content":{"rendered":"<p>Casual tr\u00e4dg\u00e5rdshuset fr\u00e5n FEBER utm\u00e4rker sig med sina d\u00e4mpade f\u00e4rger, som drar uppm\u00e4rksamheten till sig och samtidigt sm\u00e4lter in harmoniskt i tr\u00e4dg\u00e5rdsmilj\u00f6n. Pastellnyanser av bl\u00e5tt, gr\u00f6nt och gult skapar en behaglig f\u00e4rgpalett som fr\u00e4mjar avkoppling och kreativt lekande. Husets d\u00e4mpade f\u00e4rger \u00e4r blekningsbest\u00e4ndiga tack vare en ANTI-UV-bel\u00e4ggning, som s\u00e4kerst\u00e4ller att huset ser estetiskt tilltalande ut under l\u00e5ng tid, oavsett v\u00e4derf\u00f6rh\u00e5llanden. <\/p>\n<p>Egenskaper:<\/p>\n<p>* &#8211; \u00d6ppningsbar d\u00f6rr med brevinkast f\u00f6r extra realism.* &#8211; Enkel och snabb montering tack vare den genomt\u00e4nkta designen. * &#8211; H\u00e5llbar, stabil och motst\u00e5ndskraftig mot solljus och temperatur. * &#8211; Tillverkad helt i h\u00e5llbar och stabil plast med en ANTI-UV-bel\u00e4ggning. * &#8211; FEBER-leksaker \u00e4r s\u00e4kra och uppfyller de h\u00f6gsta s\u00e4kerhetsstandarderna.<\/p>\n<p>Leksaken utvecklar:<\/p>\n<p>* &#8211; V\u00e5ra barns kreativitet och fantasi<br \/>\n* &#8211; L\u00e5ter barnen skapa sin egen v\u00e4rld d\u00e4r de kan leka o\u00e4ndligt genom att spela olika roller<\/p>\n","protected":false},"excerpt":{"rendered":"<p>Casual tr\u00e4dg\u00e5rdshuset fr\u00e5n FEBER utm\u00e4rker sig med sina d\u00e4mpade f\u00e4rger, som drar uppm\u00e4rksamheten till sig och samtidigt sm\u00e4lter in harmoniskt i tr\u00e4dg\u00e5rdsmilj\u00f6n. Pastellnyanser av bl\u00e5tt, gr\u00f6nt och gult skapar en behaglig f\u00e4rgpalett som fr\u00e4mjar avkoppling och kreativt lekande. Husets d\u00e4mpade f\u00e4rger \u00e4r blekningsbest\u00e4ndiga tack vare en ANTI-UV-bel\u00e4ggning, som s\u00e4kerst\u00e4ller att huset ser estetiskt tilltalande ut [&hellip;]<\/p>\n","protected":false},"featured_media":0,"comment_status":"open","ping_status":"closed","template":"","meta":[],"product_brand":[],"product_cat":[33],"product_tag":[],"class_list":{"0":"post-11051","1":"product","2":"type-product","3":"status-publish","5":"product_cat-okategoriserad","7":"first","8":"instock","9":"shipping-taxable","10":"purchasable","11":"product-type-simple"},"_links":{"self":[{"href":"https:\/\/nordicmart.andreevmaster.com\/sv\/wp-json\/wp\/v2\/product\/11051","targetHints":{"allow":["GET"]}}],"collection":[{"href":"https:\/\/nordicmart.andreevmaster.com\/sv\/wp-json\/wp\/v2\/product"}],"about":[{"href":"https:\/\/nordicmart.andreevmaster.com\/sv\/wp-json\/wp\/v2\/types\/product"}],"replies":[{"embeddable":true,"href":"https:\/\/nordicmart.andreevmaster.com\/sv\/wp-json\/wp\/v2\/comments?post=11051"}],"wp:attachment":[{"href":"https:\/\/nordicmart.andreevmaster.com\/sv\/wp-json\/wp\/v2\/media?parent=11051"}],"wp:term":[{"taxonomy":"product_brand","embeddable":true,"href":"https:\/\/nordicmart.andreevmaster.com\/sv\/wp-json\/wp\/v2\/product_brand?post=11051"},{"taxonomy":"product_cat","embeddable":true,"href":"https:\/\/nordicmart.andreevmaster.com\/sv\/wp-json\/wp\/v2\/product_cat?post=11051"},{"taxonomy":"product_tag","embeddable":true,"href":"https:\/\/nordicmart.andreevmaster.com\/sv\/wp-json\/wp\/v2\/product_tag?post=11051"}],"curies":[{"name":"wp","href":"https:\/\/api.w.org\/{rel}","templated":true}]}}