{"id":11050,"date":"2026-02-27T00:09:12","date_gmt":"2026-02-27T00:09:12","guid":{"rendered":"https:\/\/nordicmart.andreevmaster.com\/product\/feber-interaktiv-gunghast-2-i-1-akleksak\/"},"modified":"2026-02-27T08:04:29","modified_gmt":"2026-02-27T08:04:29","slug":"feber-interaktiv-gunghast-2-i-1-akleksak","status":"publish","type":"product","link":"https:\/\/nordicmart.andreevmaster.com\/sv\/produkt\/feber-interaktiv-gunghast-2-i-1-akleksak\/","title":{"rendered":"FEBER Interaktiv gungh\u00e4st 2-i-1 \u2013 \u00e5kleksak"},"content":{"rendered":"<p>Uppt\u00e4ck 2-i-1 \u00e5kleksaken fr\u00e5n FEBER \u2013 en bed\u00e5rande gungh\u00e4st som v\u00e4xer med ditt barn! Den \u00e4r b\u00e5de en gungh\u00e4st och en \u00e5kleksak i ett och ger timmar av lekgl\u00e4dje. Den stabila konstruktionen och ljudeffekterna g\u00f6r varje lekmoment till en gl\u00e4djefylld upplevelse. Tack vare denna leksak utvecklar ditt barn sina psykomotoriska f\u00e4rdigheter samtidigt som det har roligt.<\/p>\n<p>Egenskaper:<\/p>\n<p>* &#8211; F\u00f6r barn fr\u00e5n 12 m\u00e5nader<br \/>\n* &#8211; 2-i-1 \u2013 kan enkelt omvandlas fr\u00e5n gungh\u00e4st till \u00e5kleksak<br \/>\n* &#8211; S\u00e4ker och stabil konstruktion \u2013 bred bas och stora hjul<br \/>\n* &#8211; Ljudeffekter<br \/>\n* &#8211; F\u00f6rb\u00e4ttrar motorisk koordination och h\u00f6rsel<\/p>\n","protected":false},"excerpt":{"rendered":"<p>Uppt\u00e4ck 2-i-1 \u00e5kleksaken fr\u00e5n FEBER \u2013 en bed\u00e5rande gungh\u00e4st som v\u00e4xer med ditt barn! Den \u00e4r b\u00e5de en gungh\u00e4st och en \u00e5kleksak i ett och ger timmar av lekgl\u00e4dje. Den stabila konstruktionen och ljudeffekterna g\u00f6r varje lekmoment till en gl\u00e4djefylld upplevelse. Tack vare denna leksak utvecklar ditt barn sina psykomotoriska f\u00e4rdigheter samtidigt som det har [&hellip;]<\/p>\n","protected":false},"featured_media":0,"comment_status":"open","ping_status":"closed","template":"","meta":[],"product_brand":[],"product_cat":[33],"product_tag":[],"class_list":{"0":"post-11050","1":"product","2":"type-product","3":"status-publish","5":"product_cat-okategoriserad","7":"first","8":"instock","9":"shipping-taxable","10":"purchasable","11":"product-type-simple"},"_links":{"self":[{"href":"https:\/\/nordicmart.andreevmaster.com\/sv\/wp-json\/wp\/v2\/product\/11050","targetHints":{"allow":["GET"]}}],"collection":[{"href":"https:\/\/nordicmart.andreevmaster.com\/sv\/wp-json\/wp\/v2\/product"}],"about":[{"href":"https:\/\/nordicmart.andreevmaster.com\/sv\/wp-json\/wp\/v2\/types\/product"}],"replies":[{"embeddable":true,"href":"https:\/\/nordicmart.andreevmaster.com\/sv\/wp-json\/wp\/v2\/comments?post=11050"}],"wp:attachment":[{"href":"https:\/\/nordicmart.andreevmaster.com\/sv\/wp-json\/wp\/v2\/media?parent=11050"}],"wp:term":[{"taxonomy":"product_brand","embeddable":true,"href":"https:\/\/nordicmart.andreevmaster.com\/sv\/wp-json\/wp\/v2\/product_brand?post=11050"},{"taxonomy":"product_cat","embeddable":true,"href":"https:\/\/nordicmart.andreevmaster.com\/sv\/wp-json\/wp\/v2\/product_cat?post=11050"},{"taxonomy":"product_tag","embeddable":true,"href":"https:\/\/nordicmart.andreevmaster.com\/sv\/wp-json\/wp\/v2\/product_tag?post=11050"}],"curies":[{"name":"wp","href":"https:\/\/api.w.org\/{rel}","templated":true}]}}