{"id":11049,"date":"2026-02-27T00:09:12","date_gmt":"2026-02-27T00:09:12","guid":{"rendered":"https:\/\/nordicmart.andreevmaster.com\/product\/feber-casual-push-ngo-push-toy-rocker-multifunktionell-5-i-1\/"},"modified":"2026-02-27T08:04:28","modified_gmt":"2026-02-27T08:04:28","slug":"feber-casual-push-ngo-push-toy-rocker-multifunktionell-5-i-1","status":"publish","type":"product","link":"https:\/\/nordicmart.andreevmaster.com\/sv\/produkt\/feber-casual-push-ngo-push-toy-rocker-multifunktionell-5-i-1\/","title":{"rendered":"FEBER CASUAL PUSH N\u2019GO Push Toy Rocker Multifunktionell 5-i-1"},"content":{"rendered":"<p>Uppt\u00e4ck en v\u00e4rld full av \u00e4ventyr med FEBER CASUAL PUSH N\u2019GO 5-i-1 \u2013 en \u00e5kleksak som tar ditt barn med p\u00e5 en sp\u00e4nnande resa full av kunskap och underh\u00e5llning! Med sina push- och gungfunktioner erbjuder denna \u00e5kleksak en m\u00e4ngd olika upplevelser som \u00e4r anpassade efter olika stadier i ditt barns utveckling. Den \u00e4r utrustad med s\u00e4kerhetsst\u00e5ng, fotst\u00f6d och ett handtag f\u00f6r f\u00f6r\u00e4ldrar, vilket garanterar s\u00e4ker lek. Sv\u00e4ngbara hjul under fotst\u00f6den \u00f6kar realismen och interaktiviteten i leken. L\u00e5t ditt barn uppt\u00e4cka v\u00e4rlden med FEBER CASUAL PUSH N&#8217;GO 5-i-1 \u2013 ett \u00e5kleksak som stimulerar nyfikenheten och uppmuntrar till aktivitet!<\/p>\n<p>Egenskaper:<\/p>\n<p>* &#8211; Utformad f\u00f6r barn i olika utvecklingsstadier.<br \/>\n* &#8211; 5-i-1: \u00e5kleksak, barnvagn som f\u00f6r\u00e4ldrar kan skjuta, gungstol, skjutsleksak och leksaksf\u00f6rvaring<br \/>\n* &#8211; Intuitiv att anv\u00e4nda, m\u00f6jligg\u00f6r enkel omvandling.<br \/>\n* &#8211; S\u00e4kerhetsst\u00e5ng, fotst\u00f6d och handtag ger st\u00f6d f\u00f6r f\u00f6r\u00e4ldrar.<br \/>\n* &#8211; Sv\u00e4ngbara hjul under fotst\u00f6den m\u00f6jligg\u00f6r 360 graders rotation.* &#8211; F\u00f6rvaringsfack under s\u00e4tet f\u00f6r barnets favoritleksaker. * &#8211; Vikt: 5 kg; st\u00f6der utvecklingen av motorisk koordination och rumslig orientering.<\/p>\n","protected":false},"excerpt":{"rendered":"<p>Uppt\u00e4ck en v\u00e4rld full av \u00e4ventyr med FEBER CASUAL PUSH N\u2019GO 5-i-1 \u2013 en \u00e5kleksak som tar ditt barn med p\u00e5 en sp\u00e4nnande resa full av kunskap och underh\u00e5llning! Med sina push- och gungfunktioner erbjuder denna \u00e5kleksak en m\u00e4ngd olika upplevelser som \u00e4r anpassade efter olika stadier i ditt barns utveckling. Den \u00e4r utrustad med [&hellip;]<\/p>\n","protected":false},"featured_media":0,"comment_status":"open","ping_status":"closed","template":"","meta":[],"product_brand":[],"product_cat":[33],"product_tag":[],"class_list":{"0":"post-11049","1":"product","2":"type-product","3":"status-publish","5":"product_cat-okategoriserad","7":"first","8":"instock","9":"shipping-taxable","10":"purchasable","11":"product-type-simple"},"_links":{"self":[{"href":"https:\/\/nordicmart.andreevmaster.com\/sv\/wp-json\/wp\/v2\/product\/11049","targetHints":{"allow":["GET"]}}],"collection":[{"href":"https:\/\/nordicmart.andreevmaster.com\/sv\/wp-json\/wp\/v2\/product"}],"about":[{"href":"https:\/\/nordicmart.andreevmaster.com\/sv\/wp-json\/wp\/v2\/types\/product"}],"replies":[{"embeddable":true,"href":"https:\/\/nordicmart.andreevmaster.com\/sv\/wp-json\/wp\/v2\/comments?post=11049"}],"wp:attachment":[{"href":"https:\/\/nordicmart.andreevmaster.com\/sv\/wp-json\/wp\/v2\/media?parent=11049"}],"wp:term":[{"taxonomy":"product_brand","embeddable":true,"href":"https:\/\/nordicmart.andreevmaster.com\/sv\/wp-json\/wp\/v2\/product_brand?post=11049"},{"taxonomy":"product_cat","embeddable":true,"href":"https:\/\/nordicmart.andreevmaster.com\/sv\/wp-json\/wp\/v2\/product_cat?post=11049"},{"taxonomy":"product_tag","embeddable":true,"href":"https:\/\/nordicmart.andreevmaster.com\/sv\/wp-json\/wp\/v2\/product_tag?post=11049"}],"curies":[{"name":"wp","href":"https:\/\/api.w.org\/{rel}","templated":true}]}}