{"id":11048,"date":"2026-02-27T00:09:12","date_gmt":"2026-02-27T00:09:12","guid":{"rendered":"https:\/\/nordicmart.andreevmaster.com\/product\/feber-stort-sommarhus-for-barn\/"},"modified":"2026-02-27T08:04:28","modified_gmt":"2026-02-27T08:04:28","slug":"feber-stort-sommarhus-for-barn","status":"publish","type":"product","link":"https:\/\/nordicmart.andreevmaster.com\/sv\/produkt\/feber-stort-sommarhus-for-barn\/","title":{"rendered":"FEBER Stort sommarhus f\u00f6r barn"},"content":{"rendered":"<p>Sommarhuset fr\u00e5n FEBER \u00e4r ett vackert hus som ser ut precis som en riktig timmerstuga. Stugan har en d\u00f6rr och tv\u00e5 f\u00f6nster som g\u00e5r att \u00f6ppna. Huset ser robust ut, \u00e4r solidt byggt och kommer att h\u00e5lla i m\u00e5nga \u00e5r. Huset passar perfekt i alla tr\u00e4dg\u00e5rdar.<\/p>\n<p>Egenskaper:<\/p>\n<p>* &#8211; leksak f\u00f6r barn fr\u00e5n 3 \u00e5r,<br \/>\n* &#8211; liknar riktiga tr\u00e4stockar,<br \/>\n* &#8211; har en d\u00f6rr och tv\u00e5 f\u00f6nster som g\u00e5r att \u00f6ppna,<br \/>\n* &#8211; solid konstruktion.<\/p>\n","protected":false},"excerpt":{"rendered":"<p>Sommarhuset fr\u00e5n FEBER \u00e4r ett vackert hus som ser ut precis som en riktig timmerstuga. Stugan har en d\u00f6rr och tv\u00e5 f\u00f6nster som g\u00e5r att \u00f6ppna. Huset ser robust ut, \u00e4r solidt byggt och kommer att h\u00e5lla i m\u00e5nga \u00e5r. Huset passar perfekt i alla tr\u00e4dg\u00e5rdar. Egenskaper: * &#8211; leksak f\u00f6r barn fr\u00e5n 3 \u00e5r, [&hellip;]<\/p>\n","protected":false},"featured_media":0,"comment_status":"open","ping_status":"closed","template":"","meta":[],"product_brand":[],"product_cat":[33],"product_tag":[],"class_list":{"0":"post-11048","1":"product","2":"type-product","3":"status-publish","5":"product_cat-okategoriserad","7":"first","8":"instock","9":"shipping-taxable","10":"purchasable","11":"product-type-simple"},"_links":{"self":[{"href":"https:\/\/nordicmart.andreevmaster.com\/sv\/wp-json\/wp\/v2\/product\/11048","targetHints":{"allow":["GET"]}}],"collection":[{"href":"https:\/\/nordicmart.andreevmaster.com\/sv\/wp-json\/wp\/v2\/product"}],"about":[{"href":"https:\/\/nordicmart.andreevmaster.com\/sv\/wp-json\/wp\/v2\/types\/product"}],"replies":[{"embeddable":true,"href":"https:\/\/nordicmart.andreevmaster.com\/sv\/wp-json\/wp\/v2\/comments?post=11048"}],"wp:attachment":[{"href":"https:\/\/nordicmart.andreevmaster.com\/sv\/wp-json\/wp\/v2\/media?parent=11048"}],"wp:term":[{"taxonomy":"product_brand","embeddable":true,"href":"https:\/\/nordicmart.andreevmaster.com\/sv\/wp-json\/wp\/v2\/product_brand?post=11048"},{"taxonomy":"product_cat","embeddable":true,"href":"https:\/\/nordicmart.andreevmaster.com\/sv\/wp-json\/wp\/v2\/product_cat?post=11048"},{"taxonomy":"product_tag","embeddable":true,"href":"https:\/\/nordicmart.andreevmaster.com\/sv\/wp-json\/wp\/v2\/product_tag?post=11048"}],"curies":[{"name":"wp","href":"https:\/\/api.w.org\/{rel}","templated":true}]}}