{"id":11047,"date":"2026-02-27T00:09:11","date_gmt":"2026-02-27T00:09:11","guid":{"rendered":"https:\/\/nordicmart.andreevmaster.com\/product\/feber-first-slide-vattenrutschkana-for-barn\/"},"modified":"2026-02-27T08:04:28","modified_gmt":"2026-02-27T08:04:28","slug":"feber-first-slide-vattenrutschkana-for-barn","status":"publish","type":"product","link":"https:\/\/nordicmart.andreevmaster.com\/sv\/produkt\/feber-first-slide-vattenrutschkana-for-barn\/","title":{"rendered":"FEBER First Slide vattenrutschkana f\u00f6r barn"},"content":{"rendered":"<p>Rutschkanan First Slide fr\u00e5n det spanska m\u00e4rket FEBER \u00e4r avsedd f\u00f6r barn fr\u00e5n 1 \u00e5r. Den \u00e4r idealisk som barnets f\u00f6rsta rutschkana. Den har en 2-i-1-funktion \u2013 du kan ansluta en tr\u00e4dg\u00e5rdsslang till rutschkanan f\u00f6r att skapa en vattenlekplats som \u00e4r perfekt f\u00f6r varma dagar. Den kan enkelt f\u00e4llas ihop och f\u00f6rvaras i garaget. Produkten \u00e4r tillverkad av slitstark och t\u00e5lig plast med en UV-skyddande bel\u00e4ggning som skyddar mot blekning. <\/p>\n<p>Egenskaper: <\/p>\n<p>* &#8211; leksak f\u00f6r barn fr\u00e5n 12 m\u00e5nader,<br \/>\n* &#8211; 2-i-1 &#8211; Kan anslutas till en tr\u00e4dg\u00e5rdsslangrutschkana,<br \/>\n* &#8211; kan vikas ihop, f\u00f6rvaras enkelt och f\u00e4llas ut snabbt,<br \/>\n* &#8211; har h\u00f6ga sidov\u00e4ggar och rundade kanter f\u00f6r bekv\u00e4m och s\u00e4ker lek,<br \/>\n* &#8211; har \u00e4ven modernformade steg, inbyggda handtag och en bred, stabil bas,<br \/>\n* &#8211; plasten \u00e4r t\u00e4ckt med en UV-bel\u00e4ggning f\u00f6r att bevara f\u00e4rgernas kvalitet under l\u00e5ng tid.<\/p>\n","protected":false},"excerpt":{"rendered":"<p>Rutschkanan First Slide fr\u00e5n det spanska m\u00e4rket FEBER \u00e4r avsedd f\u00f6r barn fr\u00e5n 1 \u00e5r. Den \u00e4r idealisk som barnets f\u00f6rsta rutschkana. Den har en 2-i-1-funktion \u2013 du kan ansluta en tr\u00e4dg\u00e5rdsslang till rutschkanan f\u00f6r att skapa en vattenlekplats som \u00e4r perfekt f\u00f6r varma dagar. Den kan enkelt f\u00e4llas ihop och f\u00f6rvaras i garaget. Produkten [&hellip;]<\/p>\n","protected":false},"featured_media":0,"comment_status":"open","ping_status":"closed","template":"","meta":[],"product_brand":[],"product_cat":[33],"product_tag":[],"class_list":{"0":"post-11047","1":"product","2":"type-product","3":"status-publish","5":"product_cat-okategoriserad","7":"first","8":"instock","9":"shipping-taxable","10":"purchasable","11":"product-type-simple"},"_links":{"self":[{"href":"https:\/\/nordicmart.andreevmaster.com\/sv\/wp-json\/wp\/v2\/product\/11047","targetHints":{"allow":["GET"]}}],"collection":[{"href":"https:\/\/nordicmart.andreevmaster.com\/sv\/wp-json\/wp\/v2\/product"}],"about":[{"href":"https:\/\/nordicmart.andreevmaster.com\/sv\/wp-json\/wp\/v2\/types\/product"}],"replies":[{"embeddable":true,"href":"https:\/\/nordicmart.andreevmaster.com\/sv\/wp-json\/wp\/v2\/comments?post=11047"}],"wp:attachment":[{"href":"https:\/\/nordicmart.andreevmaster.com\/sv\/wp-json\/wp\/v2\/media?parent=11047"}],"wp:term":[{"taxonomy":"product_brand","embeddable":true,"href":"https:\/\/nordicmart.andreevmaster.com\/sv\/wp-json\/wp\/v2\/product_brand?post=11047"},{"taxonomy":"product_cat","embeddable":true,"href":"https:\/\/nordicmart.andreevmaster.com\/sv\/wp-json\/wp\/v2\/product_cat?post=11047"},{"taxonomy":"product_tag","embeddable":true,"href":"https:\/\/nordicmart.andreevmaster.com\/sv\/wp-json\/wp\/v2\/product_tag?post=11047"}],"curies":[{"name":"wp","href":"https:\/\/api.w.org\/{rel}","templated":true}]}}