{"id":11046,"date":"2026-02-27T00:09:11","date_gmt":"2026-02-27T00:09:11","guid":{"rendered":"https:\/\/nordicmart.andreevmaster.com\/product\/feber-2-i-1-vattenrutschkana-hello-kitty-slide-slide-107-cm\/"},"modified":"2026-02-27T08:04:28","modified_gmt":"2026-02-27T08:04:28","slug":"feber-2-i-1-vattenrutschkana-hello-kitty-slide-slide-107-cm","status":"publish","type":"product","link":"https:\/\/nordicmart.andreevmaster.com\/sv\/produkt\/feber-2-i-1-vattenrutschkana-hello-kitty-slide-slide-107-cm\/","title":{"rendered":"FEBER 2-i-1 vattenrutschkana Hello Kitty Slide Slide 107 cm"},"content":{"rendered":"<p>#### Hello Kitty Feber-rutschkana \u2013 den f\u00f6rsta rutschkanan med vattenlekfunktion<\/p>\n<p>Hello Kitty-rutschkana fr\u00e5n det spanska m\u00e4rket FEBER f\u00f6r barn fr\u00e5n 12 m\u00e5nader. Perfekt som f\u00f6rsta rutschkana \u2013 den charmiga Hello Kitty-designen uppmuntrar till daglig utomhusaktivitet. 2-i-1-funktion \u2013 kan anslutas till en tr\u00e4dg\u00e5rdsslang f\u00f6r vattenlek, perfekt f\u00f6r varma dagar. Den l\u00e4tta och hopf\u00e4llbara designen g\u00f6r den snabb att montera och enkel att f\u00f6rvara. Tillverkad av slitstark UV-best\u00e4ndig plast \u2013 f\u00e4rgerna f\u00f6rblir levande under l\u00e5ng tid.<\/p>\n<p>#### Produktfunktioner:<\/p>\n<p>* &#8211; F\u00f6r barn fr\u00e5n 12 m\u00e5nader<br \/>\n* &#8211; Rutschkanans l\u00e4ngd: 107 cm \u2013 perfekt f\u00f6r f\u00f6rsta \u00e5ken<br \/>\n* &#8211; 2-i-1-funktion \u2013 kan anslutas till en tr\u00e4dg\u00e5rdsslang<br \/>\n* &#8211; Hopf\u00e4llbar design \u2013 enkel f\u00f6rvaring och snabb montering<br \/>\n* &#8211; Rundade kanter och h\u00f6ga sidov\u00e4ggar f\u00f6r \u00f6kad s\u00e4kerhet<br \/>\n* &#8211; Moderna steg och handtag \u2013 l\u00e4tta att kl\u00e4ttra p\u00e5<br \/>\n* &#8211; Bred bas f\u00f6r stabilitet<br \/>\n* &#8211; UV-best\u00e4ndigt material \u2013 h\u00e5llbara, livfulla f\u00e4rger<br \/>\n* &#8211; Maximal belastning: 30 kg<\/p>\n","protected":false},"excerpt":{"rendered":"<p>#### Hello Kitty Feber-rutschkana \u2013 den f\u00f6rsta rutschkanan med vattenlekfunktion Hello Kitty-rutschkana fr\u00e5n det spanska m\u00e4rket FEBER f\u00f6r barn fr\u00e5n 12 m\u00e5nader. Perfekt som f\u00f6rsta rutschkana \u2013 den charmiga Hello Kitty-designen uppmuntrar till daglig utomhusaktivitet. 2-i-1-funktion \u2013 kan anslutas till en tr\u00e4dg\u00e5rdsslang f\u00f6r vattenlek, perfekt f\u00f6r varma dagar. Den l\u00e4tta och hopf\u00e4llbara designen g\u00f6r den [&hellip;]<\/p>\n","protected":false},"featured_media":0,"comment_status":"open","ping_status":"closed","template":"","meta":[],"product_brand":[],"product_cat":[33],"product_tag":[],"class_list":{"0":"post-11046","1":"product","2":"type-product","3":"status-publish","5":"product_cat-okategoriserad","7":"first","8":"instock","9":"shipping-taxable","10":"purchasable","11":"product-type-simple"},"_links":{"self":[{"href":"https:\/\/nordicmart.andreevmaster.com\/sv\/wp-json\/wp\/v2\/product\/11046","targetHints":{"allow":["GET"]}}],"collection":[{"href":"https:\/\/nordicmart.andreevmaster.com\/sv\/wp-json\/wp\/v2\/product"}],"about":[{"href":"https:\/\/nordicmart.andreevmaster.com\/sv\/wp-json\/wp\/v2\/types\/product"}],"replies":[{"embeddable":true,"href":"https:\/\/nordicmart.andreevmaster.com\/sv\/wp-json\/wp\/v2\/comments?post=11046"}],"wp:attachment":[{"href":"https:\/\/nordicmart.andreevmaster.com\/sv\/wp-json\/wp\/v2\/media?parent=11046"}],"wp:term":[{"taxonomy":"product_brand","embeddable":true,"href":"https:\/\/nordicmart.andreevmaster.com\/sv\/wp-json\/wp\/v2\/product_brand?post=11046"},{"taxonomy":"product_cat","embeddable":true,"href":"https:\/\/nordicmart.andreevmaster.com\/sv\/wp-json\/wp\/v2\/product_cat?post=11046"},{"taxonomy":"product_tag","embeddable":true,"href":"https:\/\/nordicmart.andreevmaster.com\/sv\/wp-json\/wp\/v2\/product_tag?post=11046"}],"curies":[{"name":"wp","href":"https:\/\/api.w.org\/{rel}","templated":true}]}}