{"id":11045,"date":"2026-02-27T00:09:11","date_gmt":"2026-02-27T00:09:11","guid":{"rendered":"https:\/\/nordicmart.andreevmaster.com\/product\/feber-hello-kitty-barnens-tradgardshus\/"},"modified":"2026-02-27T08:04:28","modified_gmt":"2026-02-27T08:04:28","slug":"feber-hello-kitty-barnens-tradgardshus","status":"publish","type":"product","link":"https:\/\/nordicmart.andreevmaster.com\/sv\/produkt\/feber-hello-kitty-barnens-tradgardshus\/","title":{"rendered":"FEBER HELLO KITTY Barnens tr\u00e4dg\u00e5rdshus"},"content":{"rendered":"<p>#### Hello Kitty House lekstuga \u2013 sagolikt roligt utomhus.<\/p>\n<p>Uppt\u00e4ck den charmiga Hello Kitty lekstugan fr\u00e5n FEBER \u2013 den perfekta lekplatsen f\u00f6r alla sm\u00e5 uppt\u00e4cktsresande i \u00e5ldern 2 till 6 \u00e5r. Denna s\u00f6ta pastellrosa lekstuga med m\u00f6rkgr\u00f6nt tak \u00e4r ett riktigt gl\u00e4djens rike! V\u00e5r oers\u00e4ttliga Hello Kitty har f\u00f6rberett n\u00e5got riktigt speciellt \u2013 hon har dekorerat lekhuset med sina favoritmotiv s\u00e5 att varje barn kan k\u00e4nna sig som i en saga. P\u00e5 v\u00e4ggarna hittar du s\u00f6ta blommor och charmiga bilder av Hello Kitty som f\u00e5r dig att le vid f\u00f6rsta anblicken.<br \/>\n#### Egenskaper:<br \/>\n* &#8211; F\u00f6r barn i \u00e5ldern 2\u20136 \u00e5r<br \/>\n* &#8211; Ytterd\u00f6rren g\u00e5r att \u00f6ppna, s\u00e5 att de sm\u00e5 kan komma och g\u00e5 fritt medan de leker<br \/>\n* &#8211; F\u00f6nstren g\u00f6r att barnet kan se ut i tr\u00e4dg\u00e5rden<br \/>\n* &#8211; Tack vare UV-skyddet \u00e4r lekstugan motst\u00e5ndskraftig mot solljus \u2013 f\u00e4rgerna bleknar inte och materialet beh\u00e5ller sin h\u00e5llbarhet under l\u00e5ng tid<br \/>\n* &#8211; L\u00e4mplig f\u00f6r b\u00e5de inomhus- och utomhusbruk<br \/>\n* &#8211; Solid och stabil konstruktion, t\u00e5lig mot intensiv lek<br \/>\n* &#8211; L\u00e4tt att montera \u2013 redo att leka med p\u00e5 nolltid<\/p>\n<p>#### Leksaken utvecklar:<\/p>\n<p>* &#8211; Kreativitet och fantasi \u2013 skapa egna scener och roller<br \/>\n* &#8211; Sociala f\u00e4rdigheter \u2013 leka i grupp, dela utrymme<br \/>\n* &#8211; R\u00f6relse och motorik \u2013 g\u00e5 in, g\u00e5 ut, \u00f6ppna d\u00f6rrar och f\u00f6nster<br \/>\n* &#8211; Sj\u00e4lvst\u00e4ndighet \u2013 l\u00e4ra sig att organisera sin egen lekyta<\/p>\n","protected":false},"excerpt":{"rendered":"<p>#### Hello Kitty House lekstuga \u2013 sagolikt roligt utomhus. Uppt\u00e4ck den charmiga Hello Kitty lekstugan fr\u00e5n FEBER \u2013 den perfekta lekplatsen f\u00f6r alla sm\u00e5 uppt\u00e4cktsresande i \u00e5ldern 2 till 6 \u00e5r. Denna s\u00f6ta pastellrosa lekstuga med m\u00f6rkgr\u00f6nt tak \u00e4r ett riktigt gl\u00e4djens rike! V\u00e5r oers\u00e4ttliga Hello Kitty har f\u00f6rberett n\u00e5got riktigt speciellt \u2013 hon har [&hellip;]<\/p>\n","protected":false},"featured_media":0,"comment_status":"open","ping_status":"closed","template":"","meta":[],"product_brand":[],"product_cat":[33],"product_tag":[],"class_list":{"0":"post-11045","1":"product","2":"type-product","3":"status-publish","5":"product_cat-okategoriserad","7":"first","8":"instock","9":"shipping-taxable","10":"purchasable","11":"product-type-simple"},"_links":{"self":[{"href":"https:\/\/nordicmart.andreevmaster.com\/sv\/wp-json\/wp\/v2\/product\/11045","targetHints":{"allow":["GET"]}}],"collection":[{"href":"https:\/\/nordicmart.andreevmaster.com\/sv\/wp-json\/wp\/v2\/product"}],"about":[{"href":"https:\/\/nordicmart.andreevmaster.com\/sv\/wp-json\/wp\/v2\/types\/product"}],"replies":[{"embeddable":true,"href":"https:\/\/nordicmart.andreevmaster.com\/sv\/wp-json\/wp\/v2\/comments?post=11045"}],"wp:attachment":[{"href":"https:\/\/nordicmart.andreevmaster.com\/sv\/wp-json\/wp\/v2\/media?parent=11045"}],"wp:term":[{"taxonomy":"product_brand","embeddable":true,"href":"https:\/\/nordicmart.andreevmaster.com\/sv\/wp-json\/wp\/v2\/product_brand?post=11045"},{"taxonomy":"product_cat","embeddable":true,"href":"https:\/\/nordicmart.andreevmaster.com\/sv\/wp-json\/wp\/v2\/product_cat?post=11045"},{"taxonomy":"product_tag","embeddable":true,"href":"https:\/\/nordicmart.andreevmaster.com\/sv\/wp-json\/wp\/v2\/product_tag?post=11045"}],"curies":[{"name":"wp","href":"https:\/\/api.w.org\/{rel}","templated":true}]}}