{"id":11044,"date":"2026-02-27T00:09:11","date_gmt":"2026-02-27T00:09:11","guid":{"rendered":"https:\/\/nordicmart.andreevmaster.com\/product\/feber-hello-kitty-motor-ride-on-toy-2\/"},"modified":"2026-02-27T08:04:28","modified_gmt":"2026-02-27T08:04:28","slug":"feber-hello-kitty-motor-ride-on-toy-2","status":"publish","type":"product","link":"https:\/\/nordicmart.andreevmaster.com\/sv\/produkt\/feber-hello-kitty-motor-ride-on-toy-2\/","title":{"rendered":"FEBER Hello Kitty Motor Ride-On Toy"},"content":{"rendered":"<p>### Hello Kitty Motofeber \u00e5kleksak \u2013 stabil och s\u00e4ker lek f\u00f6r de sm\u00e5.<\/p>\n<p>Hello Kitty Motofeber \u00e5kleksak \u00e4r den perfekta f\u00f6rsta \u201dmotorcykeln\u201d f\u00f6r barn fr\u00e5n 18 m\u00e5nader. Tack vare sina breda hjul och robusta konstruktion ger den stabilitet och s\u00e4kerhet f\u00f6r sm\u00e5barn som l\u00e4r sig att \u00e5ka. Den l\u00e4tta konstruktionen och den charmiga Hello Kitty-designen g\u00f6r den till den perfekta kompisen f\u00f6r vardagsaktiviteter, b\u00e5de hemma och utomhus.<\/p>\n<p>### Egenskaper:<\/p>\n<p>* &#8211; Designad f\u00f6r barn fr\u00e5n 18 m\u00e5nader<br \/>\n* &#8211; Breda hjul f\u00f6r utm\u00e4rkt stabilitet<br \/>\n* &#8211; L\u00e4tt konstruktion \u2013 l\u00e4tt att b\u00e4ra f\u00f6r barn eller v\u00e5rdnadshavare<br \/>\n* &#8211; Bekv\u00e4mt s\u00e4te och styre utformat f\u00f6r sm\u00e5 h\u00e4nder<br \/>\n* &#8211; Slitstarka material som t\u00e5l intensiv lek<\/p>\n<p>### Leksaken utvecklar:<\/p>\n<p>* &#8211; Motorisk koordination och motoriska f\u00e4rdigheter<br \/>\n* &#8211; Balans vid cykling<br \/>\n* &#8211; Sj\u00e4lvf\u00f6rtroende och sj\u00e4lvst\u00e4ndighet i r\u00f6relser<br \/>\n* &#8211; Fantasi och fysisk aktivitet \u2013 b\u00e5de hemma och utomhus<\/p>\n","protected":false},"excerpt":{"rendered":"<p>### Hello Kitty Motofeber \u00e5kleksak \u2013 stabil och s\u00e4ker lek f\u00f6r de sm\u00e5. Hello Kitty Motofeber \u00e5kleksak \u00e4r den perfekta f\u00f6rsta \u201dmotorcykeln\u201d f\u00f6r barn fr\u00e5n 18 m\u00e5nader. Tack vare sina breda hjul och robusta konstruktion ger den stabilitet och s\u00e4kerhet f\u00f6r sm\u00e5barn som l\u00e4r sig att \u00e5ka. Den l\u00e4tta konstruktionen och den charmiga Hello Kitty-designen [&hellip;]<\/p>\n","protected":false},"featured_media":0,"comment_status":"open","ping_status":"closed","template":"","meta":[],"product_brand":[],"product_cat":[33],"product_tag":[],"class_list":{"0":"post-11044","1":"product","2":"type-product","3":"status-publish","5":"product_cat-okategoriserad","7":"first","8":"instock","9":"shipping-taxable","10":"purchasable","11":"product-type-simple"},"_links":{"self":[{"href":"https:\/\/nordicmart.andreevmaster.com\/sv\/wp-json\/wp\/v2\/product\/11044","targetHints":{"allow":["GET"]}}],"collection":[{"href":"https:\/\/nordicmart.andreevmaster.com\/sv\/wp-json\/wp\/v2\/product"}],"about":[{"href":"https:\/\/nordicmart.andreevmaster.com\/sv\/wp-json\/wp\/v2\/types\/product"}],"replies":[{"embeddable":true,"href":"https:\/\/nordicmart.andreevmaster.com\/sv\/wp-json\/wp\/v2\/comments?post=11044"}],"wp:attachment":[{"href":"https:\/\/nordicmart.andreevmaster.com\/sv\/wp-json\/wp\/v2\/media?parent=11044"}],"wp:term":[{"taxonomy":"product_brand","embeddable":true,"href":"https:\/\/nordicmart.andreevmaster.com\/sv\/wp-json\/wp\/v2\/product_brand?post=11044"},{"taxonomy":"product_cat","embeddable":true,"href":"https:\/\/nordicmart.andreevmaster.com\/sv\/wp-json\/wp\/v2\/product_cat?post=11044"},{"taxonomy":"product_tag","embeddable":true,"href":"https:\/\/nordicmart.andreevmaster.com\/sv\/wp-json\/wp\/v2\/product_tag?post=11044"}],"curies":[{"name":"wp","href":"https:\/\/api.w.org\/{rel}","templated":true}]}}