{"id":11036,"date":"2026-02-27T00:09:09","date_gmt":"2026-02-27T00:09:09","guid":{"rendered":"https:\/\/nordicmart.andreevmaster.com\/product\/dream-nest-husbadd-i-furu-80x160\/"},"modified":"2026-02-27T08:04:27","modified_gmt":"2026-02-27T08:04:27","slug":"dream-nest-husbadd-i-furu-80x160","status":"publish","type":"product","link":"https:\/\/nordicmart.andreevmaster.com\/sv\/produkt\/dream-nest-husbadd-i-furu-80x160\/","title":{"rendered":"Dream Nest husb\u00e4dd i furu 80&#215;160"},"content":{"rendered":"<p>Dream Nest s\u00e4ng i furu 80&#215;160  <\/p>\n<p>Dream Nest \u00e4r en s\u00e4ng som harmoniskt kombinerar praktisk funktion, s\u00e4kerhet och elegant design. Den \u00e4r det perfekta valet f\u00f6r f\u00f6r\u00e4ldrar som vill se till att deras barn sover bekv\u00e4mt och s\u00e4kert samtidigt som de respekterar naturen och ekologin. Egenskaper hos Dream Nest-s\u00e4ngen: <\/p>\n<p>\u2022 S\u00e4ker golvniv\u00e5: sova i Montessori-anda: S\u00e4ngen i golvniv\u00e5 garanterar enkel \u00e5tkomst och maximal s\u00e4kerhet f\u00f6r de yngsta. Barn kan b\u00f6rja anv\u00e4nda denna l\u00f6sning fr\u00e5n cirka 18 m\u00e5naders \u00e5lder, f\u00f6rutsatt att deras utveckling till\u00e5ter det. Denna design st\u00f6der deras sj\u00e4lvst\u00e4ndighet och sj\u00e4lvf\u00f6rtroende.<br \/>\n\u2022 Skyddsr\u00e4cken: F\u00f6r extra skydd f\u00f6r barnet och trygghet f\u00f6r f\u00f6r\u00e4ldrarna \u00e4r Dream Nest utrustad med tv\u00e5 s\u00e4kerhetsr\u00e4cken som effektivt f\u00f6rhindrar att barnet faller ur s\u00e4ngen under s\u00f6mnen. R\u00e4cken har ett litet handtag som f\u00f6rb\u00e4ttrar s\u00e4ngens funktionalitet och charm. Handtaget kan fungera som en h\u00e4ngare f\u00f6r favoritleksaker, filtar eller speldosor, vilket kombinerar estetik med praktisk anv\u00e4ndning i barnets rum.  <\/p>\n<p>\u2022 S\u00e4ngen v\u00e4xer med ditt barn: Tack vare den innovativa designen g\u00f6r Dream Nest det m\u00f6jligt att justera h\u00f6jden p\u00e5 madrassbasen, vilket g\u00f6r s\u00e4ngen anv\u00e4ndbar upp till 10-12 \u00e5rs \u00e5lder, beroende p\u00e5 barnets tillv\u00e4xt och behov. Denna l\u00f6sning eliminerar behovet av frekventa ink\u00f6p av nya m\u00f6bler och st\u00f6djer h\u00e5llbar utveckling. <\/p>\n<p>\u2022 Extra l\u00e5da f\u00f6r leksaker och s\u00e4ngkl\u00e4der: En praktisk f\u00f6rvaringsl\u00f6sning f\u00f6r leksaker och s\u00e4ngkl\u00e4der som hj\u00e4lper till att h\u00e5lla barnets rum st\u00e4dat och organisera vardagsf\u00f6rem\u00e5l (tillval). <\/p>\n<p>Huvudsakliga f\u00f6rdelar: <\/p>\n<p>\u2022 Tillverkad enligt europeiska s\u00e4kerhetsstandarder och normer <\/p>\n<p>\u2022 Naturligt, ekologiskt material <\/p>\n<p>\u2022 Justerbar h\u00f6jd p\u00e5 madrassunderlaget <\/p>\n<p>\u2022 Trendig husformad design <\/p>\n<p>\u2022 Tv\u00e5 s\u00e4kerhetsskenor fram f\u00f6r att f\u00f6rhindra att barnet faller ur s\u00e4ngen; n\u00e4r b\u00e5da skenorna \u00e4r monterade \u00e4r avst\u00e5ndet mellan dem 57 cm <\/p>\n<p>\u2022 L\u00e5da finns att k\u00f6pa som tillval <\/p>\n<p>S\u00e4ngens m\u00e5tt (cm):  \u2022 L\u00e4ngd: 167 \u2022 Bredd: 86 \u2022 Total h\u00f6jd (till takets h\u00f6gsta punkt): 150 S\u00e4kerhetsr\u00e4ckets m\u00e5tt (cm):  \u2022 L\u00e4ngd: 57 \u2022 Tjocklek: 2,1 \u2022 H\u00f6jd: 29  <\/p>\n<p>Ytterligare information:  \u2022 Madrassstorlek: 80&#215;160 cm \u2022 Avsedd f\u00f6r barn som \u00e4r minst 18 m\u00e5nader gamla, men anv\u00e4ndningen beror p\u00e5 barnets individuella utveckling. Det inneb\u00e4r att f\u00f6r\u00e4ldrarna b\u00f6r bed\u00f6ma om deras barn \u00e4r redo att anv\u00e4nda produkten utifr\u00e5n barnets f\u00e4rdigheter och motoriska utveckling. <\/p>\n<p>Material och ytbehandling:  <\/p>\n<p>\u2022 Furu <\/p>\n<p>\u2022 Madrassram: Bokplywood Vattenbaserade lacker, som \u00e4r s\u00e4kra f\u00f6r barn och certifierade enligt standarden EN71\/3 f\u00f6r barnm\u00f6bler och leksaker, anv\u00e4nds i lackeringsprocessen. <\/p>\n<p>F\u00e4rg:  <\/p>\n<p>\u2022 Furu (eftersom det \u00e4r ett naturmaterial kan f\u00e4rgvariationer f\u00f6rekomma, vilket ger en unik karakt\u00e4r och betonar dess \u00e4kthet. Varje s\u00e4ng \u00e4r d\u00e4rf\u00f6r unik, vilket g\u00f6r ditt barns rum unikt charmigt). <\/p>\n<p> Sk\u00f6tselr\u00e5d:  <\/p>\n<p>M\u00f6blerna ska torkas av med en mjuk bomullsduk fuktad med vatten eller ett m\u00f6belv\u00e5rdsmedel. <\/p>\n<p> Ytterligare information:  <\/p>\n<p>M\u00f6blerna levereras i paket f\u00f6r sj\u00e4lvmontering. Paketen inneh\u00e5ller detaljerade monteringsanvisningar tillsammans med n\u00f6dv\u00e4ndiga beslag (skruvar etc.).<\/p>\n","protected":false},"excerpt":{"rendered":"<p>Dream Nest husb\u00e4dd i furu 80&#215;160<\/p>\n","protected":false},"featured_media":0,"comment_status":"open","ping_status":"closed","template":"","meta":[],"product_brand":[],"product_cat":[33],"product_tag":[],"class_list":{"0":"post-11036","1":"product","2":"type-product","3":"status-publish","5":"product_cat-okategoriserad","7":"first","8":"instock","9":"shipping-taxable","10":"purchasable","11":"product-type-simple"},"_links":{"self":[{"href":"https:\/\/nordicmart.andreevmaster.com\/sv\/wp-json\/wp\/v2\/product\/11036","targetHints":{"allow":["GET"]}}],"collection":[{"href":"https:\/\/nordicmart.andreevmaster.com\/sv\/wp-json\/wp\/v2\/product"}],"about":[{"href":"https:\/\/nordicmart.andreevmaster.com\/sv\/wp-json\/wp\/v2\/types\/product"}],"replies":[{"embeddable":true,"href":"https:\/\/nordicmart.andreevmaster.com\/sv\/wp-json\/wp\/v2\/comments?post=11036"}],"wp:attachment":[{"href":"https:\/\/nordicmart.andreevmaster.com\/sv\/wp-json\/wp\/v2\/media?parent=11036"}],"wp:term":[{"taxonomy":"product_brand","embeddable":true,"href":"https:\/\/nordicmart.andreevmaster.com\/sv\/wp-json\/wp\/v2\/product_brand?post=11036"},{"taxonomy":"product_cat","embeddable":true,"href":"https:\/\/nordicmart.andreevmaster.com\/sv\/wp-json\/wp\/v2\/product_cat?post=11036"},{"taxonomy":"product_tag","embeddable":true,"href":"https:\/\/nordicmart.andreevmaster.com\/sv\/wp-json\/wp\/v2\/product_tag?post=11036"}],"curies":[{"name":"wp","href":"https:\/\/api.w.org\/{rel}","templated":true}]}}