{"id":11035,"date":"2026-02-27T00:09:09","date_gmt":"2026-02-27T00:09:09","guid":{"rendered":"https:\/\/nordicmart.andreevmaster.com\/product\/dream-nest-snoskap-80x160\/"},"modified":"2026-02-27T08:04:26","modified_gmt":"2026-02-27T08:04:26","slug":"dream-nest-snoskap-80x160","status":"publish","type":"product","link":"https:\/\/nordicmart.andreevmaster.com\/sv\/produkt\/dream-nest-snoskap-80x160\/","title":{"rendered":"Dream Nest sn\u00f6sk\u00e5p 80&#215;160"},"content":{"rendered":"<p>Dream Nest sn\u00f6sk\u00e5p 80&#215;160  <\/p>\n<p>Sk\u00e5pet \u00e4r en mycket praktisk l\u00f6sning f\u00f6r alla barnrum. Det kan fungera som f\u00f6rvaringsutrymme f\u00f6r leksaker och s\u00e4ngkl\u00e4der, vilket hj\u00e4lper till att h\u00e5lla ordning och organisera vardagsf\u00f6rem\u00e5l. <\/p>\n<p>Huvudsakliga f\u00f6rdelar: <\/p>\n<p>\u2022 Uppfyller europeiska s\u00e4kerhetsstandarder och f\u00f6reskrifter \u2022 L\u00e5da p\u00e5 hjul, utrustad med praktiska gummikuddar f\u00f6r att f\u00f6rhindra repor p\u00e5 golvet <\/p>\n<p>M\u00e5tt (cm): <\/p>\n<p>\u2022 L\u00e4ngd: 157,5 <\/p>\n<p>\u2022 Djup: 85 <\/p>\n<p>Inre m\u00e5tt p\u00e5 l\u00e5dan (cm): <\/p>\n<p>\u2022 L\u00e4ngd: 152,7 <\/p>\n<p>\u2022 Djup: 80,7 <\/p>\n<p>\u2022 H\u00f6jd: 14 <\/p>\n<p>Material och ytbehandling:  <\/p>\n<p>\u2022 Framsida: lackerad MDF-skiva <\/p>\n<p>\u2022 Sidor och baksida: laminerad skiva <\/p>\n<p>\u2022 Botten: h\u00f6gkvalitativ HDF-skiva <\/p>\n<p>De vattenbaserade lackerna som anv\u00e4nds i lackeringsprocessen \u00e4r s\u00e4kra f\u00f6r barn och certifierade enligt standarden EN71\/3 f\u00f6r barnm\u00f6bler och leksaker. <\/p>\n<p>F\u00e4rg:  <\/p>\n<p>Sn\u00f6vit <\/p>\n<p>Sk\u00f6tselr\u00e5d:  <\/p>\n<p>Torka av skenan med en mjuk bomullsduk fuktad med vatten eller ett m\u00f6belv\u00e5rdsmedel. <\/p>\n<p>Ytterligare information:  <\/p>\n<p>M\u00f6blerna levereras i paket f\u00f6r sj\u00e4lvmontering. Paketen inneh\u00e5ller detaljerade monteringsanvisningar och beslag (skruvar etc.).<\/p>\n","protected":false},"excerpt":{"rendered":"<p>Dream Nest sn\u00f6sk\u00e5p 80&#215;160<\/p>\n","protected":false},"featured_media":0,"comment_status":"open","ping_status":"closed","template":"","meta":[],"product_brand":[],"product_cat":[33],"product_tag":[],"class_list":{"0":"post-11035","1":"product","2":"type-product","3":"status-publish","5":"product_cat-okategoriserad","7":"first","8":"instock","9":"shipping-taxable","10":"purchasable","11":"product-type-simple"},"_links":{"self":[{"href":"https:\/\/nordicmart.andreevmaster.com\/sv\/wp-json\/wp\/v2\/product\/11035","targetHints":{"allow":["GET"]}}],"collection":[{"href":"https:\/\/nordicmart.andreevmaster.com\/sv\/wp-json\/wp\/v2\/product"}],"about":[{"href":"https:\/\/nordicmart.andreevmaster.com\/sv\/wp-json\/wp\/v2\/types\/product"}],"replies":[{"embeddable":true,"href":"https:\/\/nordicmart.andreevmaster.com\/sv\/wp-json\/wp\/v2\/comments?post=11035"}],"wp:attachment":[{"href":"https:\/\/nordicmart.andreevmaster.com\/sv\/wp-json\/wp\/v2\/media?parent=11035"}],"wp:term":[{"taxonomy":"product_brand","embeddable":true,"href":"https:\/\/nordicmart.andreevmaster.com\/sv\/wp-json\/wp\/v2\/product_brand?post=11035"},{"taxonomy":"product_cat","embeddable":true,"href":"https:\/\/nordicmart.andreevmaster.com\/sv\/wp-json\/wp\/v2\/product_cat?post=11035"},{"taxonomy":"product_tag","embeddable":true,"href":"https:\/\/nordicmart.andreevmaster.com\/sv\/wp-json\/wp\/v2\/product_tag?post=11035"}],"curies":[{"name":"wp","href":"https:\/\/api.w.org\/{rel}","templated":true}]}}