{"id":11032,"date":"2026-02-27T00:09:08","date_gmt":"2026-02-27T00:09:08","guid":{"rendered":"https:\/\/nordicmart.andreevmaster.com\/product\/classic-world-edu-lekplatsleksak-dubbel-sikt\/"},"modified":"2026-02-27T08:04:26","modified_gmt":"2026-02-27T08:04:26","slug":"classic-world-edu-lekplatsleksak-dubbel-sikt","status":"publish","type":"product","link":"https:\/\/nordicmart.andreevmaster.com\/sv\/produkt\/classic-world-edu-lekplatsleksak-dubbel-sikt\/","title":{"rendered":"CLASSIC WORLD EDU Lekplatsleksak Dubbel sikt"},"content":{"rendered":"<p>Den dubbla sikten i tr\u00e4 fr\u00e5n CLASSIC WORLD \u00e4r en h\u00f6gkvalitativ sandleksak som \u00e4r ett perfekt tillskott till din sandl\u00e5da. Leksaken \u00e4r ocks\u00e5 perfekt f\u00f6r lekplatser och utbildningsinstitutioner. Tack vare sin h\u00f6ga kvalitet kommer leksaken att h\u00e5lla l\u00e4nge. Silarna har en stor yta, vilket g\u00f6r att barnen kan sikta sand genom dem, men ocks\u00e5 ordna sm\u00e5sten p\u00e5 dem \u2013 det enda som begr\u00e4nsar dem \u00e4r deras fantasi!<\/p>\n<p>Egenskaper:<\/p>\n<p>* &#8211; Leksak f\u00f6r barn fr\u00e5n 3 \u00e5r<br \/>\n* &#8211; Tillverkad av h\u00f6gkvalitativt tr\u00e4<br \/>\n* &#8211; Experimentkit \u2013 barn kan observera processen n\u00e4r sanden siktas, vilket hj\u00e4lper dem att f\u00f6rst\u00e5 orsak och verkan<br \/>\n* &#8211; L\u00e4tt att montera<br \/>\n* &#8211; Sensorisk lek<\/p>\n<p>Leksaken utvecklar:<\/p>\n<p>* &#8211; Finmotorik<br \/>\n* &#8211; Fantasi<br \/>\n* &#8211; Kreativitet<\/p>\n","protected":false},"excerpt":{"rendered":"<p>Den dubbla sikten i tr\u00e4 fr\u00e5n CLASSIC WORLD \u00e4r en h\u00f6gkvalitativ sandleksak som \u00e4r ett perfekt tillskott till din sandl\u00e5da. Leksaken \u00e4r ocks\u00e5 perfekt f\u00f6r lekplatser och utbildningsinstitutioner. Tack vare sin h\u00f6ga kvalitet kommer leksaken att h\u00e5lla l\u00e4nge. Silarna har en stor yta, vilket g\u00f6r att barnen kan sikta sand genom dem, men ocks\u00e5 ordna [&hellip;]<\/p>\n","protected":false},"featured_media":0,"comment_status":"open","ping_status":"closed","template":"","meta":[],"product_brand":[],"product_cat":[33],"product_tag":[],"class_list":{"0":"post-11032","1":"product","2":"type-product","3":"status-publish","5":"product_cat-okategoriserad","7":"first","8":"instock","9":"shipping-taxable","10":"purchasable","11":"product-type-simple"},"_links":{"self":[{"href":"https:\/\/nordicmart.andreevmaster.com\/sv\/wp-json\/wp\/v2\/product\/11032","targetHints":{"allow":["GET"]}}],"collection":[{"href":"https:\/\/nordicmart.andreevmaster.com\/sv\/wp-json\/wp\/v2\/product"}],"about":[{"href":"https:\/\/nordicmart.andreevmaster.com\/sv\/wp-json\/wp\/v2\/types\/product"}],"replies":[{"embeddable":true,"href":"https:\/\/nordicmart.andreevmaster.com\/sv\/wp-json\/wp\/v2\/comments?post=11032"}],"wp:attachment":[{"href":"https:\/\/nordicmart.andreevmaster.com\/sv\/wp-json\/wp\/v2\/media?parent=11032"}],"wp:term":[{"taxonomy":"product_brand","embeddable":true,"href":"https:\/\/nordicmart.andreevmaster.com\/sv\/wp-json\/wp\/v2\/product_brand?post=11032"},{"taxonomy":"product_cat","embeddable":true,"href":"https:\/\/nordicmart.andreevmaster.com\/sv\/wp-json\/wp\/v2\/product_cat?post=11032"},{"taxonomy":"product_tag","embeddable":true,"href":"https:\/\/nordicmart.andreevmaster.com\/sv\/wp-json\/wp\/v2\/product_tag?post=11032"}],"curies":[{"name":"wp","href":"https:\/\/api.w.org\/{rel}","templated":true}]}}