{"id":11030,"date":"2026-02-27T00:09:08","date_gmt":"2026-02-27T00:09:08","guid":{"rendered":"https:\/\/nordicmart.andreevmaster.com\/product\/classic-world-edu-lekplatsvattenleksaker-rannor-experimentuppsattning\/"},"modified":"2026-02-27T08:04:26","modified_gmt":"2026-02-27T08:04:26","slug":"classic-world-edu-lekplatsvattenleksaker-rannor-experimentuppsattning","status":"publish","type":"product","link":"https:\/\/nordicmart.andreevmaster.com\/sv\/produkt\/classic-world-edu-lekplatsvattenleksaker-rannor-experimentuppsattning\/","title":{"rendered":"CLASSIC WORLD EDU Lekplatsvattenleksaker R\u00e4nnor &#8211; Experimentupps\u00e4ttning"},"content":{"rendered":"<p>Denna vattenleksak f\u00f6r barn fr\u00e5n det v\u00e4lk\u00e4nda varum\u00e4rket Classic World \u00e4r ett fantastiskt experimentkit f\u00f6r ditt barns sandl\u00e5da, men ocks\u00e5 f\u00f6r utbildningsinstitutioner. Fyll helt enkelt r\u00e4nnan med vatten och se hur det rinner fr\u00e5n den ena till den andra genom ett litet h\u00e5l och skapar en minipool. Vattnet droppar fr\u00e5n det \u00f6vre transparenta r\u00f6ret och rinner ner i de andra tv\u00e5 r\u00f6ren. Denna \u00f6vning hj\u00e4lper barn att utveckla sin kunskap om vatten, sand och bollars flytbarhet.<\/p>\n<p>Egenskaper:<\/p>\n<p>* &#8211; Leksak f\u00f6r barn fr\u00e5n 3 \u00e5r<br \/>\n* &#8211; O\u00e4ndlig lekgl\u00e4dje<br \/>\n* &#8211; Det perfekta tillskottet till sandl\u00e5dan eller tr\u00e4dg\u00e5rden<br \/>\n* &#8211; Sensorisk leksak \u2013 observera vattnet som rinner ner<\/p>\n<p>Leksaken utvecklar:<\/p>\n<p>* &#8211; Finmotorik<br \/>\n* &#8211; Fantasi<br \/>\n* &#8211; Kreativitet<br \/>\n* &#8211; Orsak-verkan-t\u00e4nkande<br \/>\n* &#8211; Manuell skicklighet<\/p>\n","protected":false},"excerpt":{"rendered":"<p>Denna vattenleksak f\u00f6r barn fr\u00e5n det v\u00e4lk\u00e4nda varum\u00e4rket Classic World \u00e4r ett fantastiskt experimentkit f\u00f6r ditt barns sandl\u00e5da, men ocks\u00e5 f\u00f6r utbildningsinstitutioner. Fyll helt enkelt r\u00e4nnan med vatten och se hur det rinner fr\u00e5n den ena till den andra genom ett litet h\u00e5l och skapar en minipool. Vattnet droppar fr\u00e5n det \u00f6vre transparenta r\u00f6ret och [&hellip;]<\/p>\n","protected":false},"featured_media":0,"comment_status":"open","ping_status":"closed","template":"","meta":[],"product_brand":[],"product_cat":[33],"product_tag":[],"class_list":{"0":"post-11030","1":"product","2":"type-product","3":"status-publish","5":"product_cat-okategoriserad","7":"first","8":"instock","9":"shipping-taxable","10":"purchasable","11":"product-type-simple"},"_links":{"self":[{"href":"https:\/\/nordicmart.andreevmaster.com\/sv\/wp-json\/wp\/v2\/product\/11030","targetHints":{"allow":["GET"]}}],"collection":[{"href":"https:\/\/nordicmart.andreevmaster.com\/sv\/wp-json\/wp\/v2\/product"}],"about":[{"href":"https:\/\/nordicmart.andreevmaster.com\/sv\/wp-json\/wp\/v2\/types\/product"}],"replies":[{"embeddable":true,"href":"https:\/\/nordicmart.andreevmaster.com\/sv\/wp-json\/wp\/v2\/comments?post=11030"}],"wp:attachment":[{"href":"https:\/\/nordicmart.andreevmaster.com\/sv\/wp-json\/wp\/v2\/media?parent=11030"}],"wp:term":[{"taxonomy":"product_brand","embeddable":true,"href":"https:\/\/nordicmart.andreevmaster.com\/sv\/wp-json\/wp\/v2\/product_brand?post=11030"},{"taxonomy":"product_cat","embeddable":true,"href":"https:\/\/nordicmart.andreevmaster.com\/sv\/wp-json\/wp\/v2\/product_cat?post=11030"},{"taxonomy":"product_tag","embeddable":true,"href":"https:\/\/nordicmart.andreevmaster.com\/sv\/wp-json\/wp\/v2\/product_tag?post=11030"}],"curies":[{"name":"wp","href":"https:\/\/api.w.org\/{rel}","templated":true}]}}