{"id":11029,"date":"2026-02-27T00:09:08","date_gmt":"2026-02-27T00:09:08","guid":{"rendered":"https:\/\/nordicmart.andreevmaster.com\/product\/classic-world-edu-mega-soft-eva-skumbyggklossar-bygga-tak\/"},"modified":"2026-02-27T08:04:26","modified_gmt":"2026-02-27T08:04:26","slug":"classic-world-edu-mega-soft-eva-skumbyggklossar-bygga-tak","status":"publish","type":"product","link":"https:\/\/nordicmart.andreevmaster.com\/sv\/produkt\/classic-world-edu-mega-soft-eva-skumbyggklossar-bygga-tak\/","title":{"rendered":"CLASSIC WORLD EDU Mega Soft EVA-skumbyggklossar \u2013 Bygga tak"},"content":{"rendered":"<p>EVA-klossar fr\u00e5n Classic World \u00e4r det perfekta tillskottet till utomhusleken! Om du vill ge ditt barn l\u00e5ngvarig och extremt engagerande utomhuslek \u00e4r EVA-klossar perfekta f\u00f6r detta. De l\u00e5ter barn bygga v\u00e4ggar och olika strukturer, precis vad de \u00e4n kan t\u00e4nka sig. Klossarna kan arrangeras i olika strukturer, s\u00e5 leken tar aldrig slut! Barn kan samarbeta f\u00f6r att bygga komplexa strukturer. Tack vare EVA-materialet \u00e4r de mjuka och s\u00e4kra f\u00f6r barn. En h\u00f6gkvalitativ produkt som t\u00e5l utomhuslek. <\/p>\n<p>Egenskaper: <\/p>\n<p>* &#8211; Leksak f\u00f6r barn fr\u00e5n 3 \u00e5r<br \/>\n* &#8211; M\u00e5nga byggm\u00f6jligheter<br \/>\n* &#8211; Tillverkad av mjukt EVA-material<br \/>\n* &#8211; Vi rekommenderar att du k\u00f6per en l\u00e5da\/beh\u00e5llare f\u00f6r f\u00f6rvaring av klossarna utomhus (kod: CW70158)<br \/>\n* &#8211; Leksaken inneh\u00e5ller 38 delar<\/p>\n<p>H\u00e4r \u00e4r n\u00e5gra exempel p\u00e5 hur du kan anv\u00e4nda dessa klossar f\u00f6r att bygga:<\/p>\n<p>* Arkitektoniska strukturer: Barn kan anv\u00e4nda mjuka klossar f\u00f6r att bygga olika arkitektoniska strukturer, s\u00e5som hus, torn, broar och slott. De kan skapa sina egna konstruktioner eller imitera k\u00e4nda byggnader. Detta utvecklar deras konstruktionsf\u00f6rm\u00e5ga, rumsliga fantasi och probleml\u00f6sningsf\u00f6rm\u00e5ga.<br \/>\n* Konstn\u00e4rliga skapelser: EVA-klossar kan anv\u00e4ndas f\u00f6r att skapa kreativa konstn\u00e4rliga verk. Barn kan ordna klossarna i olika m\u00f6nster och former f\u00f6r att skapa abstrakta eller realistiska bilder. De kan ocks\u00e5 experimentera med f\u00e4rger och texturer f\u00f6r att skapa unika konstverk.<br \/>\n* Labyrinter och hinderbanor: Tack vare de mjuka klossarnas flexibla egenskaper kan barn bygga labyrinter och hinderbanor. De kan skapa olika sv\u00e5righetsgrader som kr\u00e4ver precision, koncentration och fingerf\u00e4rdighet. Detta utvecklar motorisk koordination och planeringsf\u00f6rm\u00e5ga.* Interaktiva leksaker: EVA-klossar kan anv\u00e4ndas f\u00f6r att skapa interaktiva leksaker som pussel, puslespel och fordon. Barn kan skapa olika modeller och experimentera med olika kombinationer, vilket utvecklar deras logiska f\u00f6rm\u00e5ga och kreativitet. * Gruppspel: EVA-klossar \u00e4r perfekta f\u00f6r gruppspel. Barn kan arbeta tillsammans f\u00f6r att bygga st\u00f6rre strukturer, skapa st\u00e4der eller landskap och engagera sig i samarbete och kommunikation. Detta utvecklar sociala f\u00e4rdigheter som samarbete, f\u00f6rhandling och konfliktl\u00f6sning.<\/p>\n<p>Leksaken utvecklar:<\/p>\n<p>* &#8211; Kreativitet<br \/>\n* &#8211; Logiskt t\u00e4nkande<br \/>\n* &#8211; Finmotorik<br \/>\n* &#8211; Rumslig fantasi<\/p>\n<p>Ing\u00e5r i setet:<\/p>\n<p>* &#8211; Triangul\u00e4r balk x4<br \/>\n* &#8211; B\u00e5gformat f\u00f6nster x2<br \/>\n* &#8211; Tak x32<\/p>\n","protected":false},"excerpt":{"rendered":"<p>EVA-klossar fr\u00e5n Classic World \u00e4r det perfekta tillskottet till utomhusleken! Om du vill ge ditt barn l\u00e5ngvarig och extremt engagerande utomhuslek \u00e4r EVA-klossar perfekta f\u00f6r detta. De l\u00e5ter barn bygga v\u00e4ggar och olika strukturer, precis vad de \u00e4n kan t\u00e4nka sig. Klossarna kan arrangeras i olika strukturer, s\u00e5 leken tar aldrig slut! Barn kan samarbeta [&hellip;]<\/p>\n","protected":false},"featured_media":0,"comment_status":"open","ping_status":"closed","template":"","meta":[],"product_brand":[],"product_cat":[33],"product_tag":[],"class_list":{"0":"post-11029","1":"product","2":"type-product","3":"status-publish","5":"product_cat-okategoriserad","7":"first","8":"instock","9":"shipping-taxable","10":"purchasable","11":"product-type-simple"},"_links":{"self":[{"href":"https:\/\/nordicmart.andreevmaster.com\/sv\/wp-json\/wp\/v2\/product\/11029","targetHints":{"allow":["GET"]}}],"collection":[{"href":"https:\/\/nordicmart.andreevmaster.com\/sv\/wp-json\/wp\/v2\/product"}],"about":[{"href":"https:\/\/nordicmart.andreevmaster.com\/sv\/wp-json\/wp\/v2\/types\/product"}],"replies":[{"embeddable":true,"href":"https:\/\/nordicmart.andreevmaster.com\/sv\/wp-json\/wp\/v2\/comments?post=11029"}],"wp:attachment":[{"href":"https:\/\/nordicmart.andreevmaster.com\/sv\/wp-json\/wp\/v2\/media?parent=11029"}],"wp:term":[{"taxonomy":"product_brand","embeddable":true,"href":"https:\/\/nordicmart.andreevmaster.com\/sv\/wp-json\/wp\/v2\/product_brand?post=11029"},{"taxonomy":"product_cat","embeddable":true,"href":"https:\/\/nordicmart.andreevmaster.com\/sv\/wp-json\/wp\/v2\/product_cat?post=11029"},{"taxonomy":"product_tag","embeddable":true,"href":"https:\/\/nordicmart.andreevmaster.com\/sv\/wp-json\/wp\/v2\/product_tag?post=11029"}],"curies":[{"name":"wp","href":"https:\/\/api.w.org\/{rel}","templated":true}]}}