{"id":11028,"date":"2026-02-27T00:09:08","date_gmt":"2026-02-27T00:09:08","guid":{"rendered":"https:\/\/nordicmart.andreevmaster.com\/product\/classic-world-edu-mega-building-blocks-soft-eva-building-bricks-90-pcs-2\/"},"modified":"2026-02-27T08:04:25","modified_gmt":"2026-02-27T08:04:25","slug":"classic-world-edu-mega-building-blocks-soft-eva-building-bricks-90-pcs-2","status":"publish","type":"product","link":"https:\/\/nordicmart.andreevmaster.com\/sv\/produkt\/classic-world-edu-mega-building-blocks-soft-eva-building-bricks-90-pcs-2\/","title":{"rendered":"CLASSIC WORLD EDU Mega Building Blocks Soft EVA Building Bricks 90 pcs."},"content":{"rendered":"<p>EVA-klossar fr\u00e5n Classic World \u00e4r det perfekta leksetet f\u00f6r utomhusbruk, d\u00e4r barn kan bygga murar, strukturer och kreativa konstruktioner. Det mjuka EVA-materialet garanterar s\u00e4kerhet, och de m\u00e5nga olika elementen garanterar l\u00e5ngvarigt och engagerande lek. Barnen kan samarbeta f\u00f6r att skapa komplexa projekt och utveckla sin fantasi och sina konstruktionsf\u00e4rdigheter. <\/p>\n<p>Egenskaper: <\/p>\n<p>* &#8211; Leksak f\u00f6r barn fr\u00e5n 3 \u00e5r<br \/>\n* &#8211; 90 delar ing\u00e5r<br \/>\n* &#8211; M\u00e5nga byggm\u00f6jligheter<br \/>\n* &#8211; Mjukt EVA-material som \u00e4r s\u00e4kert f\u00f6r barn<br \/>\n* &#8211; Kan f\u00f6rvaras i en beh\u00e5llare\/f\u00f6rvaringsl\u00e5da (kod: CW70158)<\/p>\n<p>Satsen inneh\u00e5ller:<\/p>\n<p>* &#8211; 15 gr\u00e5 rektanglar<br \/>\n* &#8211; 35 vitgr\u00e5 rektanglar<br \/>\n* &#8211; 20 svarta rektanglar<br \/>\n* &#8211; 6 gr\u00e5 kvadrater<br \/>\n* &#8211; 14 vitgr\u00e5 kvadrater<\/p>\n<p>Leksaken utvecklar:<\/p>\n<p>* &#8211; Kreativitet<br \/>\n* &#8211; Logiskt t\u00e4nkande<br \/>\n* &#8211; Finmotorik<br \/>\n* &#8211; Rumslig fantasi<\/p>\n<p>H\u00e4r \u00e4r n\u00e5gra exempel p\u00e5 hur du kan anv\u00e4nda dessa byggklossar:<\/p>\n<p>* Arkitektoniska strukturer: Barn kan anv\u00e4nda mjuka klossar f\u00f6r att bygga olika arkitektoniska strukturer, s\u00e5som hus, torn, broar och slott. De kan skapa egna konstruktioner eller imitera k\u00e4nda byggnader. Detta utvecklar deras konstruktionsf\u00f6rm\u00e5ga, rumsliga fantasi och probleml\u00f6sningsf\u00f6rm\u00e5ga.<br \/>\n* Konstn\u00e4rliga skapelser: EVA-klossar kan anv\u00e4ndas f\u00f6r att skapa kreativa konstn\u00e4rliga verk. Barn kan arrangera klossarna i olika m\u00f6nster och former f\u00f6r att skapa abstrakta eller realistiska bilder. De kan ocks\u00e5 experimentera med f\u00e4rger och texturer f\u00f6r att skapa unika konstverk.<br \/>\n* Labyrinter och hinderbanor: Tack vare de mjuka klossarnas flexibla egenskaper kan barn bygga labyrinter och hinderbanor. De kan skapa olika sv\u00e5righetsgrader som kr\u00e4ver precision, koncentration och fingerf\u00e4rdighet. Detta utvecklar motorisk koordination och planeringsf\u00f6rm\u00e5ga.* Interaktiva leksaker: EVA-klossar kan anv\u00e4ndas f\u00f6r att skapa interaktiva leksaker som pussel, puslespel och fordon. Barn kan skapa olika modeller och experimentera med olika kombinationer, vilket utvecklar deras logiska f\u00f6rm\u00e5ga och kreativitet. * Gruppspel: EVA-klossar \u00e4r perfekta f\u00f6r gruppspel. Barn kan arbeta tillsammans f\u00f6r att bygga st\u00f6rre strukturer, skapa st\u00e4der eller landskap och engagera sig i samarbete och kommunikation. Detta utvecklar sociala f\u00e4rdigheter som samarbete, f\u00f6rhandling och konfliktl\u00f6sning.<\/p>\n","protected":false},"excerpt":{"rendered":"<p>EVA-klossar fr\u00e5n Classic World \u00e4r det perfekta leksetet f\u00f6r utomhusbruk, d\u00e4r barn kan bygga murar, strukturer och kreativa konstruktioner. Det mjuka EVA-materialet garanterar s\u00e4kerhet, och de m\u00e5nga olika elementen garanterar l\u00e5ngvarigt och engagerande lek. Barnen kan samarbeta f\u00f6r att skapa komplexa projekt och utveckla sin fantasi och sina konstruktionsf\u00e4rdigheter. Egenskaper: * &#8211; Leksak f\u00f6r barn [&hellip;]<\/p>\n","protected":false},"featured_media":0,"comment_status":"open","ping_status":"closed","template":"","meta":[],"product_brand":[],"product_cat":[33],"product_tag":[],"class_list":{"0":"post-11028","1":"product","2":"type-product","3":"status-publish","5":"product_cat-okategoriserad","7":"first","8":"instock","9":"shipping-taxable","10":"purchasable","11":"product-type-simple"},"_links":{"self":[{"href":"https:\/\/nordicmart.andreevmaster.com\/sv\/wp-json\/wp\/v2\/product\/11028","targetHints":{"allow":["GET"]}}],"collection":[{"href":"https:\/\/nordicmart.andreevmaster.com\/sv\/wp-json\/wp\/v2\/product"}],"about":[{"href":"https:\/\/nordicmart.andreevmaster.com\/sv\/wp-json\/wp\/v2\/types\/product"}],"replies":[{"embeddable":true,"href":"https:\/\/nordicmart.andreevmaster.com\/sv\/wp-json\/wp\/v2\/comments?post=11028"}],"wp:attachment":[{"href":"https:\/\/nordicmart.andreevmaster.com\/sv\/wp-json\/wp\/v2\/media?parent=11028"}],"wp:term":[{"taxonomy":"product_brand","embeddable":true,"href":"https:\/\/nordicmart.andreevmaster.com\/sv\/wp-json\/wp\/v2\/product_brand?post=11028"},{"taxonomy":"product_cat","embeddable":true,"href":"https:\/\/nordicmart.andreevmaster.com\/sv\/wp-json\/wp\/v2\/product_cat?post=11028"},{"taxonomy":"product_tag","embeddable":true,"href":"https:\/\/nordicmart.andreevmaster.com\/sv\/wp-json\/wp\/v2\/product_tag?post=11028"}],"curies":[{"name":"wp","href":"https:\/\/api.w.org\/{rel}","templated":true}]}}