{"id":11027,"date":"2026-02-27T00:09:07","date_gmt":"2026-02-27T00:09:07","guid":{"rendered":"https:\/\/nordicmart.andreevmaster.com\/product\/classic-world-edu-sandlekvagg\/"},"modified":"2026-02-27T08:04:25","modified_gmt":"2026-02-27T08:04:25","slug":"classic-world-edu-sandlekvagg","status":"publish","type":"product","link":"https:\/\/nordicmart.andreevmaster.com\/sv\/produkt\/classic-world-edu-sandlekvagg\/","title":{"rendered":"CLASSIC WORLD EDU Sandlekv\u00e4gg"},"content":{"rendered":"<p>Tr\u00e4v\u00e4ggen fr\u00e5n CLASSIC WORLD \u00e4r ett utm\u00e4rkt tillskott till alla lekplatser eller tr\u00e4dg\u00e5rdar. Det \u00e4r en multifunktionell upps\u00e4ttning som best\u00e5r av en lekyta och en viloplats. Produkten \u00e4r tillverkad av h\u00f6gkvalitativt tr\u00e4, m\u00e5lad med giftfri impregnering \u2013 helt s\u00e4ker f\u00f6r barn. P\u00e5 h\u00f6ger sida finns en tratt \u2013 fyll den med sand och se hur den rinner genom h\u00e5let, vilket s\u00e4tter kvarnen i r\u00f6relse. P\u00e5 v\u00e4nster sida finns ocks\u00e5 en tratt som du kan h\u00e4lla sand i och se hur den rinner genom h\u00e5let p\u00e5 leksakens branta sidor och skapar en rutschkana. I mitten finns en spegelfolie i form av en julgran, som ditt barn s\u00e4kert kommer att \u00e4lska! P\u00e5 andra sidan av br\u00e4dan finns en viloplats \u2013 en bekv\u00e4m tr\u00e4b\u00e4nk. Ditt barn kan sitta p\u00e5 den och l\u00e4gga sina leksaker p\u00e5 den nedre hyllan n\u00e4r de \u00e4r f\u00e4rdiga med att leka.<br \/>\nEgenskaper:<br \/>\n* &#8211; Leksak f\u00f6r barn fr\u00e5n 3 \u00e5r<br \/>\n* &#8211; H\u00f6g kvalitet<br \/>\n* &#8211; Inkluderar en b\u00e4nk att sitta p\u00e5<br \/>\n* &#8211; Det perfekta tillskottet till en sandl\u00e5da eller lekplats<br \/>\nLeksaken utvecklar:<br \/>\n* &#8211; Manuell skicklighet<br \/>\n* &#8211; Logiskt t\u00e4nkande<br \/>\n* &#8211; Fantasi<br \/>\n* &#8211; Kreativitet<br \/>\n* &#8211; Lagarbete<\/p>\n<p>Impregnerat furuvirke har anv\u00e4nts f\u00f6r att s\u00e4kerst\u00e4lla b\u00e4sta m\u00f6jliga egenskaper i en utomhusmilj\u00f6. Tack vare impregneringen \u00e4r virket motst\u00e5ndskraftigt mot v\u00e4derf\u00f6rh\u00e5llanden, vilket garanterar dess l\u00e5nga livsl\u00e4ngd och estetiska utseende under m\u00e5nga \u00e5r. Denna l\u00f6sning skiljer produkten fr\u00e5n l\u00f6sningar som anv\u00e4nds i konkurrerande produkter.<\/p>\n","protected":false},"excerpt":{"rendered":"<p>Tr\u00e4v\u00e4ggen fr\u00e5n CLASSIC WORLD \u00e4r ett utm\u00e4rkt tillskott till alla lekplatser eller tr\u00e4dg\u00e5rdar. Det \u00e4r en multifunktionell upps\u00e4ttning som best\u00e5r av en lekyta och en viloplats. Produkten \u00e4r tillverkad av h\u00f6gkvalitativt tr\u00e4, m\u00e5lad med giftfri impregnering \u2013 helt s\u00e4ker f\u00f6r barn. P\u00e5 h\u00f6ger sida finns en tratt \u2013 fyll den med sand och se hur [&hellip;]<\/p>\n","protected":false},"featured_media":0,"comment_status":"open","ping_status":"closed","template":"","meta":[],"product_brand":[],"product_cat":[33],"product_tag":[],"class_list":{"0":"post-11027","1":"product","2":"type-product","3":"status-publish","5":"product_cat-okategoriserad","7":"first","8":"instock","9":"shipping-taxable","10":"purchasable","11":"product-type-simple"},"_links":{"self":[{"href":"https:\/\/nordicmart.andreevmaster.com\/sv\/wp-json\/wp\/v2\/product\/11027","targetHints":{"allow":["GET"]}}],"collection":[{"href":"https:\/\/nordicmart.andreevmaster.com\/sv\/wp-json\/wp\/v2\/product"}],"about":[{"href":"https:\/\/nordicmart.andreevmaster.com\/sv\/wp-json\/wp\/v2\/types\/product"}],"replies":[{"embeddable":true,"href":"https:\/\/nordicmart.andreevmaster.com\/sv\/wp-json\/wp\/v2\/comments?post=11027"}],"wp:attachment":[{"href":"https:\/\/nordicmart.andreevmaster.com\/sv\/wp-json\/wp\/v2\/media?parent=11027"}],"wp:term":[{"taxonomy":"product_brand","embeddable":true,"href":"https:\/\/nordicmart.andreevmaster.com\/sv\/wp-json\/wp\/v2\/product_brand?post=11027"},{"taxonomy":"product_cat","embeddable":true,"href":"https:\/\/nordicmart.andreevmaster.com\/sv\/wp-json\/wp\/v2\/product_cat?post=11027"},{"taxonomy":"product_tag","embeddable":true,"href":"https:\/\/nordicmart.andreevmaster.com\/sv\/wp-json\/wp\/v2\/product_tag?post=11027"}],"curies":[{"name":"wp","href":"https:\/\/api.w.org\/{rel}","templated":true}]}}