{"id":11026,"date":"2026-02-27T00:09:07","date_gmt":"2026-02-27T00:09:07","guid":{"rendered":"https:\/\/nordicmart.andreevmaster.com\/product\/classic-world-edu-tra-trafikljus-xxl\/"},"modified":"2026-02-27T08:04:25","modified_gmt":"2026-02-27T08:04:25","slug":"classic-world-edu-tra-trafikljus-xxl","status":"publish","type":"product","link":"https:\/\/nordicmart.andreevmaster.com\/sv\/produkt\/classic-world-edu-tra-trafikljus-xxl\/","title":{"rendered":"CLASSIC WORLD EDU Tr\u00e4 trafikljus XXL"},"content":{"rendered":"<p>Classic World EDU trafikljus i tr\u00e4 \u00e4r ett utm\u00e4rkt pedagogiskt verktyg f\u00f6r utomhuslek. Det hj\u00e4lper ditt barn att l\u00e4ra sig grundl\u00e4ggande trafikregler och f\u00f6rbereder dem f\u00f6r att r\u00f6ra sig s\u00e4kert och medvetet. Medan de leker kan barnen ta p\u00e5 sig rollerna som f\u00f6rare, fotg\u00e4ngare eller poliser och l\u00e4ra sig att analysera situationer, vilket fr\u00e4mjar utvecklingen av sj\u00e4lvst\u00e4ndighet. Trafikljuset \u00e4r perfekt f\u00f6r f\u00f6rskolor, lekplatser och tr\u00e4dg\u00e5rdar.<br \/>\nEgenskaper:<br \/>\n* &#8211; Fr\u00e5n 3 \u00e5r<br \/>\n* &#8211; H\u00f6gkvalitativt, h\u00e5llbart och v\u00e4derbest\u00e4ndigt tr\u00e4<br \/>\n* &#8211; Enkel och tydlig design som \u00e4r modellerad efter ett riktigt trafikljus<br \/>\n* &#8211; Perfekt f\u00f6r tr\u00e4dg\u00e5rdar, lekplatser, f\u00f6rskolor och utbildningsomr\u00e5den<br \/>\n* &#8211; Solid konstruktion som garanterar s\u00e4kerhet<br \/>\nSatsen inneh\u00e5ller:<br \/>\n* &#8211; Trafikljus i tr\u00e4<br \/>\n* &#8211; Monteringsmaterial<br \/>\n* &#8211; Utbytbara tr\u00e4skivor som imiterar ljus<\/p>\n<p>Leksaken utvecklar:<\/p>\n<p>* &#8211; F\u00e4rg- och sekvensigenk\u00e4nning<br \/>\n* &#8211; Kunskap om trafiks\u00e4kerhet<br \/>\n* &#8211; Beslutsfattande och sj\u00e4lvst\u00e4ndighet<\/p>\n","protected":false},"excerpt":{"rendered":"<p>Classic World EDU trafikljus i tr\u00e4 \u00e4r ett utm\u00e4rkt pedagogiskt verktyg f\u00f6r utomhuslek. Det hj\u00e4lper ditt barn att l\u00e4ra sig grundl\u00e4ggande trafikregler och f\u00f6rbereder dem f\u00f6r att r\u00f6ra sig s\u00e4kert och medvetet. Medan de leker kan barnen ta p\u00e5 sig rollerna som f\u00f6rare, fotg\u00e4ngare eller poliser och l\u00e4ra sig att analysera situationer, vilket fr\u00e4mjar utvecklingen [&hellip;]<\/p>\n","protected":false},"featured_media":0,"comment_status":"open","ping_status":"closed","template":"","meta":[],"product_brand":[],"product_cat":[33],"product_tag":[],"class_list":{"0":"post-11026","1":"product","2":"type-product","3":"status-publish","5":"product_cat-okategoriserad","7":"first","8":"instock","9":"shipping-taxable","10":"purchasable","11":"product-type-simple"},"_links":{"self":[{"href":"https:\/\/nordicmart.andreevmaster.com\/sv\/wp-json\/wp\/v2\/product\/11026","targetHints":{"allow":["GET"]}}],"collection":[{"href":"https:\/\/nordicmart.andreevmaster.com\/sv\/wp-json\/wp\/v2\/product"}],"about":[{"href":"https:\/\/nordicmart.andreevmaster.com\/sv\/wp-json\/wp\/v2\/types\/product"}],"replies":[{"embeddable":true,"href":"https:\/\/nordicmart.andreevmaster.com\/sv\/wp-json\/wp\/v2\/comments?post=11026"}],"wp:attachment":[{"href":"https:\/\/nordicmart.andreevmaster.com\/sv\/wp-json\/wp\/v2\/media?parent=11026"}],"wp:term":[{"taxonomy":"product_brand","embeddable":true,"href":"https:\/\/nordicmart.andreevmaster.com\/sv\/wp-json\/wp\/v2\/product_brand?post=11026"},{"taxonomy":"product_cat","embeddable":true,"href":"https:\/\/nordicmart.andreevmaster.com\/sv\/wp-json\/wp\/v2\/product_cat?post=11026"},{"taxonomy":"product_tag","embeddable":true,"href":"https:\/\/nordicmart.andreevmaster.com\/sv\/wp-json\/wp\/v2\/product_tag?post=11026"}],"curies":[{"name":"wp","href":"https:\/\/api.w.org\/{rel}","templated":true}]}}