{"id":11025,"date":"2026-02-27T00:09:07","date_gmt":"2026-02-27T00:09:07","guid":{"rendered":"https:\/\/nordicmart.andreevmaster.com\/product\/classic-world-edu-stort-trafikskyltsset-90-cm-8-st\/"},"modified":"2026-02-27T08:04:25","modified_gmt":"2026-02-27T08:04:25","slug":"classic-world-edu-stort-trafikskyltsset-90-cm-8-st","status":"publish","type":"product","link":"https:\/\/nordicmart.andreevmaster.com\/sv\/produkt\/classic-world-edu-stort-trafikskyltsset-90-cm-8-st\/","title":{"rendered":"CLASSIC WORLD EDU Stort trafikskyltsset 90 cm \u2013 8 st."},"content":{"rendered":"<p>Introducera ditt barn till den fascinerande v\u00e4rlden av v\u00e4gtrafik med CLASSIC WORLDs trafikskyltar! Detta omfattande set med realistiska trafikskyltar \u00e4r det perfekta s\u00e4ttet att l\u00e4ra sig genom lek. Barn kan skapa sina egna gator, korsningar och rutter samtidigt som de l\u00e4r sig grundl\u00e4ggande trafiks\u00e4kerhetsregler, betydelsen av enskilda skyltar och rollen som en ansvarsfull trafikanter. De robusta och stabila skyltarna ger timmar av kreativ lek, oavsett om det \u00e4r i tr\u00e4dg\u00e5rden, p\u00e5 uppfarten eller i rummet, och utvecklar fantasi och sociala f\u00e4rdigheter. G\u00f6r dig redo f\u00f6r att ditt barn ska bli en expert p\u00e5 trafikregler!<\/p>\n<p>Egenskaper:<\/p>\n<p>* &#8211; Fr\u00e5n 3 \u00e5r<br \/>\n* &#8211; XXL-skyltar \u2013 h\u00f6jd upp till 90 cm<br \/>\n* &#8211; Slitstark plast (skyltar och baser)<br \/>\n* &#8211; Realistisk \u00e5tergivning av popul\u00e4ra v\u00e4gskyltar<br \/>\n* &#8211; Varje skylt har en solid, bred bas f\u00f6r stabilitet<br \/>\n* &#8211; Perfekt f\u00f6r lek utomhus (tr\u00e4dg\u00e5rd, g\u00e5rd) och inomhus (lekrum), f\u00f6r individuell lek och grupplek<\/p>\n<p>Satsen inneh\u00e5ller f\u00f6ljande skyltar:<\/p>\n<p>* &#8211; Ingen tutning<br \/>\n* &#8211; \u00d6verg\u00e5ngsst\u00e4lle<br \/>\n* &#8211; Bensinstation<br \/>\n* &#8211; Parkering<br \/>\n* &#8211; Andra faror<br \/>\n* &#8211; Ingen U-sv\u00e4ng<br \/>\n* &#8211; G\u00e5ngv\u00e4g<br \/>\n* &#8211; Brant backe<\/p>\n<p>Leksaken utvecklar:<\/p>\n<p>* &#8211; Kognitiva f\u00e4rdigheter<br \/>\n* &#8211; Fantasi och kreativitet<br \/>\n* &#8211; Sociala f\u00e4rdigheter<br \/>\n* &#8211; Rumslig orientering<br \/>\n* &#8211; L\u00e4r ut grundl\u00e4ggande trafiks\u00e4kerhetsregler<\/p>\n","protected":false},"excerpt":{"rendered":"<p>Introducera ditt barn till den fascinerande v\u00e4rlden av v\u00e4gtrafik med CLASSIC WORLDs trafikskyltar! Detta omfattande set med realistiska trafikskyltar \u00e4r det perfekta s\u00e4ttet att l\u00e4ra sig genom lek. Barn kan skapa sina egna gator, korsningar och rutter samtidigt som de l\u00e4r sig grundl\u00e4ggande trafiks\u00e4kerhetsregler, betydelsen av enskilda skyltar och rollen som en ansvarsfull trafikanter. De [&hellip;]<\/p>\n","protected":false},"featured_media":0,"comment_status":"open","ping_status":"closed","template":"","meta":[],"product_brand":[],"product_cat":[33],"product_tag":[],"class_list":{"0":"post-11025","1":"product","2":"type-product","3":"status-publish","5":"product_cat-okategoriserad","7":"first","8":"instock","9":"shipping-taxable","10":"purchasable","11":"product-type-simple"},"_links":{"self":[{"href":"https:\/\/nordicmart.andreevmaster.com\/sv\/wp-json\/wp\/v2\/product\/11025","targetHints":{"allow":["GET"]}}],"collection":[{"href":"https:\/\/nordicmart.andreevmaster.com\/sv\/wp-json\/wp\/v2\/product"}],"about":[{"href":"https:\/\/nordicmart.andreevmaster.com\/sv\/wp-json\/wp\/v2\/types\/product"}],"replies":[{"embeddable":true,"href":"https:\/\/nordicmart.andreevmaster.com\/sv\/wp-json\/wp\/v2\/comments?post=11025"}],"wp:attachment":[{"href":"https:\/\/nordicmart.andreevmaster.com\/sv\/wp-json\/wp\/v2\/media?parent=11025"}],"wp:term":[{"taxonomy":"product_brand","embeddable":true,"href":"https:\/\/nordicmart.andreevmaster.com\/sv\/wp-json\/wp\/v2\/product_brand?post=11025"},{"taxonomy":"product_cat","embeddable":true,"href":"https:\/\/nordicmart.andreevmaster.com\/sv\/wp-json\/wp\/v2\/product_cat?post=11025"},{"taxonomy":"product_tag","embeddable":true,"href":"https:\/\/nordicmart.andreevmaster.com\/sv\/wp-json\/wp\/v2\/product_tag?post=11025"}],"curies":[{"name":"wp","href":"https:\/\/api.w.org\/{rel}","templated":true}]}}