{"id":11023,"date":"2026-02-27T00:09:07","date_gmt":"2026-02-27T00:09:07","guid":{"rendered":"https:\/\/nordicmart.andreevmaster.com\/product\/classic-world-edu-travattenvagn-slang\/"},"modified":"2026-02-27T08:04:25","modified_gmt":"2026-02-27T08:04:25","slug":"classic-world-edu-travattenvagn-slang","status":"publish","type":"product","link":"https:\/\/nordicmart.andreevmaster.com\/sv\/produkt\/classic-world-edu-travattenvagn-slang\/","title":{"rendered":"CLASSIC WORLD EDU Tr\u00e4vattenvagn + slang"},"content":{"rendered":"<p>Den tr\u00e4vattenvagnen fr\u00e5n det v\u00e4lk\u00e4nda varum\u00e4rket CLASSIC WORLD EDU har utformats f\u00f6r barn som l\u00e4r sig att arbeta i tr\u00e4dg\u00e5rden \u2013 vagnen \u00e4r ett utm\u00e4rkt redskap f\u00f6r b\u00e4rbar vattning. Vattnet rinner genom en flexibel slang, vilket g\u00f6r det enkelt f\u00f6r barnen att vattna v\u00e4xterna. Sm\u00e5 barn \u00e4lskar att leka med vatten, och n\u00e4r det kombineras med att l\u00e4ra sig om naturen och utveckla ansvarsk\u00e4nsla blir det b\u00e5de intressant och pedagogiskt roligt.<br \/>\nEgenskaper:<br \/>\n* &#8211; Stark tr\u00e4konstruktion<br \/>\n* &#8211; Praktiska flexibla vattenledande slangar med ett system f\u00f6r att st\u00e4nga av vattencirkulationen<br \/>\n* &#8211; Handtag p\u00e5 66 cm h\u00f6jd<br \/>\n* &#8211; Att ta hand om v\u00e4xter l\u00e4r barn omsorg, ansvar och st\u00f6der deras allm\u00e4nna utveckling<br \/>\n* &#8211; Fr\u00e5n den speciella EDU-serien<br \/>\nLeksaken utvecklar:<\/p>\n<p>* &#8211; kommunikations- och samarbetsf\u00f6rm\u00e5ga<br \/>\n* &#8211; mod och sj\u00e4lvf\u00f6rtroende<br \/>\n* &#8211; kunskap om v\u00e4xter<br \/>\n* &#8211; ansvarsk\u00e4nsla<\/p>\n<p>Eko-leksaker \u00e4r designade f\u00f6r de yngsta barnen och \u00e4r tillverkade av helt naturliga, biologiskt nedbrytbara och allergiv\u00e4nliga material, vilket g\u00f6r dem 100 % s\u00e4kra och ofarliga, inte bara f\u00f6r milj\u00f6n utan ocks\u00e5 f\u00f6r ditt barn.<\/p>\n","protected":false},"excerpt":{"rendered":"<p>Den tr\u00e4vattenvagnen fr\u00e5n det v\u00e4lk\u00e4nda varum\u00e4rket CLASSIC WORLD EDU har utformats f\u00f6r barn som l\u00e4r sig att arbeta i tr\u00e4dg\u00e5rden \u2013 vagnen \u00e4r ett utm\u00e4rkt redskap f\u00f6r b\u00e4rbar vattning. Vattnet rinner genom en flexibel slang, vilket g\u00f6r det enkelt f\u00f6r barnen att vattna v\u00e4xterna. Sm\u00e5 barn \u00e4lskar att leka med vatten, och n\u00e4r det kombineras [&hellip;]<\/p>\n","protected":false},"featured_media":0,"comment_status":"open","ping_status":"closed","template":"","meta":[],"product_brand":[],"product_cat":[33],"product_tag":[],"class_list":{"0":"post-11023","1":"product","2":"type-product","3":"status-publish","5":"product_cat-okategoriserad","7":"first","8":"instock","9":"shipping-taxable","10":"purchasable","11":"product-type-simple"},"_links":{"self":[{"href":"https:\/\/nordicmart.andreevmaster.com\/sv\/wp-json\/wp\/v2\/product\/11023","targetHints":{"allow":["GET"]}}],"collection":[{"href":"https:\/\/nordicmart.andreevmaster.com\/sv\/wp-json\/wp\/v2\/product"}],"about":[{"href":"https:\/\/nordicmart.andreevmaster.com\/sv\/wp-json\/wp\/v2\/types\/product"}],"replies":[{"embeddable":true,"href":"https:\/\/nordicmart.andreevmaster.com\/sv\/wp-json\/wp\/v2\/comments?post=11023"}],"wp:attachment":[{"href":"https:\/\/nordicmart.andreevmaster.com\/sv\/wp-json\/wp\/v2\/media?parent=11023"}],"wp:term":[{"taxonomy":"product_brand","embeddable":true,"href":"https:\/\/nordicmart.andreevmaster.com\/sv\/wp-json\/wp\/v2\/product_brand?post=11023"},{"taxonomy":"product_cat","embeddable":true,"href":"https:\/\/nordicmart.andreevmaster.com\/sv\/wp-json\/wp\/v2\/product_cat?post=11023"},{"taxonomy":"product_tag","embeddable":true,"href":"https:\/\/nordicmart.andreevmaster.com\/sv\/wp-json\/wp\/v2\/product_tag?post=11023"}],"curies":[{"name":"wp","href":"https:\/\/api.w.org\/{rel}","templated":true}]}}